{"id":14,"date":"2019-10-11T19:24:11","date_gmt":"2019-10-11T23:24:11","guid":{"rendered":"https:\/\/recherche.uqac.ca\/cer\/?page_id=14"},"modified":"2024-10-08T10:26:39","modified_gmt":"2024-10-08T14:26:39","slug":"nouvelle-demande","status":"publish","type":"page","link":"https:\/\/recherche.uqac.ca\/cer\/nouvelle-demande\/","title":{"rendered":"Nouvelle demande d&rsquo;approbation"},"content":{"rendered":"<p><span style=\"color: #ff0000;\"><span style=\"color: #000000;\"><strong>FORMATION OBLIGATOIRE<em><br \/>\n<\/em><\/strong>Toute personne qui fait une demande d\u2019approbation \u00e9thique <strong>pour la premi\u00e8re fois<\/strong> aupr\u00e8s du CER-UQAC doit compl\u00e9ter la <\/span><span style=\"color: #008000;\"><strong><span style=\"text-decoration: underline;\"><a style=\"color: #008000; text-decoration: underline;\" href=\"http:\/\/eptc2fer.ca\/welcome\" target=\"_blank\"><em>Formation <\/em><\/a><\/span><\/strong><\/span><\/span><span style=\"color: #008000;\"><strong><span style=\"text-decoration: underline;\"><a style=\"color: #008000; text-decoration: underline;\" href=\"http:\/\/eptc2fer.ca\/welcome\" target=\"_blank\"><em>en \u00e9thique de la recherche (FER)<\/em><\/a><\/span><\/strong><\/span><span style=\"color: #ff0000;\"><span style=\"color: #000000;\"> et fournir une copie du certificat d\u2019ach\u00e8vement qu\u2019elle aura obtenu.\u00a0 <\/span><\/span><\/p>\n<p><strong>D\u00c9POSER UNE DEMANDE<br \/>\n<\/strong>Pour faire une demande d&rsquo;approbation \u00e9thique, une demande de reconnaissance d&rsquo;un certificat obtenu dans une autre institution ou pour obtenir une exemption, vous devez acc\u00e9der \u00e0 la plateforme\u00a0<span style=\"color: #008000;\"><em><a style=\"color: #008000;\" href=\"https:\/\/nagano.uqac.ca\/\" target=\"_blank\"><strong><span style=\"text-decoration: underline;\">Nagano<\/span><\/strong><\/a><\/em><\/span>.<strong><br \/>\n<\/strong>Dans le cas d&rsquo;une demande d&rsquo;approbation \u00e9thique, il est essentiel de\u00a0remplir le formulaire dans Nagano\u00a0au plus tard \u00e0 la date du jour du d\u00e9p\u00f4t indiqu\u00e9e\u00a0au <a href=\"https:\/\/www.uqac.ca\/drc-docs\/site-cer\/calendrier-cer-diffusion.pdf\" target=\"_blank\">Calendrier<\/a>. \u00a0Advenant que le dossier d\u2019approbation ne soit pas achemin\u00e9 dans les d\u00e9lais prescrits au calendrier des r\u00e9unions \u00ab\u00a0Dates limites de r\u00e9ception des demandes d\u2019approbation \u00e9thique\u00a0\u00bb, le dossier sera \u00e9valu\u00e9 par le comit\u00e9 \u00e0 la r\u00e9union subs\u00e9quente.<strong><br \/>\n<\/strong><\/p>\n<p><strong>Documents utiles<br \/>\n<\/strong><\/p>\n<p>En plus des outils de recrutement (lettre, affiche, annonce, etc.) et de collecte de donn\u00e9es (questionnaire, tests, grille d&rsquo;entrevue, etc.) que vous devrez d\u00e9poser dans Nagano, voici quelques autres documents-types qui vous seront utiles:<\/p>\n<ol style=\"color: #555856;\">\n<li><span style=\"color: #008000;\"><a style=\"color: #008000;\" href=\"https:\/\/www.uqac.ca\/drc-docs\/site-cer\/declaration-honneur.doc\">D\u00e9claration(s) d\u2019honneur<\/a><\/span><\/li>\n<li><a href=\"https:\/\/recherche.uqac.ca\/cer\/wp-content\/uploads\/sites\/10\/2021\/07\/Annonce-type_InfolettreUQAC.docx\" target=\"_blank\">Annonce-type &#8211; Infolettre UQAC<\/a><\/li>\n<li><a href=\"https:\/\/recherche.uqac.ca\/cer\/wp-content\/uploads\/sites\/10\/2021\/07\/Affiche-type20211.docx\" target=\"_blank\">Affiche-type<\/a>\u00a0(ou lettre de recrutement).\u00a0Le chercheur peut aussi utiliser un canevas graphique qu&rsquo;il personnalise si les informations qu&rsquo;il comporte reprenne celles de l&rsquo;affiche-type propos\u00e9e.<\/li>\n<li>Formulaire d&rsquo;information et de consentement (FIC)\n<ol>\n<li>Mod\u00e8le\u00a0\u00a0de FIC\u00a0\u00e9crit pour un\u00a0<a href=\"https:\/\/recherche.uqac.ca\/cer\/wp-content\/uploads\/sites\/10\/2019\/10\/Modele_FIC_042019.docx\">adulte<\/a> ou pour un\u00a0<a href=\"https:\/\/recherche.uqac.ca\/cer\/wp-content\/uploads\/sites\/10\/2019\/10\/Modele_FIC_parents-enfants_042019.docx\">enfant<\/a><\/li>\n<li>Mod\u00e8le de FIC\u00a0<a href=\"https:\/\/recherche.uqac.ca\/cer\/wp-content\/uploads\/sites\/10\/2019\/10\/Modele_FIC_electronique_042019.docx\">\u00e9lectronique<\/a><\/li>\n<li>Mod\u00e8le de FIC\u00a0<a href=\"https:\/\/www.uqac.ca\/drc-docs\/site-cer\/fic-verbal.docx\" target=\"_blank\">verbal<\/a><\/li>\n<\/ol>\n<\/li>\n<li><a href=\"https:\/\/www.uqac.ca\/drc-docs\/site-cer\/eval-scienti.docx\" target=\"_blank\">Lettre certifiant le contenu scientifique du projet de recherche<\/a>\n<ol style=\"color: #555856;\">\n<li>Pour l\u2019\u00e9tudiant, cette lettre sera sign\u00e9e par le directeur de recherche.<\/li>\n<li>Pour le professeur, cette lettre sera sign\u00e9e par un pair provenant du m\u00eame domaine de recherche.<\/li>\n<\/ol>\n<\/li>\n<\/ol>\n<p><strong>\u00c9valuation d&rsquo;une demande d&rsquo;approbation \u00e9thique<\/strong><\/p>\n<p style=\"color: #555856;\">Le\u00a0CER proc\u00e8de \u00e0 l\u2019\u00e9valuation du dossier avec diligence. En g\u00e9n\u00e9ral, une r\u00e9ponse \u00e9crite est envoy\u00e9e au responsable du projet dans les trente (30) jours qui suivent la tenue de la r\u00e9union. En aucun cas, l\u2019Universit\u00e9, ou le CER, ne pourront \u00eatre tenus responsables de cons\u00e9quences reli\u00e9es, de pr\u00e8s ou de loin, au temps qui aura \u00e9t\u00e9 requis par l\u2019\u00e9valuation \u00e9thique d\u2019un projet, et du r\u00e9sultat de cette \u00e9valuation.<\/p>\n<p style=\"color: #555856;\">Suite \u00e0 l\u2019\u00e9valuation du CER, le responsable du projet de recherche doit tenir compte des commentaires \u00e9mis et effectuer les modifications n\u00e9cessaires pour obtenir son approbation \u00e9thique avant de commencer ses activit\u00e9s de recherche aupr\u00e8s des participants. Il est fortement sugg\u00e9r\u00e9 aux responsables de projet de recherche de d\u00e9poser\u00a0leur demande d&rsquo;approbation \u00e9thique <strong><em>au moins deux mois avant le d\u00e9but du recrutement des participants<\/em><\/strong>.<\/p>\n","protected":false},"excerpt":{"rendered":"<p>FORMATION OBLIGATOIRE Toute personne qui fait une demande d\u2019approbation \u00e9thique pour la premi\u00e8re fois aupr\u00e8s du CER-UQAC doit compl\u00e9ter la Formation en \u00e9thique de la recherche (FER) et fournir une copie du certificat d\u2019ach\u00e8vement qu\u2019elle aura obtenu.\u00a0 D\u00c9POSER UNE DEMANDE Pour faire une demande d&rsquo;approbation \u00e9thique, une demande de reconnaissance d&rsquo;un certificat obtenu dans une &hellip; <a href=\"https:\/\/recherche.uqac.ca\/cer\/nouvelle-demande\/\" class=\"more-link\">Continuer la lecture de <span class=\"screen-reader-text\">Nouvelle demande d&rsquo;approbation<\/span>  <span class=\"meta-nav\">&rarr;<\/span><\/a><\/p>\n","protected":false},"author":22,"featured_media":0,"parent":0,"menu_order":0,"comment_status":"closed","ping_status":"closed","template":"","meta":{"footnotes":""},"_links":{"self":[{"href":"https:\/\/recherche.uqac.ca\/cer\/wp-json\/wp\/v2\/pages\/14"}],"collection":[{"href":"https:\/\/recherche.uqac.ca\/cer\/wp-json\/wp\/v2\/pages"}],"about":[{"href":"https:\/\/recherche.uqac.ca\/cer\/wp-json\/wp\/v2\/types\/page"}],"author":[{"embeddable":true,"href":"https:\/\/recherche.uqac.ca\/cer\/wp-json\/wp\/v2\/users\/22"}],"replies":[{"embeddable":true,"href":"https:\/\/recherche.uqac.ca\/cer\/wp-json\/wp\/v2\/comments?post=14"}],"version-history":[{"count":20,"href":"https:\/\/recherche.uqac.ca\/cer\/wp-json\/wp\/v2\/pages\/14\/revisions"}],"predecessor-version":[{"id":135,"href":"https:\/\/recherche.uqac.ca\/cer\/wp-json\/wp\/v2\/pages\/14\/revisions\/135"}],"wp:attachment":[{"href":"https:\/\/recherche.uqac.ca\/cer\/wp-json\/wp\/v2\/media?parent=14"}],"curies":[{"name":"wp","href":"https:\/\/api.w.org\/{rel}","templated":true}]}}