{"id":16,"date":"2019-10-11T19:24:26","date_gmt":"2019-10-11T23:24:26","guid":{"rendered":"https:\/\/recherche.uqac.ca\/cer\/?page_id=16"},"modified":"2019-11-05T10:49:58","modified_gmt":"2019-11-05T15:49:58","slug":"renouvellement","status":"publish","type":"page","link":"https:\/\/recherche.uqac.ca\/cer\/renouvellement\/","title":{"rendered":"Renouvellement"},"content":{"rendered":"<p><span style=\"color: #000000;\">Il est de la responsabilit\u00e9 du chercheur de toujours d\u00e9tenir une approbation \u00e9thique valide, et ce, tout au long de la recherche.<\/span><\/p>\n<p>Avant la date d\u2019\u00e9ch\u00e9ance de votre approbation \u00e9thique, vous devrez faire parvenir au comit\u00e9 une <strong>demande de renouvellement<\/strong>, en utilisant le formulaire\u00a0pr\u00e9vu \u00e0 cette fin sur la plateforme <span style=\"color: #008000;\"><strong><em><span style=\"text-decoration: underline;\"><a style=\"color: #008000; text-decoration: underline;\" href=\"https:\/\/nagano.uqac.ca\" target=\"_blank\">Nagano<\/a><\/span><\/em><\/strong><\/span>.<\/p>\n<p style=\"color: #555856;\">Si votre projet de recherche est termin\u00e9, veuillez en informer le comit\u00e9 dans les plus brefs d\u00e9lais en remplissant un <a href=\"https:\/\/recherche.uqac.ca\/cer\/fermeture-dune-approbation\/\">rapport final<\/a>.<\/p>\n<p style=\"color: #555856;\">Les demandes de\u00a0renouvellement font l\u2019objet d\u2019une \u00e9valuation acc\u00e9l\u00e9r\u00e9e en comit\u00e9 restreint. Le responsable peut transmettre en tout temps sa demande de\u00a0renouvellement au CER-UQAC. G\u00e9n\u00e9ralement, la d\u00e9cision \u00e9crite du comit\u00e9 est remise au chercheur dans les\u00a0trente (30)\u00a0jours qui suivent le d\u00e9p\u00f4t de sa demande.<\/p>\n","protected":false},"excerpt":{"rendered":"<p>Il est de la responsabilit\u00e9 du chercheur de toujours d\u00e9tenir une approbation \u00e9thique valide, et ce, tout au long de la recherche. Avant la date d\u2019\u00e9ch\u00e9ance de votre approbation \u00e9thique, vous devrez faire parvenir au comit\u00e9 une demande de renouvellement, en utilisant le formulaire\u00a0pr\u00e9vu \u00e0 cette fin sur la plateforme Nagano. Si votre projet de &hellip; <a href=\"https:\/\/recherche.uqac.ca\/cer\/renouvellement\/\" class=\"more-link\">Continuer la lecture de <span class=\"screen-reader-text\">Renouvellement<\/span>  <span class=\"meta-nav\">&rarr;<\/span><\/a><\/p>\n","protected":false},"author":22,"featured_media":0,"parent":0,"menu_order":0,"comment_status":"closed","ping_status":"closed","template":"","meta":{"footnotes":""},"_links":{"self":[{"href":"https:\/\/recherche.uqac.ca\/cer\/wp-json\/wp\/v2\/pages\/16"}],"collection":[{"href":"https:\/\/recherche.uqac.ca\/cer\/wp-json\/wp\/v2\/pages"}],"about":[{"href":"https:\/\/recherche.uqac.ca\/cer\/wp-json\/wp\/v2\/types\/page"}],"author":[{"embeddable":true,"href":"https:\/\/recherche.uqac.ca\/cer\/wp-json\/wp\/v2\/users\/22"}],"replies":[{"embeddable":true,"href":"https:\/\/recherche.uqac.ca\/cer\/wp-json\/wp\/v2\/comments?post=16"}],"version-history":[{"count":6,"href":"https:\/\/recherche.uqac.ca\/cer\/wp-json\/wp\/v2\/pages\/16\/revisions"}],"predecessor-version":[{"id":151,"href":"https:\/\/recherche.uqac.ca\/cer\/wp-json\/wp\/v2\/pages\/16\/revisions\/151"}],"wp:attachment":[{"href":"https:\/\/recherche.uqac.ca\/cer\/wp-json\/wp\/v2\/media?parent=16"}],"curies":[{"name":"wp","href":"https:\/\/api.w.org\/{rel}","templated":true}]}}