{"id":2,"date":"2019-10-10T16:51:47","date_gmt":"2019-10-10T15:51:47","guid":{"rendered":"https:\/\/recherche.uqac.ca\/cer\/?page_id=2"},"modified":"2024-08-20T14:00:37","modified_gmt":"2024-08-20T18:00:37","slug":"page-d-exemple","status":"publish","type":"page","link":"https:\/\/recherche.uqac.ca\/cer\/","title":{"rendered":"Accueil"},"content":{"rendered":"<hr \/>\n<p><strong>Bienvenue sur le site Web du CER-UQAC!<\/strong><\/p>\n<hr \/>\n<p>L\u2019Universit\u00e9 du Qu\u00e9bec \u00e0 Chicoutimi exige que <strong>TOUTE<\/strong> recherche, impliquant la participation d\u2019\u00eatres humains, qu\u2019elle soit financ\u00e9e ou non, conduite ou supervis\u00e9e par ses professeurs, employ\u00e9s et \u00e9tudiants, soit \u00e9valu\u00e9e au plan de l&rsquo;\u00e9thique.<\/p>\n<p>Le Comit\u00e9 d\u2019\u00e9thique de la recherche de l\u2019Universit\u00e9 du Qu\u00e9bec \u00e0 Chicoutimi (CER-UQAC) est le comit\u00e9 \u00e0 qui l\u2019Universit\u00e9 a d\u00e9l\u00e9gu\u00e9 l\u2019autorit\u00e9 d\u2019appliquer la <span style=\"color: #008000;\"><em><strong><a style=\"color: #008000;\" href=\"https:\/\/www.uqac.ca\/mgestion\/chapitre-3\/reglement-relatif-a-la-recherche-et-a-la-creation\/politique-dethique-de-la-recherche-avec-des-etres-humains\/\" target=\"_blank\">Politique d\u2019\u00e9thique de la recherche avec des \u00eatres humains<\/a><\/strong><\/em><\/span>\u00a0laquelle est adopt\u00e9e par le Conseil d\u2019administration de l\u2019institution. Cette politique veut avant tout guider le chercheur dans la gestion de la dimension \u00e9thique de ses activit\u00e9s et s\u2019assurer que les sujets humains participant \u00e0 la recherche soient prot\u00e9g\u00e9s par une reconnaissance de leurs droits reconnus. La proc\u00e9dure d\u2019\u00e9valuation \u00e9thique des projets qu\u2019elle \u00e9nonce dote les chercheurs et l\u2019Universit\u00e9 d\u2019un cadre quant \u00e0 l\u2019exercice de leurs responsabilit\u00e9s respectives. La mise en application de cette politique et de son cadre normatif se fait avant tout dans un esprit favorisant les initiatives de formation et de sensibilisation \u00e0 l\u2019\u00e9thique de la recherche avec des \u00eatres humains.<\/p>\n<p>Pour appliquer cette politique, l\u2019Universit\u00e9 adh\u00e8re \u00e0 l&rsquo;<span style=\"color: #008000;\"><em><strong><a style=\"color: #008000; text-decoration: underline;\" href=\"https:\/\/ethics.gc.ca\/fra\/documents\/tcps2-2022-fr.pdf\" target=\"_blank\">\u00c9nonc\u00e9 de politique des trois Conseils: \u00c9thique de la recherche avec des \u00eatres humains<\/a><\/strong><\/em><\/span><span style=\"color: #333333;\">\u00a0(<span style=\"color: #000000;\">EPTC2-2022<\/span>)<\/span>,\u00a0publi\u00e9 par le Groupe consultatif interagences en \u00e9thique de la recherche du Canada (GER). Cet \u00e9nonc\u00e9 constitue le point de r\u00e9f\u00e9rence du comit\u00e9 responsable de l\u2019\u00e9valuation \u00e9thique de la recherche. L\u2019objet de la Politique est d\u2019\u00e9noncer des principes pour guider, sur le plan \u00e9thique, l\u2019\u00e9laboration, la r\u00e9alisation et le processus d\u2019\u00e9valuation des projets de recherche avec des \u00eatres humains.<\/p>\n<p><strong>Pour rejoindre le CER-UQAC :<\/strong><br \/>\nT\u00e9l\u00e9phone : 418-545-5011, poste 4704<br \/>\nCourrier \u00e9lectronique :\u00a0<a href=\"mailto:cer@uqac.ca\" target=\"_blank\">cer@uqac.ca<\/a><\/p>\n","protected":false},"excerpt":{"rendered":"<p>Bienvenue sur le site Web du CER-UQAC! L\u2019Universit\u00e9 du Qu\u00e9bec \u00e0 Chicoutimi exige que TOUTE recherche, impliquant la participation d\u2019\u00eatres humains, qu\u2019elle soit financ\u00e9e ou non, conduite ou supervis\u00e9e par ses professeurs, employ\u00e9s et \u00e9tudiants, soit \u00e9valu\u00e9e au plan de l&rsquo;\u00e9thique. Le Comit\u00e9 d\u2019\u00e9thique de la recherche de l\u2019Universit\u00e9 du Qu\u00e9bec \u00e0 Chicoutimi (CER-UQAC) est &hellip; <a href=\"https:\/\/recherche.uqac.ca\/cer\/\" class=\"more-link\">Continuer la lecture de <span class=\"screen-reader-text\">Accueil<\/span>  <span class=\"meta-nav\">&rarr;<\/span><\/a><\/p>\n","protected":false},"author":4,"featured_media":0,"parent":0,"menu_order":1,"comment_status":"closed","ping_status":"open","template":"","meta":{"footnotes":""},"_links":{"self":[{"href":"https:\/\/recherche.uqac.ca\/cer\/wp-json\/wp\/v2\/pages\/2"}],"collection":[{"href":"https:\/\/recherche.uqac.ca\/cer\/wp-json\/wp\/v2\/pages"}],"about":[{"href":"https:\/\/recherche.uqac.ca\/cer\/wp-json\/wp\/v2\/types\/page"}],"author":[{"embeddable":true,"href":"https:\/\/recherche.uqac.ca\/cer\/wp-json\/wp\/v2\/users\/4"}],"replies":[{"embeddable":true,"href":"https:\/\/recherche.uqac.ca\/cer\/wp-json\/wp\/v2\/comments?post=2"}],"version-history":[{"count":23,"href":"https:\/\/recherche.uqac.ca\/cer\/wp-json\/wp\/v2\/pages\/2\/revisions"}],"predecessor-version":[{"id":408,"href":"https:\/\/recherche.uqac.ca\/cer\/wp-json\/wp\/v2\/pages\/2\/revisions\/408"}],"wp:attachment":[{"href":"https:\/\/recherche.uqac.ca\/cer\/wp-json\/wp\/v2\/media?parent=2"}],"curies":[{"name":"wp","href":"https:\/\/api.w.org\/{rel}","templated":true}]}}