{"id":21,"date":"2019-10-11T19:25:53","date_gmt":"2019-10-11T23:25:53","guid":{"rendered":"https:\/\/recherche.uqac.ca\/cer\/?page_id=21"},"modified":"2019-11-05T10:41:57","modified_gmt":"2019-11-05T15:41:57","slug":"modification-dune-approbation","status":"publish","type":"page","link":"https:\/\/recherche.uqac.ca\/cer\/modification-dune-approbation\/","title":{"rendered":"Modification"},"content":{"rendered":"<p><span style=\"color: #000000;\">Certaines recherches \u00e9voluent tout au long de leur d\u00e9roulement. Les responsables de projets de recherche ont la responsabilit\u00e9 d\u2019informer le Comit\u00e9 d\u2019\u00e9thique de la recherche de l&rsquo;UQAC (CER-UQAC) de tout changement apport\u00e9 au formulaire de consentement ou au protocole d\u2019exp\u00e9rimentation ou, selon le cas, \u00e0 la m\u00e9thode de collecte ou de traitement des donn\u00e9es.<\/span><\/p>\n<p>\u00c0 titre indicatif, l\u2019autorisation du comit\u00e9 est requise dans les situations suivantes\u00a0:<\/p>\n<ol style=\"color: #555856;\">\n<li>Modifications apport\u00e9es aux m\u00e9thodes et aux proc\u00e9dures de recherche.<\/li>\n<li>Ajout de sites pour la cueillette de donn\u00e9es.<\/li>\n<li>Modifications au formulaire d\u2019information et de consentement.<\/li>\n<li>Modifications apport\u00e9es au mode de recrutement des participants.<\/li>\n<\/ol>\n<p style=\"color: #555856;\"><strong>D\u00c9POSER UNE DEMANDE DE MODIFICATION<em><br \/>\n<\/em><\/strong><\/p>\n<p style=\"color: #555856;\">Pour faire une demande de modification \u00e0 votre projet, vous devez acc\u00e9der \u00e0 la plateforme\u00a0<span style=\"color: #008000;\"><em><a style=\"color: #008000;\" href=\"https:\/\/nagano.uqac.ca\/\" target=\"_blank\"><strong><span style=\"text-decoration: underline;\">Nagano<\/span><\/strong><\/a><\/em><\/span><span style=\"color: #808080;\"> .<\/span><\/p>\n<p style=\"color: #555856;\"><span style=\"color: #ff0000;\"><strong>Dans le cas du retrait d&rsquo;un cochercheur ou d\u2019un directeur\/codirecteur<\/strong><\/span>\u00a0 d\u2019un projet de recherche sous certification \u00e9thique,\u00a0il\u00a0est n\u00e9cessaire de d\u00e9poser au CER un\u00a0 des documents suivants:<br \/>\n<strong>Pour un cochercheur\u00a0<\/strong>: un courriel de la personne qui se retire devra \u00eatre joint \u00e0 la demande de modification.<br \/>\n<strong>Pour un directeur\/codirecteur\u00a0<\/strong>: le formulaire de changement et de cessation de direction du D\u00e9canat des \u00e9tudes d\u00fbment rempli devra \u00eatre joint \u00e0 la demande de modification.<\/p>\n<h5 style=\"color: #555856;\"><strong>Processus d&rsquo;\u00e9valuation<\/strong><\/h5>\n<p style=\"color: #555856;\">Les demandes de modification font l\u2019objet d\u2019une \u00e9valuation acc\u00e9l\u00e9r\u00e9e en comit\u00e9 restreint. Ce dernier \u00e9value la port\u00e9e des changements ainsi que les cons\u00e9quences pour les participants \u00e0 la recherche. Le responsable peut\u00a0remplir\u00a0sa demande de modification en tout temps sur la plateforme <a href=\"https:\/\/nagano.uqac.ca\/login\" target=\"_blank\">Nagano<\/a>. G\u00e9n\u00e9ralement, la d\u00e9cision \u00e9crite du comit\u00e9 est remise au chercheur dans les\u00a0trente (30) jours qui suivent le d\u00e9p\u00f4t de sa demande.<\/p>\n","protected":false},"excerpt":{"rendered":"<p>Certaines recherches \u00e9voluent tout au long de leur d\u00e9roulement. Les responsables de projets de recherche ont la responsabilit\u00e9 d\u2019informer le Comit\u00e9 d\u2019\u00e9thique de la recherche de l&rsquo;UQAC (CER-UQAC) de tout changement apport\u00e9 au formulaire de consentement ou au protocole d\u2019exp\u00e9rimentation ou, selon le cas, \u00e0 la m\u00e9thode de collecte ou de traitement des donn\u00e9es. \u00c0 &hellip; <a href=\"https:\/\/recherche.uqac.ca\/cer\/modification-dune-approbation\/\" class=\"more-link\">Continuer la lecture de <span class=\"screen-reader-text\">Modification<\/span>  <span class=\"meta-nav\">&rarr;<\/span><\/a><\/p>\n","protected":false},"author":22,"featured_media":0,"parent":0,"menu_order":0,"comment_status":"closed","ping_status":"closed","template":"","meta":{"footnotes":""},"_links":{"self":[{"href":"https:\/\/recherche.uqac.ca\/cer\/wp-json\/wp\/v2\/pages\/21"}],"collection":[{"href":"https:\/\/recherche.uqac.ca\/cer\/wp-json\/wp\/v2\/pages"}],"about":[{"href":"https:\/\/recherche.uqac.ca\/cer\/wp-json\/wp\/v2\/types\/page"}],"author":[{"embeddable":true,"href":"https:\/\/recherche.uqac.ca\/cer\/wp-json\/wp\/v2\/users\/22"}],"replies":[{"embeddable":true,"href":"https:\/\/recherche.uqac.ca\/cer\/wp-json\/wp\/v2\/comments?post=21"}],"version-history":[{"count":6,"href":"https:\/\/recherche.uqac.ca\/cer\/wp-json\/wp\/v2\/pages\/21\/revisions"}],"predecessor-version":[{"id":148,"href":"https:\/\/recherche.uqac.ca\/cer\/wp-json\/wp\/v2\/pages\/21\/revisions\/148"}],"wp:attachment":[{"href":"https:\/\/recherche.uqac.ca\/cer\/wp-json\/wp\/v2\/media?parent=21"}],"curies":[{"name":"wp","href":"https:\/\/api.w.org\/{rel}","templated":true}]}}