{"id":25,"date":"2019-10-11T19:30:56","date_gmt":"2019-10-11T23:30:56","guid":{"rendered":"https:\/\/recherche.uqac.ca\/cer\/?page_id=25"},"modified":"2024-08-20T14:03:54","modified_gmt":"2024-08-20T18:03:54","slug":"fermeture-dune-approbation","status":"publish","type":"page","link":"https:\/\/recherche.uqac.ca\/cer\/fermeture-dune-approbation\/","title":{"rendered":"Fermeture"},"content":{"rendered":"<p><span style=\"color: #ff0000;\"><span style=\"color: #000000;\">L&rsquo;<\/span><span style=\"color: #333333;\">\u00c9nonc\u00e9 de politique des trois Conseils: \u00c9thique de la recherche avec des \u00eatres humains <strong>(<\/strong><\/span><\/span><a href=\"https:\/\/ethics.gc.ca\/fra\/policy-politique_tcps2-eptc2_2022.html\" target=\"_blank\"><span style=\"color: #008000;\"><em><span style=\"text-decoration: underline;\"><strong>EPTC 2<\/strong><\/span><\/em><span style=\"color: #333333;\"><strong>) <\/strong><\/span><\/span><\/a><span style=\"color: #ff0000;\"><span style=\"color: #000000;\">exige qu&rsquo;un<\/span><span style=\"color: #333333;\"> rapport <\/span><span style=\"color: #000000;\"><span style=\"color: #333333;\">final<\/span> soit produit pour signifier au Comit\u00e9 d&rsquo;\u00e9thique de la recherche la fin de votre projet ce qui permettra la fermeture de votre dossier \u00e9thique.<\/span><\/span><\/p>\n<p>Vous devez acc\u00e9der \u00e0 la plateforme\u00a0<span style=\"color: #008000;\"><em><strong><span style=\"text-decoration: underline;\"><a style=\"color: #008000; text-decoration: underline;\" href=\"https:\/\/nagano.uqac.ca\/\" target=\"_blank\">Nagano<\/a><\/span><\/strong><\/em><\/span> pour produire votre rapport final.<\/p>\n","protected":false},"excerpt":{"rendered":"<p>L&rsquo;\u00c9nonc\u00e9 de politique des trois Conseils: \u00c9thique de la recherche avec des \u00eatres humains (EPTC 2) exige qu&rsquo;un rapport final soit produit pour signifier au Comit\u00e9 d&rsquo;\u00e9thique de la recherche la fin de votre projet ce qui permettra la fermeture de votre dossier \u00e9thique. Vous devez acc\u00e9der \u00e0 la plateforme\u00a0Nagano pour produire votre rapport final.<\/p>\n","protected":false},"author":22,"featured_media":0,"parent":0,"menu_order":0,"comment_status":"closed","ping_status":"closed","template":"","meta":{"footnotes":""},"_links":{"self":[{"href":"https:\/\/recherche.uqac.ca\/cer\/wp-json\/wp\/v2\/pages\/25"}],"collection":[{"href":"https:\/\/recherche.uqac.ca\/cer\/wp-json\/wp\/v2\/pages"}],"about":[{"href":"https:\/\/recherche.uqac.ca\/cer\/wp-json\/wp\/v2\/types\/page"}],"author":[{"embeddable":true,"href":"https:\/\/recherche.uqac.ca\/cer\/wp-json\/wp\/v2\/users\/22"}],"replies":[{"embeddable":true,"href":"https:\/\/recherche.uqac.ca\/cer\/wp-json\/wp\/v2\/comments?post=25"}],"version-history":[{"count":8,"href":"https:\/\/recherche.uqac.ca\/cer\/wp-json\/wp\/v2\/pages\/25\/revisions"}],"predecessor-version":[{"id":410,"href":"https:\/\/recherche.uqac.ca\/cer\/wp-json\/wp\/v2\/pages\/25\/revisions\/410"}],"wp:attachment":[{"href":"https:\/\/recherche.uqac.ca\/cer\/wp-json\/wp\/v2\/media?parent=25"}],"curies":[{"name":"wp","href":"https:\/\/api.w.org\/{rel}","templated":true}]}}