{"id":33,"date":"2019-10-11T19:48:39","date_gmt":"2019-10-11T23:48:39","guid":{"rendered":"https:\/\/recherche.uqac.ca\/cer\/?page_id=33"},"modified":"2024-06-04T12:14:20","modified_gmt":"2024-06-04T16:14:20","slug":"exemption-devaluation","status":"publish","type":"page","link":"https:\/\/recherche.uqac.ca\/cer\/exemption-devaluation\/","title":{"rendered":"Exemption d&rsquo;\u00e9valuation"},"content":{"rendered":"<p style=\"color: #000000;\"><strong>Exemption d&rsquo;\u00e9valuation \u00e9thique<\/strong><\/p>\n<p>Certaines recherches impliquant des \u00eatres humains\u00a0sont exempt\u00e9es de l&rsquo;\u00e9valuation des aspects \u00e9thiques par le Comit\u00e9 d&rsquo;\u00e9thique de la recherche (CER-UQAC).\u00a0Afin de vous assurer que votre projet est exempt\u00e9,\u00a0veuillez remplir une Demande d&rsquo;exemption dans la <strong><em><span style=\"text-decoration: underline;\"><span style=\"text-decoration: underline;\"><a style=\"text-decoration: underline;\" href=\"https:\/\/nagano.uqac.ca\/login\" target=\"_blank\">plateforme Web Nagano<\/a><\/span><\/span><\/em><\/strong>.<\/p>\n<p>Voici quelques exemples de recherche exempt\u00e9e.<\/p>\n<p>La recherche fond\u00e9e exclusivement sur de l&rsquo;information, des documents, des \u0153uvres, des repr\u00e9sentations, du mat\u00e9riel d&rsquo;archives ou des dossiers <strong><span style=\"color: #000000;\">accessibles au public<\/span><\/strong>.<\/p>\n<p>L&rsquo;observation de personnes dans des lieux publics ne n\u00e9cessite pas d&rsquo;\u00e9valuation par un CER-UQAC <strong>si les conditions suivantes sont r\u00e9unies<\/strong> :<\/p>\n<ul>\n<li>la recherche ne pr\u00e9voit pas d&rsquo;intervention planifi\u00e9e par le chercheur ni\u00a0d&rsquo;interaction directe avec des personnes ou des groupes;<\/li>\n<li>les personnes ou groupes vis\u00e9s par la recherche ne subissent pas d&rsquo;atteinte \u00e0\u00a0leur vie priv\u00e9e;<\/li>\n<li>aucune diffusion des r\u00e9sultats de la recherche ne permet d&rsquo;identifier des personnes en particulier.<\/li>\n<\/ul>\n<p>Les \u00e9tudes consacr\u00e9es \u00e0 l&rsquo;assurance de la qualit\u00e9 et \u00e0 l&rsquo;am\u00e9lioration de la qualit\u00e9, les activit\u00e9s d&rsquo;\u00e9valuation de programmes et les \u00e9valuations du rendement, ou encore les examens habituellement administr\u00e9s \u00e0 des personnes dans le contexte de programmes d&rsquo;enseignement, <strong>s&rsquo;ils servent exclusivement \u00e0 des fins d&rsquo;\u00e9valuation, de gestion ou d&rsquo;am\u00e9lioration<\/strong>, ne constituent pas de la recherche au sens de la Politique et ne rel\u00e8vent donc pas de la comp\u00e9tence des CER-UQAC.<\/p>\n<p>&nbsp;<\/p>\n","protected":false},"excerpt":{"rendered":"<p>Exemption d&rsquo;\u00e9valuation \u00e9thique Certaines recherches impliquant des \u00eatres humains\u00a0sont exempt\u00e9es de l&rsquo;\u00e9valuation des aspects \u00e9thiques par le Comit\u00e9 d&rsquo;\u00e9thique de la recherche (CER-UQAC).\u00a0Afin de vous assurer que votre projet est exempt\u00e9,\u00a0veuillez remplir une Demande d&rsquo;exemption dans la plateforme Web Nagano. Voici quelques exemples de recherche exempt\u00e9e. La recherche fond\u00e9e exclusivement sur de l&rsquo;information, des documents, &hellip; <a href=\"https:\/\/recherche.uqac.ca\/cer\/exemption-devaluation\/\" class=\"more-link\">Continuer la lecture de <span class=\"screen-reader-text\">Exemption d&rsquo;\u00e9valuation<\/span>  <span class=\"meta-nav\">&rarr;<\/span><\/a><\/p>\n","protected":false},"author":22,"featured_media":0,"parent":0,"menu_order":0,"comment_status":"closed","ping_status":"closed","template":"","meta":{"footnotes":""},"_links":{"self":[{"href":"https:\/\/recherche.uqac.ca\/cer\/wp-json\/wp\/v2\/pages\/33"}],"collection":[{"href":"https:\/\/recherche.uqac.ca\/cer\/wp-json\/wp\/v2\/pages"}],"about":[{"href":"https:\/\/recherche.uqac.ca\/cer\/wp-json\/wp\/v2\/types\/page"}],"author":[{"embeddable":true,"href":"https:\/\/recherche.uqac.ca\/cer\/wp-json\/wp\/v2\/users\/22"}],"replies":[{"embeddable":true,"href":"https:\/\/recherche.uqac.ca\/cer\/wp-json\/wp\/v2\/comments?post=33"}],"version-history":[{"count":4,"href":"https:\/\/recherche.uqac.ca\/cer\/wp-json\/wp\/v2\/pages\/33\/revisions"}],"predecessor-version":[{"id":405,"href":"https:\/\/recherche.uqac.ca\/cer\/wp-json\/wp\/v2\/pages\/33\/revisions\/405"}],"wp:attachment":[{"href":"https:\/\/recherche.uqac.ca\/cer\/wp-json\/wp\/v2\/media?parent=33"}],"curies":[{"name":"wp","href":"https:\/\/api.w.org\/{rel}","templated":true}]}}