{"id":37,"date":"2019-10-11T19:48:54","date_gmt":"2019-10-11T23:48:54","guid":{"rendered":"https:\/\/recherche.uqac.ca\/cer\/?page_id=37"},"modified":"2022-09-09T15:24:52","modified_gmt":"2022-09-09T19:24:52","slug":"entente-uqac-ciusss02","status":"publish","type":"page","link":"https:\/\/recherche.uqac.ca\/cer\/entente-uqac-ciusss02\/","title":{"rendered":"Entente UQAC et CIUSSS du SLSJ"},"content":{"rendered":"<p>\u00c0 la suite de la signature de l\u2019entente de collaboration intervenue le 28 juin 2012, les projets de recherche n\u00e9cessitant une \u00e9valuation au Centre int\u00e9gr\u00e9 universitaire de sant\u00e9 et de services sociaux du Saguenay-Lac-St-Jean (CIUSSS du SLSJ) ainsi qu\u2019\u00e0 l\u2019Universit\u00e9 du Qu\u00e9bec \u00e0 Chicoutimi (UQAC) sont \u00e9valu\u00e9s uniquement par le CIUSSS du SLSJ.<\/p>\n<p>L\u2019\u00e9valuation au CIUSSS du SLSJ comporte une \u00e9valuation scientifique et \u00e9thique et une \u00e9valuation de la convenance institutionnelle, suivie d\u2019une autorisation \u00e9mise par la personne formellement mandat\u00e9e responsable (PFM) permettant la r\u00e9alisation du projet dans les murs de l\u2019\u00e9tablissement. Le chercheur peut commencer un projet de recherche uniquement lorsqu\u2019il aura re\u00e7u l\u2019ensemble des \u00e9valuations, approbations et autorisation. Pour obtenir plus d\u2019informations sur la d\u00e9marche, veuillez contacter le Guichet unique du CIUSSS du SLSJ au 418\u00a0541-1234, p. 2369, <span style=\"text-decoration: underline;\"><a href=\"mailto:guichetunique.slsj@ssss.gouv.qc.ca\">guichetunique.slsj@ssss.gouv.qc.ca<\/a><\/span>.<\/p>\n<p><strong>\u00c9tapes \u00e0 suivre pour le d\u00e9p\u00f4t au CIUSSS du SLSJ d&rsquo;un projet provenant de l\u2019UQAC<\/strong><\/p>\n<p><strong>1- Faire une demande d\u2019\u00e9valuation au CIUSSS du SLSJ<\/strong><\/p>\n<p>Vous devez acc\u00e9der \u00e0 la <a href=\"https:\/\/slsj.nagano.ca\/\" target=\"_blank\">plateforme Nagano du CIUSSS du SLSJ<\/a> afin de remplir les formulaires utiles pour l\u2019\u00e9valuation.<\/p>\n<p><strong>2- Obtenir l\u2019autorisation de d\u00e9p\u00f4t du doyen<br \/>\n<\/strong><\/p>\n<p>Selon l\u2019entente, puisque les frais aff\u00e9rents \u00e0 l\u2019\u00e9valuation sont d\u00e9fray\u00e9s par l\u2019UQAC, toute demande d\u2019\u00e9valuation d\u00e9pos\u00e9e au CIUSSS du SLSJ, doit obligatoirement \u00eatre accompagn\u00e9e du formulaire\u00a0 <a href=\"https:\/\/www.uqac.ca\/drc-docs\/site-cer\/aut-depot-ciusss-slsj.docx\" target=\"_blank\"><strong>Autorisation de d\u00e9p\u00f4t d\u2019une demande de certification \u00e9thique<\/strong><\/a> sign\u00e9 par le doyen du D\u00e9canat de la recherche et de la cr\u00e9ation .<\/p>\n<p>Une fois le formulaire compl\u00e9t\u00e9, vous devez le faire parvenir par courriel au Comit\u00e9 d\u2019\u00e9thique de la recherche avec des \u00eatres humains de l\u2019UQAC (<em>CER-UQAC<\/em><a href=\"mailto:cer@uqac.ca\" target=\"_blank\"><span style=\"color: #000000;\">)<\/span><\/a> environ 5 jours avant la date de d\u00e9p\u00f4t des projets dans la plateforme Nagano du CIUSSS du SLSJ. Pour conna\u00eetre le calendrier, veuillez contacter le Guichet unique du CIUSSS du SLSJ au 418\u00a0541-1234, p. 2369, <span style=\"text-decoration: underline;\"><a href=\"mailto:guichetunique.slsj@ssss.gouv.qc.ca\" target=\"_blank\">guichetunique.slsj@ssss.gouv.qc.ca<\/a><\/span><span style=\"color: #000000;\"><a style=\"color: #000000;\" href=\"mailto:guichetunique.slsj@ssss.gouv.qc.ca\">. <\/a><\/span><\/p>\n<p><span style=\"color: #000000;\">Le formulaire sign\u00e9 par le doyen sera vers\u00e9 <\/span><span style=\"color: #000000;\">par la coordonnatrice du CER-UQAC au dossier du<\/span><span style=\"color: #000000;\"> projet dans la plateforme Nagano du CIUSSS du SLSJ .<\/span><\/p>\n<p>Il est \u00e0 noter que l\u2019autorisation de d\u00e9p\u00f4t obtenue ne pr\u00e9sume aucunement une \u00e9valuation positive du CIUSSS du SLSJ.<\/p>\n<p><strong>3- Donner l\u2019acc\u00e8s \u00e0 votre dossier au CER-UQAC<br \/>\n<\/strong><\/p>\n<p>Vous devez autoriser le CER du CIUSSS du SLSJ \u00e0 ajouter le CER-UQAC comme utilisateur de votre projet dans la plateforme Nagano du CIUSSS du SLSJ. Cet acc\u00e8s au dossier permet au CER-UQAC de joindre le formulaire &#8211; Autorisation de d\u00e9p\u00f4t d\u2019une demande de certification \u00e9thique sign\u00e9 par le doyen et d\u2019acc\u00e9der \u00e0 l\u2019ensemble des documents en lien avec le projet de recherche.<\/p>\n<p><strong>4- Soumettre (d\u00e9poser) la demande d\u2019\u00e9valuation au CIUSS du SLSJ<\/strong><\/p>\n<p>Le d\u00e9p\u00f4t de la demande au CIUSSS du SLSJ s\u2019effectue <strong>apr\u00e8s avoir obtenu l\u2019autorisation de d\u00e9p\u00f4t<\/strong> du doyen de la recherche et de la cr\u00e9ation et doit respecter l\u2019ensemble des exigences du CIUSSS du SLS.<\/p>\n<p><strong>5- Faire une demande de reconnaissance de la certification \u00e9thique obtenue<\/strong><\/p>\n<p>Lorsque vous aurez obtenu l\u2019ensemble des \u00e9valuations, approbations et autorisations du CIUSSS du SLS, veuillez en informer le CER-UQAC en remplissant une\u00a0<strong><em>Demande de reconnaissance du certificat pour un projet sous l\u2019autorit\u00e9 d\u2019un autre CER<\/em><\/strong>. Ce formulaire est disponible sur la\u00a0<a href=\"https:\/\/nagano.uqac.ca\/login\" target=\"_blank\">plateforme Nagano de l\u2019UQAC<\/a>.<\/p>\n<p><span style=\"color: #555856;\">Pour toute question, pri\u00e8re de\u00a0communiquer avec\u00a0le CER-UQAC\u00a0par <span style=\"color: #008000;\"><em><span style=\"text-decoration: underline;\"><a style=\"color: #008000; text-decoration: underline;\" href=\"mailto:cer@uqac.ca\" target=\"_blank\">courriel<\/a><\/span><\/em><\/span><\/span><span style=\"color: #555856;\">\u00a0ou par t\u00e9l\u00e9phone au (418) 545-5011 poste 4704.<\/span><\/p>\n","protected":false},"excerpt":{"rendered":"<p>\u00c0 la suite de la signature de l\u2019entente de collaboration intervenue le 28 juin 2012, les projets de recherche n\u00e9cessitant une \u00e9valuation au Centre int\u00e9gr\u00e9 universitaire de sant\u00e9 et de services sociaux du Saguenay-Lac-St-Jean (CIUSSS du SLSJ) ainsi qu\u2019\u00e0 l\u2019Universit\u00e9 du Qu\u00e9bec \u00e0 Chicoutimi (UQAC) sont \u00e9valu\u00e9s uniquement par le CIUSSS du SLSJ. L\u2019\u00e9valuation au &hellip; <a href=\"https:\/\/recherche.uqac.ca\/cer\/entente-uqac-ciusss02\/\" class=\"more-link\">Continuer la lecture de <span class=\"screen-reader-text\">Entente UQAC et CIUSSS du SLSJ<\/span>  <span class=\"meta-nav\">&rarr;<\/span><\/a><\/p>\n","protected":false},"author":22,"featured_media":0,"parent":0,"menu_order":0,"comment_status":"closed","ping_status":"closed","template":"","meta":{"footnotes":""},"_links":{"self":[{"href":"https:\/\/recherche.uqac.ca\/cer\/wp-json\/wp\/v2\/pages\/37"}],"collection":[{"href":"https:\/\/recherche.uqac.ca\/cer\/wp-json\/wp\/v2\/pages"}],"about":[{"href":"https:\/\/recherche.uqac.ca\/cer\/wp-json\/wp\/v2\/types\/page"}],"author":[{"embeddable":true,"href":"https:\/\/recherche.uqac.ca\/cer\/wp-json\/wp\/v2\/users\/22"}],"replies":[{"embeddable":true,"href":"https:\/\/recherche.uqac.ca\/cer\/wp-json\/wp\/v2\/comments?post=37"}],"version-history":[{"count":17,"href":"https:\/\/recherche.uqac.ca\/cer\/wp-json\/wp\/v2\/pages\/37\/revisions"}],"predecessor-version":[{"id":357,"href":"https:\/\/recherche.uqac.ca\/cer\/wp-json\/wp\/v2\/pages\/37\/revisions\/357"}],"wp:attachment":[{"href":"https:\/\/recherche.uqac.ca\/cer\/wp-json\/wp\/v2\/media?parent=37"}],"curies":[{"name":"wp","href":"https:\/\/api.w.org\/{rel}","templated":true}]}}