{"id":39,"date":"2019-10-11T19:49:06","date_gmt":"2019-10-11T23:49:06","guid":{"rendered":"https:\/\/recherche.uqac.ca\/cer\/?page_id=39"},"modified":"2025-06-25T09:36:51","modified_gmt":"2025-06-25T13:36:51","slug":"reconnaissance-des-certificats-dethique","status":"publish","type":"page","link":"https:\/\/recherche.uqac.ca\/cer\/reconnaissance-des-certificats-dethique\/","title":{"rendered":"Reconnaissance des certificats d&rsquo;\u00e9thique"},"content":{"rendered":"<p>L&rsquo;UQAC a sign\u00e9, en 2022, l&rsquo;<a href=\"https:\/\/www.uqac.ca\/drc-docs\/site-cer\/entente-cadre-universites.pdf\">Entente\u2010cadre<\/a> r\u00e9gissant l\u2019\u00e9valuation \u00e9thique des projets de recherche \u00e0 risque minimal\u00a0faisant intervenir plusieurs \u00e9tablissements universitaires qu\u00e9b\u00e9cois.<\/p>\n<p>Cette Entente stipule que\u00a0pour un projet de recherche \u00e0 risque minimal approuv\u00e9 par un comit\u00e9 d&rsquo;\u00e9thique de la recherche (CER) d&rsquo;une universit\u00e9 qu\u00e9b\u00e9coise, l&rsquo;Universit\u00e9 s&rsquo;engage \u00e0 reconna\u00eetre la validit\u00e9 du certificat d&rsquo;approbation \u00e9thique \u00e9mis par le CER de l&rsquo;universit\u00e9 d&rsquo;attache du chercheur principal.<\/p>\n<p>Afin d&rsquo;obtenir une reconnaissance, vous devez remplir une\u00a0<em>Demande de reconnaissance du certificat pour un projet sous l&rsquo;autorit\u00e9 d&rsquo;un autre CER<\/em> disponible sur la <span style=\"color: #008000;text-decoration: underline\"><a style=\"color: #008000;text-decoration: underline\" href=\"https:\/\/nagano.uqac.ca\/login\" target=\"_blank\" rel=\"noopener\">plateforme Nagano de l&rsquo;UQAC<\/a><\/span>.<\/p>\n","protected":false},"excerpt":{"rendered":"<p>L&rsquo;UQAC a sign\u00e9, en 2022, l&rsquo;Entente\u2010cadre r\u00e9gissant l\u2019\u00e9valuation \u00e9thique des projets de recherche \u00e0 risque minimal\u00a0faisant intervenir plusieurs \u00e9tablissements universitaires qu\u00e9b\u00e9cois. Cette Entente stipule que\u00a0pour un projet de recherche \u00e0 risque minimal approuv\u00e9 par un comit\u00e9 d&rsquo;\u00e9thique de la recherche (CER) d&rsquo;une universit\u00e9 qu\u00e9b\u00e9coise, l&rsquo;Universit\u00e9 s&rsquo;engage \u00e0 reconna\u00eetre la validit\u00e9 du certificat d&rsquo;approbation \u00e9thique \u00e9mis &hellip; <a href=\"https:\/\/recherche.uqac.ca\/cer\/reconnaissance-des-certificats-dethique\/\" class=\"more-link\">Continuer la lecture de <span class=\"screen-reader-text\">Reconnaissance des certificats d&rsquo;\u00e9thique<\/span>  <span class=\"meta-nav\">&rarr;<\/span><\/a><\/p>\n","protected":false},"author":22,"featured_media":0,"parent":0,"menu_order":0,"comment_status":"closed","ping_status":"closed","template":"","meta":{"footnotes":""},"_links":{"self":[{"href":"https:\/\/recherche.uqac.ca\/cer\/wp-json\/wp\/v2\/pages\/39"}],"collection":[{"href":"https:\/\/recherche.uqac.ca\/cer\/wp-json\/wp\/v2\/pages"}],"about":[{"href":"https:\/\/recherche.uqac.ca\/cer\/wp-json\/wp\/v2\/types\/page"}],"author":[{"embeddable":true,"href":"https:\/\/recherche.uqac.ca\/cer\/wp-json\/wp\/v2\/users\/22"}],"replies":[{"embeddable":true,"href":"https:\/\/recherche.uqac.ca\/cer\/wp-json\/wp\/v2\/comments?post=39"}],"version-history":[{"count":8,"href":"https:\/\/recherche.uqac.ca\/cer\/wp-json\/wp\/v2\/pages\/39\/revisions"}],"predecessor-version":[{"id":426,"href":"https:\/\/recherche.uqac.ca\/cer\/wp-json\/wp\/v2\/pages\/39\/revisions\/426"}],"wp:attachment":[{"href":"https:\/\/recherche.uqac.ca\/cer\/wp-json\/wp\/v2\/media?parent=39"}],"curies":[{"name":"wp","href":"https:\/\/api.w.org\/{rel}","templated":true}]}}