{"id":60,"date":"2019-10-12T07:16:29","date_gmt":"2019-10-12T11:16:29","guid":{"rendered":"https:\/\/recherche.uqac.ca\/cer\/?page_id=60"},"modified":"2024-10-04T08:59:30","modified_gmt":"2024-10-04T12:59:30","slug":"composition-du-comite","status":"publish","type":"page","link":"https:\/\/recherche.uqac.ca\/cer\/composition-du-comite\/","title":{"rendered":"Composition et mandat"},"content":{"rendered":"<p><span style=\"color: #555856;\">Le Comit\u00e9 d&rsquo;\u00e9thique de la recherche avec des \u00eatres humains de l&rsquo;UQAC (CER-UQAC) est minimalement\u00a0compos\u00e9 de sept (7) membres\u00a0\u00a0r\u00e9guliers et copr\u00e9sid\u00e9 par madame Sonia Boivin, professeure au D\u00e9partement des sciences \u00e9conomiques et administratives,\u00a0et monsieur Tommy Chevrette, professeur au D\u00e9partement des sciences de la sant\u00e9.<br \/>\n<\/span><\/p>\n<p><span style=\"text-decoration: underline;\"><a href=\"https:\/\/www.uqac.ca\/drc-docs\/site-cer\/liste-membres.docx\" target=\"_blank\">Liste des membres du CER<\/a><\/span><\/p>\n<h5><strong>Mandat sp\u00e9cifique du CER-UQAC<\/strong><\/h5>\n<ul>\n<li>mettre en valeur et diffuser l\u2019information pertinente \u00e0 la communaut\u00e9 universitaire,<\/li>\n<li>mettre en place la m\u00e9canique propre \u00e0 assurer l\u2019\u00e9thique de la recherche,<\/li>\n<li>\u00e9valuer, au plan \u00e9thique, les projets de recherche qui lui sont soumis.<\/li>\n<\/ul>\n<p>On peut prendre contact avec la coordonnatrice du\u00a0CER-UQAC \u00e0 partir des coordonn\u00e9es suivantes:<\/p>\n<p style=\"color: #555856;\">Comit\u00e9 d&rsquo;\u00e9thique de la recherche<br \/>\nD\u00e9canat de la recherche et de la cr\u00e9ation<br \/>\n555, boul. de l\u2019Universit\u00e9<br \/>\nChicoutimi (Qu\u00e9bec),\u00a0 G7H 2B1<\/p>\n<p style=\"color: #555856;\">T\u00e9l.\u00a0: 418\u00a0545-5011 poste 4704<br \/>\n<span style=\"color: #008000;\"><em><span style=\"text-decoration: underline;\"><a style=\"color: #008000; text-decoration: underline;\" href=\"mailto:cer@uqac.ca\" target=\"_blank\">Courrier \u00e9lectronique<\/a><\/span><\/em><\/span><\/p>\n","protected":false},"excerpt":{"rendered":"<p>Le Comit\u00e9 d&rsquo;\u00e9thique de la recherche avec des \u00eatres humains de l&rsquo;UQAC (CER-UQAC) est minimalement\u00a0compos\u00e9 de sept (7) membres\u00a0\u00a0r\u00e9guliers et copr\u00e9sid\u00e9 par madame Sonia Boivin, professeure au D\u00e9partement des sciences \u00e9conomiques et administratives,\u00a0et monsieur Tommy Chevrette, professeur au D\u00e9partement des sciences de la sant\u00e9. Liste des membres du CER Mandat sp\u00e9cifique du CER-UQAC mettre en &hellip; <a href=\"https:\/\/recherche.uqac.ca\/cer\/composition-du-comite\/\" class=\"more-link\">Continuer la lecture de <span class=\"screen-reader-text\">Composition et mandat<\/span>  <span class=\"meta-nav\">&rarr;<\/span><\/a><\/p>\n","protected":false},"author":22,"featured_media":0,"parent":0,"menu_order":0,"comment_status":"closed","ping_status":"closed","template":"","meta":{"footnotes":""},"_links":{"self":[{"href":"https:\/\/recherche.uqac.ca\/cer\/wp-json\/wp\/v2\/pages\/60"}],"collection":[{"href":"https:\/\/recherche.uqac.ca\/cer\/wp-json\/wp\/v2\/pages"}],"about":[{"href":"https:\/\/recherche.uqac.ca\/cer\/wp-json\/wp\/v2\/types\/page"}],"author":[{"embeddable":true,"href":"https:\/\/recherche.uqac.ca\/cer\/wp-json\/wp\/v2\/users\/22"}],"replies":[{"embeddable":true,"href":"https:\/\/recherche.uqac.ca\/cer\/wp-json\/wp\/v2\/comments?post=60"}],"version-history":[{"count":17,"href":"https:\/\/recherche.uqac.ca\/cer\/wp-json\/wp\/v2\/pages\/60\/revisions"}],"predecessor-version":[{"id":415,"href":"https:\/\/recherche.uqac.ca\/cer\/wp-json\/wp\/v2\/pages\/60\/revisions\/415"}],"wp:attachment":[{"href":"https:\/\/recherche.uqac.ca\/cer\/wp-json\/wp\/v2\/media?parent=60"}],"curies":[{"name":"wp","href":"https:\/\/api.w.org\/{rel}","templated":true}]}}