{"id":62,"date":"2019-10-12T07:16:54","date_gmt":"2019-10-12T11:16:54","guid":{"rendered":"https:\/\/recherche.uqac.ca\/cer\/?page_id=62"},"modified":"2022-09-09T15:22:16","modified_gmt":"2022-09-09T19:22:16","slug":"calendrier-des-reunions","status":"publish","type":"page","link":"https:\/\/recherche.uqac.ca\/cer\/calendrier-des-reunions\/","title":{"rendered":"Calendrier des r\u00e9unions"},"content":{"rendered":"<p>Le CER se r\u00e9unit p\u00e9riodiquement en <strong>comit\u00e9 pl\u00e9nier ou restreint<\/strong>.<\/p>\n<p><em><strong>Les r\u00e9unions pl\u00e9ni\u00e8res sont inscrites au <a href=\"https:\/\/www.uqac.ca\/drc-docs\/site-cer\/calendrier-cer-diffusion.pdf\" target=\"_blank\">Calendrier<\/a> du CER.<\/strong><\/em><\/p>\n<p><strong>\u00c9VALUATION EN R\u00c9UNION PL\u00c9NI\u00c8RE<\/strong><\/p>\n<p>L\u2019\u00e9valuation des projets en r\u00e9union pl\u00e9ni\u00e8re est le mode de fonctionnement habituel du CER. Ce faisant,\u00a0 toute demande qui implique des <strong>risques au-del\u00e0 du seuil minimal<\/strong>, des <strong>participants mineurs ou des participants majeures inaptes<\/strong>, des<strong> communaut\u00e9s autochtones <\/strong>ou celle qui n\u2019a\u00a0pu \u00eatre \u00e9valu\u00e9e\u00a0dans le cadre d\u2019une \u00e9valuation en CER restreint\u00a0est ajout\u00e9e \u00e0 l\u2019ordre du jour de la r\u00e9union\u00a0pl\u00e9ni\u00e8re du CER.<\/p>\n<p><strong>\u00c9VALUATION EN CER RESTREINT<\/strong><\/p>\n<p>De mani\u00e8re g\u00e9n\u00e9rale, les demandes d\u2019approbation \u00e9thique peuvent \u00eatre d\u00e9pos\u00e9es <strong>en tout temps<\/strong> \u00e0 condition que le projet de recherche ne d\u00e9passe pas le <strong>risque minimal<\/strong> et qu\u2019il implique seulement des <strong>participants majeurs aptes<\/strong>.<\/p>\n<p>Les demandes re\u00e7ues sont trait\u00e9es en CER restreint lorsque le temps le permet. La d\u00e9cision de traitement est la pr\u00e9rogative de la pr\u00e9sidence. \u00a0Dans le but de faciliter le traitement des demandes re\u00e7ues, certains crit\u00e8res doivent \u00eatre respect\u00e9s\u00a0:<\/p>\n<ol>\n<li>La demande doit \u00eatre compl\u00e8te et comprendre tous les documents n\u00e9cessaires \u00e0 l\u2019\u00e9valuation, ce qui inclut le certificat obtenu apr\u00e8s avoir suivi le didacticiel <em>EPTC 2 \u2013 <em>Formation en \u00e9thique de la recherche (FER)<\/em><\/em> du Groupe consultatif interorganisme en \u00e9thique de la recherche pour ceux et celles qui font une demande pour la premi\u00e8re fois aupr\u00e8s du CER de l\u2019UQAC.<\/li>\n<li>Le risque associ\u00e9 au projet de recherche doit \u00eatre minimal.<\/li>\n<li>Les participants au projet de recherche doivent \u00eatre majeurs et aptes.<\/li>\n<li>Le projet ne doit pas impliquer des communaut\u00e9s autochtones.<\/li>\n<\/ol>\n<p><em><strong>N.B.\u00a0<\/strong><\/em><br \/>\n<em><strong>1) Pour les r\u00e9unions pl\u00e9ni\u00e8res, les dates de r\u00e9union et de d\u00e9p\u00f4t sont sujettes \u00e0 modification. Afin de v\u00e9rifier leur validit\u00e9, on peut contacter la <a href=\"mailto:cer@uqac.ca\" target=\"_blank\">coordonnatrice<\/a>. <\/strong><\/em><br \/>\n<em><strong>2) Il est \u00e0 noter que le d\u00e9lai de r\u00e9ponse se fera dans les trente (30) jours de la tenue du CER pl\u00e9nier ou restreint.<\/strong><\/em><\/p>\n","protected":false},"excerpt":{"rendered":"<p>Le CER se r\u00e9unit p\u00e9riodiquement en comit\u00e9 pl\u00e9nier ou restreint. Les r\u00e9unions pl\u00e9ni\u00e8res sont inscrites au Calendrier du CER. \u00c9VALUATION EN R\u00c9UNION PL\u00c9NI\u00c8RE L\u2019\u00e9valuation des projets en r\u00e9union pl\u00e9ni\u00e8re est le mode de fonctionnement habituel du CER. Ce faisant,\u00a0 toute demande qui implique des risques au-del\u00e0 du seuil minimal, des participants mineurs ou des participants &hellip; <a href=\"https:\/\/recherche.uqac.ca\/cer\/calendrier-des-reunions\/\" class=\"more-link\">Continuer la lecture de <span class=\"screen-reader-text\">Calendrier des r\u00e9unions<\/span>  <span class=\"meta-nav\">&rarr;<\/span><\/a><\/p>\n","protected":false},"author":22,"featured_media":0,"parent":0,"menu_order":0,"comment_status":"closed","ping_status":"closed","template":"","meta":{"footnotes":""},"_links":{"self":[{"href":"https:\/\/recherche.uqac.ca\/cer\/wp-json\/wp\/v2\/pages\/62"}],"collection":[{"href":"https:\/\/recherche.uqac.ca\/cer\/wp-json\/wp\/v2\/pages"}],"about":[{"href":"https:\/\/recherche.uqac.ca\/cer\/wp-json\/wp\/v2\/types\/page"}],"author":[{"embeddable":true,"href":"https:\/\/recherche.uqac.ca\/cer\/wp-json\/wp\/v2\/users\/22"}],"replies":[{"embeddable":true,"href":"https:\/\/recherche.uqac.ca\/cer\/wp-json\/wp\/v2\/comments?post=62"}],"version-history":[{"count":13,"href":"https:\/\/recherche.uqac.ca\/cer\/wp-json\/wp\/v2\/pages\/62\/revisions"}],"predecessor-version":[{"id":355,"href":"https:\/\/recherche.uqac.ca\/cer\/wp-json\/wp\/v2\/pages\/62\/revisions\/355"}],"wp:attachment":[{"href":"https:\/\/recherche.uqac.ca\/cer\/wp-json\/wp\/v2\/media?parent=62"}],"curies":[{"name":"wp","href":"https:\/\/api.w.org\/{rel}","templated":true}]}}