{"id":12,"date":"2018-04-18T04:02:40","date_gmt":"2018-04-18T03:02:40","guid":{"rendered":"https:\/\/recherche.uqac.ca\/labbionr\/?page_id=12"},"modified":"2018-04-18T12:07:17","modified_gmt":"2018-04-18T11:07:17","slug":"mission","status":"publish","type":"page","link":"https:\/\/recherche.uqac.ca\/labbionr\/a-propos\/mission\/","title":{"rendered":"Mission"},"content":{"rendered":"<p style=\"text-align: justify\">Le\u00a0Lab BioNR a pour mission principale de <em>contribuer au d\u00e9veloppement et \u00e0 la diffusion des connaissances dans le domaine de la r\u00e9adaptation physique et fonctionnelle chez des personnes avec troubles neuro-musculo-squelettiques, et ce, en utilisant des technologies <strong>neurophysiologiques<\/strong> et <strong>biom\u00e9caniques<\/strong><\/em>. Le Lab BioNR b\u00e9n\u00e9ficie d\u2019appareils \u00e0 la fine pointe qui permettent de mieux cerner la nature des probl\u00e8mes et de mieux comprendre comment maximiser l\u2019efficacit\u00e9 des soins en r\u00e9adaptation. Le\u00a0Laboratoire a\u00a0une philosophie de collaboration interprofessionnelle et intersectorielle, afin d\u2019aborder un probl\u00e8me neuro-musculo-squelettique dans son ensemble. Par le transfert bilat\u00e9ral de connaissances entre la recherche et la clinique, le Lab BioNR vise, \u00e0 plus long terme, \u00e0 supporter les initiatives des milieux de soins pour \u00e9laborer les bonnes pratiques fond\u00e9es sur les donn\u00e9es probantes, ainsi que pour faciliter l\u2019implantation clinique de nouvelles technologies.<\/p>\n","protected":false},"excerpt":{"rendered":"<p>Le\u00a0Lab BioNR a pour mission principale de contribuer au d\u00e9veloppement et \u00e0 la diffusion des connaissances dans le domaine de la r\u00e9adaptation physique et fonctionnelle chez des personnes avec troubles neuro-musculo-squelettiques, et ce, en utilisant des technologies neurophysiologiques et biom\u00e9caniques. Le Lab BioNR b\u00e9n\u00e9ficie d\u2019appareils \u00e0 la fine pointe qui permettent de mieux cerner la &hellip; <a href=\"https:\/\/recherche.uqac.ca\/labbionr\/a-propos\/mission\/\" class=\"more-link\">Continuer la lecture de <span class=\"screen-reader-text\">Mission<\/span>  <span class=\"meta-nav\">&rarr;<\/span><\/a><\/p>\n","protected":false},"author":18,"featured_media":0,"parent":10,"menu_order":0,"comment_status":"closed","ping_status":"closed","template":"sidebar-page.php","meta":{"footnotes":""},"_links":{"self":[{"href":"https:\/\/recherche.uqac.ca\/labbionr\/wp-json\/wp\/v2\/pages\/12"}],"collection":[{"href":"https:\/\/recherche.uqac.ca\/labbionr\/wp-json\/wp\/v2\/pages"}],"about":[{"href":"https:\/\/recherche.uqac.ca\/labbionr\/wp-json\/wp\/v2\/types\/page"}],"author":[{"embeddable":true,"href":"https:\/\/recherche.uqac.ca\/labbionr\/wp-json\/wp\/v2\/users\/18"}],"replies":[{"embeddable":true,"href":"https:\/\/recherche.uqac.ca\/labbionr\/wp-json\/wp\/v2\/comments?post=12"}],"version-history":[{"count":2,"href":"https:\/\/recherche.uqac.ca\/labbionr\/wp-json\/wp\/v2\/pages\/12\/revisions"}],"predecessor-version":[{"id":47,"href":"https:\/\/recherche.uqac.ca\/labbionr\/wp-json\/wp\/v2\/pages\/12\/revisions\/47"}],"up":[{"embeddable":true,"href":"https:\/\/recherche.uqac.ca\/labbionr\/wp-json\/wp\/v2\/pages\/10"}],"wp:attachment":[{"href":"https:\/\/recherche.uqac.ca\/labbionr\/wp-json\/wp\/v2\/media?parent=12"}],"curies":[{"name":"wp","href":"https:\/\/api.w.org\/{rel}","templated":true}]}}