{"id":16,"date":"2018-04-18T04:07:29","date_gmt":"2018-04-18T08:07:29","guid":{"rendered":"https:\/\/recherche.uqac.ca\/labbionr\/?page_id=16"},"modified":"2023-02-20T21:56:29","modified_gmt":"2023-02-21T02:56:29","slug":"membres-chercheurs-reguliers","status":"publish","type":"page","link":"https:\/\/recherche.uqac.ca\/labbionr\/a-propos\/notre-equipe\/membres-chercheurs-reguliers\/","title":{"rendered":"Membres chercheurs r\u00e9guliers"},"content":{"rendered":"<p style=\"text-align: justify\"><strong>Suzy Ngomo,<\/strong> Ph. D., Md, Professeur \u00e0 l\u2019Unit\u00e9 d\u2019enseignement en physioth\u00e9rapie, DSS, UQAC<\/p>\n<p><img loading=\"lazy\" decoding=\"async\" class=\"size-medium wp-image-40 alignnone\" src=\"https:\/\/recherche.uqac.ca\/labbionr\/wp-content\/uploads\/sites\/7\/2018\/04\/photo-Suzy-300x150.png\" alt=\"Suzy Ngomo\" width=\"300\" height=\"150\" srcset=\"https:\/\/recherche.uqac.ca\/labbionr\/wp-content\/uploads\/sites\/7\/2018\/04\/photo-Suzy-300x150.png 300w, https:\/\/recherche.uqac.ca\/labbionr\/wp-content\/uploads\/sites\/7\/2018\/04\/photo-Suzy-500x249.png 500w, https:\/\/recherche.uqac.ca\/labbionr\/wp-content\/uploads\/sites\/7\/2018\/04\/photo-Suzy.png 600w\" sizes=\"(max-width: 300px) 100vw, 300px\" \/><\/p>\n<ul>\n<li style=\"text-align: justify\"><strong>Th\u00e9matiques principales de recherche\u00a0:<\/strong>\n<ul>\n<li>Douleur physique, Motricit\u00e9 fonctionnelle et Plasticit\u00e9 c\u00e9r\u00e9brale<\/li>\n<li>Adaptation\/R\u00e9adaptation au travail et en milieux de soins<\/li>\n<li>Neurocapture, Neurostimulation, Neuromodulation, Technologies d\u2019assistance<\/li>\n<\/ul>\n<\/li>\n<li><strong>Publications r\u00e9centes:<\/strong>\n<ul>\n<li><strong><a href=\"https:\/\/www.ncbi.nlm.nih.gov\/pubmed\/?term=Ngomo+S%5BAuthor%5D\" target=\"_blank\">Pubmed<\/a><\/strong><\/li>\n<li><a href=\"https:\/\/www.researchgate.net\/profile\/Suzy_Ngomo\"><strong>ResearchGate<\/strong><\/a><\/li>\n<\/ul>\n<\/li>\n<\/ul>\n<p>&nbsp;<\/p>\n<p style=\"text-align: justify\"><strong>Rubens Alexandre da Silva Jr., <\/strong>Ph. D., pht, Professeur \u00e0 l\u2019Unit\u00e9 d\u2019enseignement en physioth\u00e9rapie, DSS, UQAC<\/p>\n<p><a href=\"https:\/\/recherche.uqac.ca\/labbionr\/wp-content\/uploads\/sites\/7\/2018\/04\/326509440_540143131411937_6593860080108272639_n.jpg\"><img loading=\"lazy\" decoding=\"async\" class=\"alignnone size-medium wp-image-370\" src=\"https:\/\/recherche.uqac.ca\/labbionr\/wp-content\/uploads\/sites\/7\/2018\/04\/326509440_540143131411937_6593860080108272639_n-265x300.jpg\" alt=\"326509440_540143131411937_6593860080108272639_n\" width=\"265\" height=\"300\" srcset=\"https:\/\/recherche.uqac.ca\/labbionr\/wp-content\/uploads\/sites\/7\/2018\/04\/326509440_540143131411937_6593860080108272639_n-265x300.jpg 265w, https:\/\/recherche.uqac.ca\/labbionr\/wp-content\/uploads\/sites\/7\/2018\/04\/326509440_540143131411937_6593860080108272639_n-906x1024.jpg 906w, https:\/\/recherche.uqac.ca\/labbionr\/wp-content\/uploads\/sites\/7\/2018\/04\/326509440_540143131411937_6593860080108272639_n.jpg 1415w\" sizes=\"(max-width: 265px) 100vw, 265px\" \/><\/a><\/p>\n<ul>\n<li><strong>Th\u00e9matiques principales de recherche\u00a0:<\/strong>\n<ul>\n<li style=\"text-align: justify\">R\u00e9adaptation musculosquelettique (lombalgies)<\/li>\n<li style=\"text-align: justify\">Instrumentation biom\u00e9canique en r\u00e9adaptation (i.e. dynamom\u00e9trie-Biodex, \u00e9lectromyographie, cin\u00e9matique-analyse du mouvement, plateforme de force, GaitRite-tapis de marche)<\/li>\n<li style=\"text-align: justify\">Contr\u00f4le postural (troubles d\u2019\u00e9quilibre)<\/li>\n<li style=\"text-align: justify\">Vieillissement (pr\u00e9vention des chutes et mobilit\u00e9)<\/li>\n<li style=\"text-align: justify\">Douleur chronique (\u00e9valuation et traitement en r\u00e9adaptation)<\/li>\n<li style=\"text-align: justify\">Exercices (intervention par des exercices physiques \u2013 entra\u00eenement musculaire)<\/li>\n<\/ul>\n<\/li>\n<li style=\"text-align: justify\"><strong>Publications r\u00e9centes:\u00a0<\/strong>\n<ul>\n<li style=\"text-align: justify\">\u00a0<strong><a href=\"https:\/\/www.ncbi.nlm.nih.gov\/pubmed\/?term=Rubens+A+Da+Silva%5BAuthor+-+Full%5D\" target=\"_blank\">Pubmed<\/a><\/strong><\/li>\n<li style=\"text-align: justify\"><strong><a href=\"https:\/\/www.researchgate.net\/profile\/Rubens_Da_Silva3\" target=\"_blank\">ResearchGate<\/a><\/strong><\/li>\n<\/ul>\n<\/li>\n<\/ul>\n<p>&nbsp;<\/p>\n<p><strong>Louis-David Beaulieu, <\/strong>Ph. D.<strong>,<\/strong> pht, Professeur \u00e0 l\u2019Unit\u00e9 d\u2019enseignement en physioth\u00e9rapie, DSS, UQAC<\/p>\n<p><a href=\"https:\/\/recherche.uqac.ca\/labbionr\/wp-content\/uploads\/sites\/7\/2018\/04\/IMG_4147-Lab-BioNR.jpg\"><img loading=\"lazy\" decoding=\"async\" class=\"alignnone size-medium wp-image-371\" src=\"https:\/\/recherche.uqac.ca\/labbionr\/wp-content\/uploads\/sites\/7\/2018\/04\/IMG_4147-Lab-BioNR-225x300.jpg\" alt=\"IMG_4147 - Lab BioNR\" width=\"225\" height=\"300\" srcset=\"https:\/\/recherche.uqac.ca\/labbionr\/wp-content\/uploads\/sites\/7\/2018\/04\/IMG_4147-Lab-BioNR-225x300.jpg 225w, https:\/\/recherche.uqac.ca\/labbionr\/wp-content\/uploads\/sites\/7\/2018\/04\/IMG_4147-Lab-BioNR-769x1024.jpg 769w\" sizes=\"(max-width: 225px) 100vw, 225px\" \/><\/a><\/p>\n<ul>\n<li><strong>Th\u00e9matiques principales de recherche\u00a0:<\/strong>\n<ul>\n<li style=\"text-align: justify\">Neuror\u00e9adaptation (accident-vasculaire c\u00e9r\u00e9bral)<\/li>\n<li style=\"text-align: justify\">Neurostimulation non-invasive (i.e. vibration m\u00e9canique et appareils de stimulation magn\u00e9tique &amp; \u00e9lectrique du syst\u00e8me nerveux)<\/li>\n<li style=\"text-align: justify\">Vieillissement<\/li>\n<li style=\"text-align: justify\">Douleur chronique<\/li>\n<\/ul>\n<\/li>\n<li><strong>Publications r\u00e9centes:\u00a0<\/strong>\n<ul>\n<li><strong><a href=\"https:\/\/www.ncbi.nlm.nih.gov\/pubmed?term=Beaulieu%20LD%5BAuthor%5D\" target=\"_blank\">Pubmed<\/a><\/strong><\/li>\n<li><strong><a href=\"https:\/\/www.researchgate.net\/profile\/Louis-David_Beaulieu\" target=\"_blank\">ResearchGate<\/a><\/strong><\/li>\n<\/ul>\n<\/li>\n<\/ul>\n<p>&nbsp;<\/p>\n<p style=\"text-align: justify\"><strong>Martin Lavalli\u00e8re, Ph. D.,<\/strong> kin\u00e9siologue, Professeur au programme de kin\u00e9siologie, DSS, UQAC<\/p>\n<p><a href=\"https:\/\/recherche.uqac.ca\/labbionr\/wp-content\/uploads\/sites\/7\/2018\/04\/Martin_Lavalliere_headshot2.png\"><img loading=\"lazy\" decoding=\"async\" class=\"alignnone size-medium wp-image-369\" src=\"https:\/\/recherche.uqac.ca\/labbionr\/wp-content\/uploads\/sites\/7\/2018\/04\/Martin-Lavaliiere-Martin-Lavalliere-270x300.jpg\" alt=\"Martin-Lavaliiere - Martin Lavalliere\" width=\"270\" height=\"300\" srcset=\"https:\/\/recherche.uqac.ca\/labbionr\/wp-content\/uploads\/sites\/7\/2018\/04\/Martin-Lavaliiere-Martin-Lavalliere-270x300.jpg 270w, https:\/\/recherche.uqac.ca\/labbionr\/wp-content\/uploads\/sites\/7\/2018\/04\/Martin-Lavaliiere-Martin-Lavalliere.jpg 720w\" sizes=\"(max-width: 270px) 100vw, 270px\" \/><\/a><\/p>\n<ul>\n<li><strong>Th\u00e9matiques principales de recherche\u00a0:<\/strong>\n<ul>\n<li style=\"text-align: justify\">Facteurs humains et ergonomie<\/li>\n<li style=\"text-align: justify\">Sant\u00e9 et S\u00e9curit\u00e9 au travail<\/li>\n<li style=\"text-align: justify\">Mobilit\u00e9 et s\u00e9curit\u00e9 routi\u00e8re<\/li>\n<li style=\"text-align: justify\">Outils technologiques d\u2019\u00e9valuation et de formation<\/li>\n<\/ul>\n<\/li>\n<li><strong>Publications r\u00e9centes:\u00a0<\/strong>\n<ul>\n<li><strong><a href=\"https:\/\/www.ncbi.nlm.nih.gov\/pubmed\/?term=Lavalli\u00e8re+M%5BAuthor%5D\" target=\"_blank\">Pubmed<\/a>\u00a0<\/strong><\/li>\n<li><strong><a href=\"https:\/\/www.researchgate.net\/profile\/Martin_Lavalliere\" target=\"_blank\">ResearchGate<\/a><\/strong><\/li>\n<\/ul>\n<\/li>\n<\/ul>\n<p>&nbsp;<\/p>\n<p><strong>S\u00e9bastien Dufresne, <\/strong>Ph. D.,\u00a0pht, Professeur \u00e0 l\u2019Unit\u00e9 d\u2019enseignement en physioth\u00e9rapie, DSS, UQAC<\/p>\n<p><img loading=\"lazy\" decoding=\"async\" class=\"attachment-full\" src=\"http:\/\/www.uqac.ca\/portfolio\/sebastiendufresne\/files\/2019\/04\/sebast_duf.jpg\" alt=\"S\u00e9bastien S. Dufresne\" width=\"248\" height=\"235\" \/><\/p>\n<ul>\n<li><strong>Th\u00e9matiques principales de recherche\u00a0:<\/strong>\n<ul>\n<li style=\"text-align: justify\">R\u00e9adaptation oncologique<\/li>\n<li style=\"text-align: justify\">Physiologie musculaire<\/li>\n<li style=\"text-align: justify\">Adaptations tissulaires<\/li>\n<\/ul>\n<\/li>\n<li><strong>Publications r\u00e9centes:\u00a0<\/strong>\n<ul>\n<li><strong><a href=\"https:\/\/www.ncbi.nlm.nih.gov\/pubmed\/?term=Sebastien+dufresne\" target=\"_blank\">Pubmed<\/a>\u00a0<\/strong><\/li>\n<li><strong><a href=\"https:\/\/www.researchgate.net\/profile\/Sebastien_Dufresne\" target=\"_blank\">ResearchGate<\/a><\/strong><\/li>\n<\/ul>\n<\/li>\n<\/ul>\n","protected":false},"excerpt":{"rendered":"<p>Suzy Ngomo, Ph. D., Md, Professeur \u00e0 l\u2019Unit\u00e9 d\u2019enseignement en physioth\u00e9rapie, DSS, UQAC Th\u00e9matiques principales de recherche\u00a0: Douleur physique, Motricit\u00e9 fonctionnelle et Plasticit\u00e9 c\u00e9r\u00e9brale Adaptation\/R\u00e9adaptation au travail et en milieux de soins Neurocapture, Neurostimulation, Neuromodulation, Technologies d\u2019assistance Publications r\u00e9centes: Pubmed ResearchGate &nbsp; Rubens Alexandre da Silva Jr., Ph. D., pht, Professeur \u00e0 l\u2019Unit\u00e9 d\u2019enseignement en &hellip; <a href=\"https:\/\/recherche.uqac.ca\/labbionr\/a-propos\/notre-equipe\/membres-chercheurs-reguliers\/\" class=\"more-link\">Continuer la lecture de <span class=\"screen-reader-text\">Membres chercheurs r\u00e9guliers<\/span>  <span class=\"meta-nav\">&rarr;<\/span><\/a><\/p>\n","protected":false},"author":18,"featured_media":0,"parent":14,"menu_order":0,"comment_status":"closed","ping_status":"closed","template":"page-templates\/full-width.php","meta":{"footnotes":""},"_links":{"self":[{"href":"https:\/\/recherche.uqac.ca\/labbionr\/wp-json\/wp\/v2\/pages\/16"}],"collection":[{"href":"https:\/\/recherche.uqac.ca\/labbionr\/wp-json\/wp\/v2\/pages"}],"about":[{"href":"https:\/\/recherche.uqac.ca\/labbionr\/wp-json\/wp\/v2\/types\/page"}],"author":[{"embeddable":true,"href":"https:\/\/recherche.uqac.ca\/labbionr\/wp-json\/wp\/v2\/users\/18"}],"replies":[{"embeddable":true,"href":"https:\/\/recherche.uqac.ca\/labbionr\/wp-json\/wp\/v2\/comments?post=16"}],"version-history":[{"count":11,"href":"https:\/\/recherche.uqac.ca\/labbionr\/wp-json\/wp\/v2\/pages\/16\/revisions"}],"predecessor-version":[{"id":372,"href":"https:\/\/recherche.uqac.ca\/labbionr\/wp-json\/wp\/v2\/pages\/16\/revisions\/372"}],"up":[{"embeddable":true,"href":"https:\/\/recherche.uqac.ca\/labbionr\/wp-json\/wp\/v2\/pages\/14"}],"wp:attachment":[{"href":"https:\/\/recherche.uqac.ca\/labbionr\/wp-json\/wp\/v2\/media?parent=16"}],"curies":[{"name":"wp","href":"https:\/\/api.w.org\/{rel}","templated":true}]}}