{"id":244,"date":"2019-06-05T23:10:52","date_gmt":"2019-06-06T03:10:52","guid":{"rendered":"https:\/\/recherche.uqac.ca\/labbionr\/?page_id=244"},"modified":"2023-07-07T10:02:48","modified_gmt":"2023-07-07T14:02:48","slug":"etudier-au-laboratoire-bionr","status":"publish","type":"page","link":"https:\/\/recherche.uqac.ca\/labbionr\/etudier-au-laboratoire-bionr\/","title":{"rendered":"\u00c9tudier au Laboratoire BioNR"},"content":{"rendered":"<p style=\"text-align: justify\">Le Laboratoire BioNR\u00a0est \u00e0 la recherche d&rsquo;\u00e9tudiants dynamiques et passionn\u00e9s par la recherche voulant parfaire leurs connaissances et expertises scientifiques. Les candidats potentiels doivent nous transmettre (<a href=\"http:\/\/labbionr.uqac@gmail.com\">labbionr.uqac@gmail.com<\/a>) les documents suivants:<\/p>\n<ul>\n<li>Un curriculum vitae \u00e0 jour<\/li>\n<li>Une lettre de motivation<\/li>\n<\/ul>\n<p>Au plaisir de vous rencontrer !<\/p>\n<p>&nbsp;<\/p>\n<p><span style=\"text-decoration: underline\">Publicit\u00e9s\u00a0de recrutement en cours (mise \u00e0 jour 7\u00a0juillet 2023)<\/span><\/p>\n<ul>\n<li>\n<div class=\"page\" title=\"Page 1\">\n<div class=\"layoutArea\">\n<div class=\"column\">\n<p><a href=\"https:\/\/recherche.uqac.ca\/labbionr\/wp-content\/uploads\/sites\/7\/2019\/06\/Publicit\u00e9-recrutement-\u00e9tudiant-gradu\u00e9_Lab-BioNR.pdf\" target=\"_blank\">Offre de recrutement pour un e\u0301tudiant ou une e\u0301tudiante gradue\u0301e en biome\u0301canique et neurophysiologie humaine<\/a><\/p>\n<\/div>\n<\/div>\n<\/div>\n<\/li>\n<\/ul>\n","protected":false},"excerpt":{"rendered":"<p>Le Laboratoire BioNR\u00a0est \u00e0 la recherche d&rsquo;\u00e9tudiants dynamiques et passionn\u00e9s par la recherche voulant parfaire leurs connaissances et expertises scientifiques. Les candidats potentiels doivent nous transmettre (labbionr.uqac@gmail.com) les documents suivants: Un curriculum vitae \u00e0 jour Une lettre de motivation Au plaisir de vous rencontrer ! &nbsp; Publicit\u00e9s\u00a0de recrutement en cours (mise \u00e0 jour 7\u00a0juillet 2023) &hellip; <a href=\"https:\/\/recherche.uqac.ca\/labbionr\/etudier-au-laboratoire-bionr\/\" class=\"more-link\">Continuer la lecture de <span class=\"screen-reader-text\">\u00c9tudier au Laboratoire BioNR<\/span>  <span class=\"meta-nav\">&rarr;<\/span><\/a><\/p>\n","protected":false},"author":18,"featured_media":0,"parent":0,"menu_order":0,"comment_status":"closed","ping_status":"closed","template":"","meta":{"footnotes":""},"_links":{"self":[{"href":"https:\/\/recherche.uqac.ca\/labbionr\/wp-json\/wp\/v2\/pages\/244"}],"collection":[{"href":"https:\/\/recherche.uqac.ca\/labbionr\/wp-json\/wp\/v2\/pages"}],"about":[{"href":"https:\/\/recherche.uqac.ca\/labbionr\/wp-json\/wp\/v2\/types\/page"}],"author":[{"embeddable":true,"href":"https:\/\/recherche.uqac.ca\/labbionr\/wp-json\/wp\/v2\/users\/18"}],"replies":[{"embeddable":true,"href":"https:\/\/recherche.uqac.ca\/labbionr\/wp-json\/wp\/v2\/comments?post=244"}],"version-history":[{"count":6,"href":"https:\/\/recherche.uqac.ca\/labbionr\/wp-json\/wp\/v2\/pages\/244\/revisions"}],"predecessor-version":[{"id":476,"href":"https:\/\/recherche.uqac.ca\/labbionr\/wp-json\/wp\/v2\/pages\/244\/revisions\/476"}],"wp:attachment":[{"href":"https:\/\/recherche.uqac.ca\/labbionr\/wp-json\/wp\/v2\/media?parent=244"}],"curies":[{"name":"wp","href":"https:\/\/api.w.org\/{rel}","templated":true}]}}