{"id":251,"date":"2019-06-06T15:35:41","date_gmt":"2019-06-06T19:35:41","guid":{"rendered":"https:\/\/recherche.uqac.ca\/labbionr\/?page_id=251"},"modified":"2019-06-06T15:47:45","modified_gmt":"2019-06-06T19:47:45","slug":"activites-et-evenements-du-lab-bionr","status":"publish","type":"page","link":"https:\/\/recherche.uqac.ca\/labbionr\/activites-et-evenements-du-lab-bionr\/","title":{"rendered":"Activit\u00e9s et \u00e9v\u00e8nements du Lab BioNR"},"content":{"rendered":"<p style=\"text-align: justify\">Le Laboratoire BioNR est un milieu de recherche dynamique offrant de nombreuses activit\u00e9s\u00a0scientifiques et de r\u00e9seautages pour ses membres.<\/p>\n<p style=\"text-align: justify\">\n","protected":false},"excerpt":{"rendered":"<p>Le Laboratoire BioNR est un milieu de recherche dynamique offrant de nombreuses activit\u00e9s\u00a0scientifiques et de r\u00e9seautages pour ses membres.<\/p>\n","protected":false},"author":18,"featured_media":0,"parent":0,"menu_order":1,"comment_status":"closed","ping_status":"closed","template":"page-templates\/full-width.php","meta":{"footnotes":""},"_links":{"self":[{"href":"https:\/\/recherche.uqac.ca\/labbionr\/wp-json\/wp\/v2\/pages\/251"}],"collection":[{"href":"https:\/\/recherche.uqac.ca\/labbionr\/wp-json\/wp\/v2\/pages"}],"about":[{"href":"https:\/\/recherche.uqac.ca\/labbionr\/wp-json\/wp\/v2\/types\/page"}],"author":[{"embeddable":true,"href":"https:\/\/recherche.uqac.ca\/labbionr\/wp-json\/wp\/v2\/users\/18"}],"replies":[{"embeddable":true,"href":"https:\/\/recherche.uqac.ca\/labbionr\/wp-json\/wp\/v2\/comments?post=251"}],"version-history":[{"count":2,"href":"https:\/\/recherche.uqac.ca\/labbionr\/wp-json\/wp\/v2\/pages\/251\/revisions"}],"predecessor-version":[{"id":254,"href":"https:\/\/recherche.uqac.ca\/labbionr\/wp-json\/wp\/v2\/pages\/251\/revisions\/254"}],"wp:attachment":[{"href":"https:\/\/recherche.uqac.ca\/labbionr\/wp-json\/wp\/v2\/media?parent=251"}],"curies":[{"name":"wp","href":"https:\/\/api.w.org\/{rel}","templated":true}]}}