{"id":259,"date":"2019-06-06T15:57:49","date_gmt":"2019-06-06T19:57:49","guid":{"rendered":"https:\/\/recherche.uqac.ca\/labbionr\/?page_id=259"},"modified":"2019-06-06T15:59:55","modified_gmt":"2019-06-06T19:59:55","slug":"autres-activites","status":"publish","type":"page","link":"https:\/\/recherche.uqac.ca\/labbionr\/activites-et-evenements-du-lab-bionr\/autres-activites\/","title":{"rendered":"Autres activit\u00e9s"},"content":{"rendered":"<p style=\"text-align: justify\"><span style=\"text-decoration: underline\"><strong>25-28 juin 2019:<\/strong><\/span>\u00a0<em>\u00c9cole d&rsquo;\u00e9t\u00e9 sur les technologies portables et les microcontrolleurs<\/em>, Universit\u00e9 de Moncton. Sous la responsabilit\u00e9 de\u00a0Prs Martin Lavalli\u00e8re (UQAC) et Grant Handrigan (UdeMoncton).<\/p>\n<p style=\"text-align: justify\">Pour plus de d\u00e9tails:\u00a0<a href=\"mailto:Martin_Lavalliere@uqac.ca\">Martin_Lavalliere@uqac.ca<\/a><\/p>\n<p style=\"text-align: justify\">&#8212;&#8212;&#8212;&#8212;&#8212;&#8212;&#8212;&#8212;&#8212;&#8212;&#8212;&#8212;&#8212;&#8212;&#8212;&#8212;&#8212;&#8212;&#8212;&#8212;&#8212;&#8212;&#8212;&#8212;&#8212;&#8212;&#8212;&#8212;-<\/p>\n<p style=\"text-align: justify\"><span style=\"text-decoration: underline\"><strong>14 juin 2019:<\/strong><\/span><strong>\u00a0<\/strong><em>Colloque scientifique GRAN \/ Lab BioNR, <\/em>Universit\u00e9 de Trois-Rivi\u00e8res. Sous la responsabilit\u00e9 de Pr Martin Descarreaux, directeur du\u00a0<a href=\"https:\/\/oraprdnt.uqtr.uquebec.ca\/pls\/public\/gscw031?owa_no_site=4525&amp;owa_no_fiche=1&amp;owa_bottin=\">Groupe de recherche sur les affections neuromusculosquelettiques<\/a>\u00a0(Universit\u00e9 de Trois-rivi\u00e8res).<\/p>\n<p style=\"text-align: justify\">Pour plus de d\u00e9tails:\u00a0<a href=\"mailto:Catherine.Daneau@uqtr.ca\">Catherine.Daneau@uqtr.ca<\/a><\/p>\n<p style=\"text-align: justify\">\n","protected":false},"excerpt":{"rendered":"<p>25-28 juin 2019:\u00a0\u00c9cole d&rsquo;\u00e9t\u00e9 sur les technologies portables et les microcontrolleurs, Universit\u00e9 de Moncton. Sous la responsabilit\u00e9 de\u00a0Prs Martin Lavalli\u00e8re (UQAC) et Grant Handrigan (UdeMoncton). Pour plus de d\u00e9tails:\u00a0Martin_Lavalliere@uqac.ca &#8212;&#8212;&#8212;&#8212;&#8212;&#8212;&#8212;&#8212;&#8212;&#8212;&#8212;&#8212;&#8212;&#8212;&#8212;&#8212;&#8212;&#8212;&#8212;&#8212;&#8212;&#8212;&#8212;&#8212;&#8212;&#8212;&#8212;&#8212;- 14 juin 2019:\u00a0Colloque scientifique GRAN \/ Lab BioNR, Universit\u00e9 de Trois-Rivi\u00e8res. Sous la responsabilit\u00e9 de Pr Martin Descarreaux, directeur du\u00a0Groupe de recherche sur les affections &hellip; <a href=\"https:\/\/recherche.uqac.ca\/labbionr\/activites-et-evenements-du-lab-bionr\/autres-activites\/\" class=\"more-link\">Continuer la lecture de <span class=\"screen-reader-text\">Autres activit\u00e9s<\/span>  <span class=\"meta-nav\">&rarr;<\/span><\/a><\/p>\n","protected":false},"author":18,"featured_media":0,"parent":251,"menu_order":2,"comment_status":"closed","ping_status":"closed","template":"","meta":{"footnotes":""},"_links":{"self":[{"href":"https:\/\/recherche.uqac.ca\/labbionr\/wp-json\/wp\/v2\/pages\/259"}],"collection":[{"href":"https:\/\/recherche.uqac.ca\/labbionr\/wp-json\/wp\/v2\/pages"}],"about":[{"href":"https:\/\/recherche.uqac.ca\/labbionr\/wp-json\/wp\/v2\/types\/page"}],"author":[{"embeddable":true,"href":"https:\/\/recherche.uqac.ca\/labbionr\/wp-json\/wp\/v2\/users\/18"}],"replies":[{"embeddable":true,"href":"https:\/\/recherche.uqac.ca\/labbionr\/wp-json\/wp\/v2\/comments?post=259"}],"version-history":[{"count":1,"href":"https:\/\/recherche.uqac.ca\/labbionr\/wp-json\/wp\/v2\/pages\/259\/revisions"}],"predecessor-version":[{"id":260,"href":"https:\/\/recherche.uqac.ca\/labbionr\/wp-json\/wp\/v2\/pages\/259\/revisions\/260"}],"up":[{"embeddable":true,"href":"https:\/\/recherche.uqac.ca\/labbionr\/wp-json\/wp\/v2\/pages\/251"}],"wp:attachment":[{"href":"https:\/\/recherche.uqac.ca\/labbionr\/wp-json\/wp\/v2\/media?parent=259"}],"curies":[{"name":"wp","href":"https:\/\/api.w.org\/{rel}","templated":true}]}}