{"id":28,"date":"2018-04-18T04:24:05","date_gmt":"2018-04-18T03:24:05","guid":{"rendered":"https:\/\/recherche.uqac.ca\/labbionr\/?page_id=28"},"modified":"2019-06-05T23:11:59","modified_gmt":"2019-06-06T03:11:59","slug":"axes-et-thematiques-de-recherche","status":"publish","type":"page","link":"https:\/\/recherche.uqac.ca\/labbionr\/la-recherche\/axes-et-thematiques-de-recherche\/","title":{"rendered":"Axes et th\u00e9matiques de recherche"},"content":{"rendered":"<p style=\"text-align: justify\"><span style=\"color: #ff0000\"><strong>Axe 1: Douleur et contr\u00f4le sensorimoteur<\/strong><\/span><\/p>\n<p style=\"text-align: justify\"><u>Th\u00e9matique 1\u00a0:<\/u> Approfondir la compr\u00e9hension des m\u00e9canismes li\u00e9s \u00e0 la douleur.<\/p>\n<p style=\"text-align: justify\"><u>Th\u00e9matique 2\u00a0:<\/u> Tester des outils d\u2019\u00e9valuation novateurs pour une mesure plus objective des caract\u00e9ristiques de la douleur, notamment dans des contextes fonctionnels et des milieux de travail.<\/p>\n<p style=\"text-align: justify\"><u>Th\u00e9matique 3\u00a0:<\/u> Tester l\u2019efficacit\u00e9 de nouvelles m\u00e9thodes d\u2019intervention pour la prise en charge des individus atteints de douleur. Il s\u2019agit ici d\u2019\u00e9tablir des \u00e9tudes d\u2019intervention testant (i) les effets imm\u00e9diats sur la probl\u00e9matique \u00e9tudi\u00e9e et (ii) les effets \u00e0 plus long terme par le biais d\u2019\u00e9tudes longitudinales.<\/p>\n<p style=\"text-align: justify\"><span style=\"color: #008000\"><strong>Axe 2: Neurostimulation non-invasive<\/strong><\/span><\/p>\n<p style=\"text-align: justify\"><u>Th\u00e9matique 1\u00a0:<\/u> Utilisation d\u2019appareils de neurostimulation non-invasive, telle la stimulation magn\u00e9tique transcr\u00e2nienne (TMS), comme outil d\u2019investigation neurophysiologique s\u00e9curitaire permettant d\u2019\u00e9tudier la capacit\u00e9 du cerveau \u00e0 s\u2019adapter (diagnostic) et d\u2019estimer le potentiel de r\u00e9cup\u00e9ration (pronostic) en pr\u00e9sence d\u2019une pathologie du syst\u00e8me nerveux.<\/p>\n<p style=\"text-align: justify\"><u>Th\u00e9matique 2\u00a0:<\/u> Tester de nouvelles technologies novatrices d\u2019\u00e9valuation et d\u2019intervention aupr\u00e8s de client\u00e8les pr\u00e9sentant des conditions neurologiques.<\/p>\n<p style=\"text-align: justify\"><span style=\"color: #0000ff\"><strong>Axe 3: Vieillissement et pr\u00e9vention des chutes<\/strong><\/span><\/p>\n<p style=\"text-align: justify\"><u>Th\u00e9matique 1\u00a0:<\/u> Approfondir la compr\u00e9hension des facteurs d\u2019influence et m\u00e9canismes neurophysiologiques contribuant aux d\u00e9ficiences physiques, incapacit\u00e9s fonctionnelles et aux risques de chute chez la client\u00e8le vieillissante ou pathologique.<\/p>\n<p style=\"text-align: justify\"><u>Th\u00e9matique 2\u00a0:<\/u> Tester de nouvelles m\u00e9thodes permettant d\u2019\u00e9valuer et de traiter les d\u00e9ficiences sensorimotrices observ\u00e9es chez la client\u00e8le \u00e2g\u00e9e, tels que les probl\u00e8mes d\u2019\u00e9quilibre et de mobilit\u00e9.<\/p>\n","protected":false},"excerpt":{"rendered":"<p>Axe 1: Douleur et contr\u00f4le sensorimoteur Th\u00e9matique 1\u00a0: Approfondir la compr\u00e9hension des m\u00e9canismes li\u00e9s \u00e0 la douleur. Th\u00e9matique 2\u00a0: Tester des outils d\u2019\u00e9valuation novateurs pour une mesure plus objective des caract\u00e9ristiques de la douleur, notamment dans des contextes fonctionnels et des milieux de travail. Th\u00e9matique 3\u00a0: Tester l\u2019efficacit\u00e9 de nouvelles m\u00e9thodes d\u2019intervention pour la prise &hellip; <a href=\"https:\/\/recherche.uqac.ca\/labbionr\/la-recherche\/axes-et-thematiques-de-recherche\/\" class=\"more-link\">Continuer la lecture de <span class=\"screen-reader-text\">Axes et th\u00e9matiques de recherche<\/span>  <span class=\"meta-nav\">&rarr;<\/span><\/a><\/p>\n","protected":false},"author":18,"featured_media":0,"parent":26,"menu_order":0,"comment_status":"closed","ping_status":"closed","template":"","meta":{"footnotes":""},"_links":{"self":[{"href":"https:\/\/recherche.uqac.ca\/labbionr\/wp-json\/wp\/v2\/pages\/28"}],"collection":[{"href":"https:\/\/recherche.uqac.ca\/labbionr\/wp-json\/wp\/v2\/pages"}],"about":[{"href":"https:\/\/recherche.uqac.ca\/labbionr\/wp-json\/wp\/v2\/types\/page"}],"author":[{"embeddable":true,"href":"https:\/\/recherche.uqac.ca\/labbionr\/wp-json\/wp\/v2\/users\/18"}],"replies":[{"embeddable":true,"href":"https:\/\/recherche.uqac.ca\/labbionr\/wp-json\/wp\/v2\/comments?post=28"}],"version-history":[{"count":6,"href":"https:\/\/recherche.uqac.ca\/labbionr\/wp-json\/wp\/v2\/pages\/28\/revisions"}],"predecessor-version":[{"id":247,"href":"https:\/\/recherche.uqac.ca\/labbionr\/wp-json\/wp\/v2\/pages\/28\/revisions\/247"}],"up":[{"embeddable":true,"href":"https:\/\/recherche.uqac.ca\/labbionr\/wp-json\/wp\/v2\/pages\/26"}],"wp:attachment":[{"href":"https:\/\/recherche.uqac.ca\/labbionr\/wp-json\/wp\/v2\/media?parent=28"}],"curies":[{"name":"wp","href":"https:\/\/api.w.org\/{rel}","templated":true}]}}