{"id":373,"date":"2023-02-20T21:50:14","date_gmt":"2023-02-21T02:50:14","guid":{"rendered":"https:\/\/recherche.uqac.ca\/labbionr\/?page_id=373"},"modified":"2023-02-20T21:54:03","modified_gmt":"2023-02-21T02:54:03","slug":"membres-chercheurs-associes","status":"publish","type":"page","link":"https:\/\/recherche.uqac.ca\/labbionr\/a-propos\/notre-equipe\/membres-chercheurs-associes\/","title":{"rendered":"Membres chercheurs associ\u00e9s"},"content":{"rendered":"<p><strong>Julie Bouchard<\/strong>,\u00a0Ph.D., Psychologue, Professeure r\u00e9guli\u00e8re \u00e0 l\u2019UQAC,\u00a0directrice du D\u00e9partement des sciences de la sant\u00e9<\/p>\n<p><a href=\"https:\/\/recherche.uqac.ca\/labbionr\/wp-content\/uploads\/sites\/7\/2023\/02\/319345822_636718811580186_9173059735191659009_n.jpg\"><img loading=\"lazy\" decoding=\"async\" class=\"alignnone size-full wp-image-375\" src=\"https:\/\/recherche.uqac.ca\/labbionr\/wp-content\/uploads\/sites\/7\/2023\/02\/319345822_636718811580186_9173059735191659009_n.jpg\" alt=\"319345822_636718811580186_9173059735191659009_n\" width=\"300\" height=\"300\" srcset=\"https:\/\/recherche.uqac.ca\/labbionr\/wp-content\/uploads\/sites\/7\/2023\/02\/319345822_636718811580186_9173059735191659009_n.jpg 300w, https:\/\/recherche.uqac.ca\/labbionr\/wp-content\/uploads\/sites\/7\/2023\/02\/319345822_636718811580186_9173059735191659009_n-150x150.jpg 150w\" sizes=\"(max-width: 300px) 100vw, 300px\" \/><\/a><\/p>\n<ul>\n<li><strong>Champs d&rsquo;int\u00e9r\u00eat\u00a0:<\/strong>\n<ul>\n<li>Atteintes cognitives<\/li>\n<li>Maladie d\u2019Alzheimer<\/li>\n<li>Maladies neuromusculaires<\/li>\n<li>Maladies neurologiques<\/li>\n<li>D\u00e9mences<\/li>\n<li>Aspects sociaux du vieillissement<\/li>\n<li>R\u00e9int\u00e9gration socio-occupationnelle<\/li>\n<li>Conditions d\u2019adaptation et d\u2019insertion<\/li>\n<li>Capteurs et dispositifs<\/li>\n<\/ul>\n<\/li>\n<\/ul>\n<p><strong>Jean-Philippe Paquin,<\/strong> Ph.M., pht,<strong>\u00a0<\/strong>Professeur clinicien \u00e0 l&rsquo;unit\u00e9 d\u2019enseignement en physioth\u00e9rapie, UQAC<\/p>\n<p><a href=\"https:\/\/recherche.uqac.ca\/labbionr\/wp-content\/uploads\/sites\/7\/2023\/02\/cdg-6548-Jean-Philippe-Paquin.jpeg\"><img loading=\"lazy\" decoding=\"async\" class=\"alignnone size-medium wp-image-374\" src=\"https:\/\/recherche.uqac.ca\/labbionr\/wp-content\/uploads\/sites\/7\/2023\/02\/cdg-6548-Jean-Philippe-Paquin-240x300.jpeg\" alt=\"cdg-6548 - Jean-Philippe Paquin\" width=\"240\" height=\"300\" srcset=\"https:\/\/recherche.uqac.ca\/labbionr\/wp-content\/uploads\/sites\/7\/2023\/02\/cdg-6548-Jean-Philippe-Paquin-240x300.jpeg 240w, https:\/\/recherche.uqac.ca\/labbionr\/wp-content\/uploads\/sites\/7\/2023\/02\/cdg-6548-Jean-Philippe-Paquin-819x1024.jpeg 819w, https:\/\/recherche.uqac.ca\/labbionr\/wp-content\/uploads\/sites\/7\/2023\/02\/cdg-6548-Jean-Philippe-Paquin.jpeg 1900w\" sizes=\"(max-width: 240px) 100vw, 240px\" \/><\/a><\/p>\n<ul>\n<li><strong>Champs d&rsquo;int\u00e9r\u00eat\u00a0:<\/strong>\n<ul>\n<li>Enseignement<\/li>\n<li>Orthop\u00e9die<\/li>\n<li>Th\u00e9rapie manuelle<\/li>\n<\/ul>\n<\/li>\n<\/ul>\n<p><strong>V\u00e9ronique Roberge<\/strong>, Ph.D.,<strong>\u00a0<\/strong>Infirmi\u00e8re,<strong>\u00a0<\/strong>Professeure associ\u00e9e au d\u00e9partement des\u00a0sciences de la sant\u00e9, directrice du Module des sciences infirmi\u00e8res, directrice des programmes IPSPL<\/p>\n<h2><a href=\"https:\/\/recherche.uqac.ca\/labbionr\/wp-content\/uploads\/sites\/7\/2023\/02\/Portrait2015webres-002-002.jpg\"><img loading=\"lazy\" decoding=\"async\" class=\"alignnone size-medium wp-image-376\" src=\"https:\/\/recherche.uqac.ca\/labbionr\/wp-content\/uploads\/sites\/7\/2023\/02\/Portrait2015webres-002-002-200x300.jpg\" alt=\"Portrait2015webres-002-002\" width=\"200\" height=\"300\" srcset=\"https:\/\/recherche.uqac.ca\/labbionr\/wp-content\/uploads\/sites\/7\/2023\/02\/Portrait2015webres-002-002-200x300.jpg 200w, https:\/\/recherche.uqac.ca\/labbionr\/wp-content\/uploads\/sites\/7\/2023\/02\/Portrait2015webres-002-002-681x1024.jpg 681w, https:\/\/recherche.uqac.ca\/labbionr\/wp-content\/uploads\/sites\/7\/2023\/02\/Portrait2015webres-002-002.jpg 1331w\" sizes=\"(max-width: 200px) 100vw, 200px\" \/><\/a><\/h2>\n<ul>\n<li><strong>Champs d\u2019int\u00e9r\u00eat :<\/strong>\n<ul>\n<li>Soins palliatifs p\u00e9diatriques<\/li>\n<li>Oncologie p\u00e9diatrique<\/li>\n<li>Soins intensifs aupr\u00e8s des nouveau-n\u00e9s, des enfants et des adultes<\/li>\n<li>M\u00e9thodes qualitatives<\/li>\n<li>Approche de soins centr\u00e9e sur la famille<\/li>\n<\/ul>\n<\/li>\n<\/ul>\n<p><strong>Chantale Simard<\/strong>, Ph.D.,\u00a0Infirmi\u00e8re, Professeure-chercheure au Module des sciences infirmi\u00e8res de l\u2019UQAC<\/p>\n<h2><a href=\"https:\/\/recherche.uqac.ca\/labbionr\/wp-content\/uploads\/sites\/7\/2023\/02\/UQAC-HR-15.jpeg\"><img loading=\"lazy\" decoding=\"async\" class=\"alignnone size-medium wp-image-377\" src=\"https:\/\/recherche.uqac.ca\/labbionr\/wp-content\/uploads\/sites\/7\/2023\/02\/UQAC-HR-15-260x300.jpeg\" alt=\"UQAC-HR-15\" width=\"260\" height=\"300\" srcset=\"https:\/\/recherche.uqac.ca\/labbionr\/wp-content\/uploads\/sites\/7\/2023\/02\/UQAC-HR-15-260x300.jpeg 260w, https:\/\/recherche.uqac.ca\/labbionr\/wp-content\/uploads\/sites\/7\/2023\/02\/UQAC-HR-15.jpeg 489w\" sizes=\"(max-width: 260px) 100vw, 260px\" \/><\/a><\/h2>\n<ul>\n<li><strong>Champs d\u2019int\u00e9r\u00eat<\/strong>\n<ul>\n<li>Soins oncologiques et palliatifs, deuil (enfants et adultes)<\/li>\n<li>Sant\u00e9 et r\u00e9silience familiales<\/li>\n<li>Approche de soins centr\u00e9e sur les forces<\/li>\n<li>Approche collaborative (personne soign\u00e9e\/familles, \u00e9quipe interdisciplinaire, gestionnaires, chercheurs)<\/li>\n<li>\u00c9laboration et \u00e9valuation d\u2019interventions cliniques<\/li>\n<li>D\u00e9veloppement de la pratique infirmi\u00e8re<\/li>\n<\/ul>\n<\/li>\n<\/ul>\n<p><strong>C\u00e9sar F. Amorim,\u00a0<\/strong>Ph.D, Professeur-chercheur au programme de physioth\u00e9rapie de l\u2019Universidade Cidade de S\u00e3o Paulo (S\u00e3o Paulo, Br\u00e9sil), directeur de la compagnie EMG system do Brasil<\/p>\n<p><a href=\"https:\/\/recherche.uqac.ca\/labbionr\/wp-content\/uploads\/sites\/7\/2023\/02\/20180410_091725-e1525864985540-225x300.jpg\"><img loading=\"lazy\" decoding=\"async\" class=\"alignnone size-medium wp-image-378\" src=\"https:\/\/recherche.uqac.ca\/labbionr\/wp-content\/uploads\/sites\/7\/2023\/02\/20180410_091725-e1525864985540-225x300-225x300.jpg\" alt=\"20180410_091725-e1525864985540-225x300\" width=\"225\" height=\"300\" \/><\/a><\/p>\n<p><strong>P\u00e9n\u00e9lope Paradis-Desch\u00eanes<\/strong>, Kin\u00e9siologue,<strong>\u00a0<\/strong>Professeure au d\u00e9partement des sciences de la sant\u00e9 \/ module d\u2019enseignement en kin\u00e9siologie<\/p>\n<h2><a href=\"https:\/\/recherche.uqac.ca\/labbionr\/wp-content\/uploads\/sites\/7\/2023\/02\/Photo_PPD.MP_rog-1.jpg\"><img loading=\"lazy\" decoding=\"async\" class=\"alignnone size-medium wp-image-380\" src=\"https:\/\/recherche.uqac.ca\/labbionr\/wp-content\/uploads\/sites\/7\/2023\/02\/Photo_PPD.MP_rog-1-300x270.jpg\" alt=\"Photo_PPD.MP_rog-1\" width=\"300\" height=\"270\" srcset=\"https:\/\/recherche.uqac.ca\/labbionr\/wp-content\/uploads\/sites\/7\/2023\/02\/Photo_PPD.MP_rog-1-300x270.jpg 300w, https:\/\/recherche.uqac.ca\/labbionr\/wp-content\/uploads\/sites\/7\/2023\/02\/Photo_PPD.MP_rog-1-1024x923.jpg 1024w, https:\/\/recherche.uqac.ca\/labbionr\/wp-content\/uploads\/sites\/7\/2023\/02\/Photo_PPD.MP_rog-1.jpg 1787w\" sizes=\"(max-width: 300px) 100vw, 300px\" \/><\/a><\/h2>\n<ul>\n<li><strong>Champs d\u2019int\u00e9r\u00eat<\/strong>\n<ul>\n<li>Pr\u00e9conditionnement isch\u00e9mique<\/li>\n<li>performance sportive\/entrainement<\/li>\n<li>Physiologie appliqu\u00e9e<\/li>\n<\/ul>\n<\/li>\n<\/ul>\n<p><strong>Micha\u00ebl Bertrand-Charrette<\/strong>, Ph.D., Physioth\u00e9rapeute, Professeur \u00e0 l&rsquo;Unit\u00e9\u00a0d&rsquo;enseignement en physioth\u00e9rapie, UQAC<\/p>\n<p><a href=\"https:\/\/recherche.uqac.ca\/labbionr\/wp-content\/uploads\/sites\/7\/2023\/02\/Michael-Bertrand-Charette.jpg\"><img loading=\"lazy\" decoding=\"async\" class=\"alignnone size-medium wp-image-381\" src=\"https:\/\/recherche.uqac.ca\/labbionr\/wp-content\/uploads\/sites\/7\/2023\/02\/Michael-Bertrand-Charette-300x300.jpg\" alt=\"Michael-Bertrand-Charette\" width=\"300\" height=\"300\" srcset=\"https:\/\/recherche.uqac.ca\/labbionr\/wp-content\/uploads\/sites\/7\/2023\/02\/Michael-Bertrand-Charette-300x300.jpg 300w, https:\/\/recherche.uqac.ca\/labbionr\/wp-content\/uploads\/sites\/7\/2023\/02\/Michael-Bertrand-Charette-150x150.jpg 150w, https:\/\/recherche.uqac.ca\/labbionr\/wp-content\/uploads\/sites\/7\/2023\/02\/Michael-Bertrand-Charette.jpg 512w\" sizes=\"(max-width: 300px) 100vw, 300px\" \/><\/a><\/p>\n<ul>\n<li><strong>Champs d&rsquo;int\u00e9r\u00eat\u00a0:<\/strong>\n<ul>\n<li>Probl\u00e8mes musculosquelettiques<\/li>\n<li>Blessures sportives<\/li>\n<li>Analyse du mouvement<\/li>\n<li>Apprentissage moteur<\/li>\n<\/ul>\n<\/li>\n<\/ul>\n<div class=\"nova-legacy-l-flex__item\"><\/div>\n<p>&nbsp;<\/p>\n","protected":false},"excerpt":{"rendered":"<p>Julie Bouchard,\u00a0Ph.D., Psychologue, Professeure r\u00e9guli\u00e8re \u00e0 l\u2019UQAC,\u00a0directrice du D\u00e9partement des sciences de la sant\u00e9 Champs d&rsquo;int\u00e9r\u00eat\u00a0: Atteintes cognitives Maladie d\u2019Alzheimer Maladies neuromusculaires Maladies neurologiques D\u00e9mences Aspects sociaux du vieillissement R\u00e9int\u00e9gration socio-occupationnelle Conditions d\u2019adaptation et d\u2019insertion Capteurs et dispositifs Jean-Philippe Paquin, Ph.M., pht,\u00a0Professeur clinicien \u00e0 l&rsquo;unit\u00e9 d\u2019enseignement en physioth\u00e9rapie, UQAC Champs d&rsquo;int\u00e9r\u00eat\u00a0: Enseignement Orthop\u00e9die Th\u00e9rapie manuelle &hellip; <a href=\"https:\/\/recherche.uqac.ca\/labbionr\/a-propos\/notre-equipe\/membres-chercheurs-associes\/\" class=\"more-link\">Continuer la lecture de <span class=\"screen-reader-text\">Membres chercheurs associ\u00e9s<\/span>  <span class=\"meta-nav\">&rarr;<\/span><\/a><\/p>\n","protected":false},"author":18,"featured_media":0,"parent":14,"menu_order":0,"comment_status":"closed","ping_status":"closed","template":"page-templates\/full-width.php","meta":{"footnotes":""},"_links":{"self":[{"href":"https:\/\/recherche.uqac.ca\/labbionr\/wp-json\/wp\/v2\/pages\/373"}],"collection":[{"href":"https:\/\/recherche.uqac.ca\/labbionr\/wp-json\/wp\/v2\/pages"}],"about":[{"href":"https:\/\/recherche.uqac.ca\/labbionr\/wp-json\/wp\/v2\/types\/page"}],"author":[{"embeddable":true,"href":"https:\/\/recherche.uqac.ca\/labbionr\/wp-json\/wp\/v2\/users\/18"}],"replies":[{"embeddable":true,"href":"https:\/\/recherche.uqac.ca\/labbionr\/wp-json\/wp\/v2\/comments?post=373"}],"version-history":[{"count":2,"href":"https:\/\/recherche.uqac.ca\/labbionr\/wp-json\/wp\/v2\/pages\/373\/revisions"}],"predecessor-version":[{"id":383,"href":"https:\/\/recherche.uqac.ca\/labbionr\/wp-json\/wp\/v2\/pages\/373\/revisions\/383"}],"up":[{"embeddable":true,"href":"https:\/\/recherche.uqac.ca\/labbionr\/wp-json\/wp\/v2\/pages\/14"}],"wp:attachment":[{"href":"https:\/\/recherche.uqac.ca\/labbionr\/wp-json\/wp\/v2\/media?parent=373"}],"curies":[{"name":"wp","href":"https:\/\/api.w.org\/{rel}","templated":true}]}}