{"id":52,"date":"2018-04-19T00:50:13","date_gmt":"2018-04-18T23:50:13","guid":{"rendered":"https:\/\/recherche.uqac.ca\/labbionr\/?page_id=52"},"modified":"2020-07-27T14:10:03","modified_gmt":"2020-07-27T18:10:03","slug":"nos-coordonnees","status":"publish","type":"page","link":"https:\/\/recherche.uqac.ca\/labbionr\/nos-coordonnees\/","title":{"rendered":"Nos coordonn\u00e9es"},"content":{"rendered":"<h1 class=\"ApplePlainTextBody\" style=\"text-align: justify\"><b>Laboratoire de recherche BioNR<\/b><\/h1>\n<div class=\"ApplePlainTextBody\">\n<div style=\"text-align: justify\"><span class=\"\">D\u00e9partement des sciences de la sant\u00e9<\/span><\/div>\n<div style=\"text-align: justify\"><span class=\"\">Universit\u00e9 du Qu\u00e9bec \u00e0 Chicoutimi<\/span><\/div>\n<div style=\"text-align: justify\">Local H0-1070<\/div>\n<div style=\"text-align: justify\"><span class=\"\">555 Boulevard de l\u2019Universit\u00e9<\/span><\/div>\n<div style=\"text-align: justify\"><span class=\"\">Chicoutimi (QC, Canada), G7H 2B1<\/span><\/div>\n<div style=\"text-align: justify\"><a href=\"mailto:LabBioNR@uqac.ca\">LabBioNR@uqac.ca<\/a><\/div>\n<\/div>\n<div style=\"text-align: justify\"><\/div>\n<p>&nbsp;<\/p>\n<div class=\"ApplePlainTextBody\">\n<h2 style=\"text-align: justify\"><strong>Pour joindre les\u00a0membres chercheurs r\u00e9guliers:<\/strong><\/h2>\n<div style=\"text-align: justify\"><span style=\"text-decoration: underline\">Pre Suzy Ngomo:<\/span>\u00a0<a href=\"mailto:Suzy_Ngomo@uqac.ca\">Suzy_Ngomo@uqac.ca<\/a>,\u00a0418-545-5011 poste 4641;<\/div>\n<div style=\"text-align: justify\"><span style=\"text-decoration: underline\">Pr Rubens A. da Silva Jr:<\/span>\u00a0<a href=\"mailto:Rubens_DaSilva@uqac.ca\">Rubens_DaSilva@uqac.ca<\/a>,\u00a0418-545-5011 poste 6123;<\/div>\n<div style=\"text-align: justify\"><span style=\"text-decoration: underline\">Pr Louis-David Beaulieu:<\/span>\u00a0<a href=\"mailto:Louis-David_Beaulieu@uqac.ca\">Louis-David_Beaulieu@uqac.ca<\/a>, 418-545-5011 poste 6109;<\/div>\n<div style=\"text-align: justify\"><span style=\"text-decoration: underline\">Pr Martin Lavalli\u00e8re:<\/span> <a href=\"mailto:Martin_Lavalliere@uqac.ca\">Martin_Lavalliere@uqac.ca<\/a>,\u00a0418-545-5011 poste 4214;<\/div>\n<div style=\"text-align: justify\">Pr S\u00e9bastien Dufresne:\u00a0<a href=\"mailto:Sebastien2_Dufresne@uqac.ca\">Sebastien2_Dufresne@uqac.ca<\/a>,\u00a0418 545-5011 poste 5341.<\/div>\n<\/div>\n<div style=\"text-align: justify\"><\/div>\n<div style=\"text-align: justify\"><\/div>\n","protected":false},"excerpt":{"rendered":"<p>Laboratoire de recherche BioNR D\u00e9partement des sciences de la sant\u00e9 Universit\u00e9 du Qu\u00e9bec \u00e0 Chicoutimi Local H0-1070 555 Boulevard de l\u2019Universit\u00e9 Chicoutimi (QC, Canada), G7H 2B1 LabBioNR@uqac.ca &nbsp; Pour joindre les\u00a0membres chercheurs r\u00e9guliers: Pre Suzy Ngomo:\u00a0Suzy_Ngomo@uqac.ca,\u00a0418-545-5011 poste 4641; Pr Rubens A. da Silva Jr:\u00a0Rubens_DaSilva@uqac.ca,\u00a0418-545-5011 poste 6123; Pr Louis-David Beaulieu:\u00a0Louis-David_Beaulieu@uqac.ca, 418-545-5011 poste 6109; Pr Martin Lavalli\u00e8re: &hellip; <a href=\"https:\/\/recherche.uqac.ca\/labbionr\/nos-coordonnees\/\" class=\"more-link\">Continuer la lecture de <span class=\"screen-reader-text\">Nos coordonn\u00e9es<\/span>  <span class=\"meta-nav\">&rarr;<\/span><\/a><\/p>\n","protected":false},"author":18,"featured_media":0,"parent":0,"menu_order":2,"comment_status":"closed","ping_status":"closed","template":"","meta":{"footnotes":""},"_links":{"self":[{"href":"https:\/\/recherche.uqac.ca\/labbionr\/wp-json\/wp\/v2\/pages\/52"}],"collection":[{"href":"https:\/\/recherche.uqac.ca\/labbionr\/wp-json\/wp\/v2\/pages"}],"about":[{"href":"https:\/\/recherche.uqac.ca\/labbionr\/wp-json\/wp\/v2\/types\/page"}],"author":[{"embeddable":true,"href":"https:\/\/recherche.uqac.ca\/labbionr\/wp-json\/wp\/v2\/users\/18"}],"replies":[{"embeddable":true,"href":"https:\/\/recherche.uqac.ca\/labbionr\/wp-json\/wp\/v2\/comments?post=52"}],"version-history":[{"count":13,"href":"https:\/\/recherche.uqac.ca\/labbionr\/wp-json\/wp\/v2\/pages\/52\/revisions"}],"predecessor-version":[{"id":288,"href":"https:\/\/recherche.uqac.ca\/labbionr\/wp-json\/wp\/v2\/pages\/52\/revisions\/288"}],"wp:attachment":[{"href":"https:\/\/recherche.uqac.ca\/labbionr\/wp-json\/wp\/v2\/media?parent=52"}],"curies":[{"name":"wp","href":"https:\/\/api.w.org\/{rel}","templated":true}]}}