{"id":143,"date":"2017-09-01T13:52:56","date_gmt":"2017-09-01T12:52:56","guid":{"rendered":"https:\/\/recherche.uqac.ca\/labonfc\/?page_id=143"},"modified":"2026-03-27T14:05:34","modified_gmt":"2026-03-27T13:05:34","slug":"qui-sommes-nous","status":"publish","type":"page","link":"https:\/\/recherche.uqac.ca\/labonfc\/","title":{"rendered":"Qui sommes-nous?"},"content":{"rendered":"<p style=\"text-align: center;\">Reconnu par<\/p>\n<h1 style=\"text-align: center;\"><strong>Le\u00a0<span style=\"color: #00ccff;\">Laboratoire de recherche sur les\u00a0Nouvelles Formes de Consommation (LaboNFC)<\/span>\u00a0<\/strong>est un laboratoire in\u00e9dit sur les nouvelles formes de consommation en Am\u00e9rique du Nord<\/h1>\n<p style=\"text-align: center;\">Le\u00a0<strong><span style=\"color: #00ccff;\">LaboNFC<\/span><\/strong>\u00a0est un laboratoire de recherche appliqu\u00e9e en sciences de la gestion avec une sp\u00e9cialisation dans la mod\u00e9lisation du comportement du consommateur, des mod\u00e8les d&rsquo;affaires et de la technologie supportant ces formes de consommation, de la relation du consommateur avec la marque, et d&rsquo;une approche critique\u00a0pour le bien-\u00eatre social.<\/p>\n<p style=\"text-align: center;\">Une unit\u00e9 structur\u00e9e de recherche reconnue par l&rsquo;Universit\u00e9 du Qu\u00e9bec \u00e0 Chicoutimi, rattach\u00e9e au D\u00e9partement des Sciences \u00c9conomiques et Administratives.<\/p>\n<p style=\"text-align: center;\">Fond\u00e9 en 2017, le\u00a0<span style=\"color: #00ccff;\"><strong>LaboNFC<\/strong><\/span>\u00a0est une unit\u00e9 de recherche d&rsquo;\u00e9tudes et de veille strat\u00e9gique ax\u00e9e sur la recherche-innovation et le transfert de connaissances relatives \u00e0 l&rsquo;\u00e9mergence de nouvelles formes de consommation.<\/p>\n<hr \/>\n<h1 style=\"text-align: center;\">NOTRE MISSION<\/h1>\n<p style=\"text-align: center;\"><strong>|1| LA RECHERCHE<\/strong>\u00a0&#8211; Effectuer de la recherche fondamentale et appliqu\u00e9e dans le domaine de la consommation , du branding, de l&rsquo;innovation, et du bien-\u00eatre social.<\/p>\n<p style=\"text-align: center;\"><strong>|2| LA FORMATION<\/strong>\u00a0&#8211; Former des chercheurs acad\u00e9miques et professionnels sur les axes du LaboNFC.<\/p>\n<p style=\"text-align: center;\"><strong>|3| LA DIFFUSION<\/strong>\u00a0&#8211; Vulgariser et diss\u00e9miner les recherches en lien avec les axes du LaboNFC aupr\u00e8s de l&rsquo;industrie et du grand public.<\/p>\n<hr \/>\n<h1 style=\"text-align: center;\"><strong>D\u00e9couvrez en plus sur le LaboNFC<\/strong><\/h1>\n<p style=\"text-align: center;\"><a href=\"https:\/\/recherche.uqac.ca\/labonfc\/qui-sommes-nous\/\">L&rsquo;\u00e9quipe<\/a> \u00a0 <a href=\"https:\/\/recherche.uqac.ca\/labonfc\/que-faisons-nous\/axes-de-recherche\/\">\u00a0Nos axes de recherches<\/a> \u00a0 <a href=\"https:\/\/recherche.uqac.ca\/labonfc\/que-faisons-nous\/projets-de-recherche\/\">Nos projets de recherches<\/a> \u00a0 <a href=\"https:\/\/recherche.uqac.ca\/labonfc\/que-faisons-nous\/articles-de-revues-scientifiques\/\">Nos publications \u00a0<\/a>\u00a0 <a href=\"https:\/\/recherche.uqac.ca\/labonfc\/que-faisons-nous\/communications-dans-des-conferences-arbitrees\/\">Nos communications\u00a0<\/a><\/p>\n","protected":false},"excerpt":{"rendered":"<p>Reconnu par Le\u00a0Laboratoire de recherche sur les\u00a0Nouvelles Formes de Consommation (LaboNFC)\u00a0est un laboratoire in\u00e9dit sur les nouvelles formes de consommation en Am\u00e9rique du Nord Le\u00a0LaboNFC\u00a0est un laboratoire de recherche appliqu\u00e9e en sciences de la gestion avec une sp\u00e9cialisation dans la mod\u00e9lisation du comportement du consommateur, des mod\u00e8les d&rsquo;affaires et de la technologie supportant ces formes &hellip; <a href=\"https:\/\/recherche.uqac.ca\/labonfc\/\" class=\"more-link\">Continuer la lecture de <span class=\"screen-reader-text\">Qui sommes-nous?<\/span>  <span class=\"meta-nav\">&rarr;<\/span><\/a><\/p>\n","protected":false},"author":10,"featured_media":0,"parent":0,"menu_order":1,"comment_status":"closed","ping_status":"closed","template":"","meta":{"footnotes":""},"_links":{"self":[{"href":"https:\/\/recherche.uqac.ca\/labonfc\/wp-json\/wp\/v2\/pages\/143"}],"collection":[{"href":"https:\/\/recherche.uqac.ca\/labonfc\/wp-json\/wp\/v2\/pages"}],"about":[{"href":"https:\/\/recherche.uqac.ca\/labonfc\/wp-json\/wp\/v2\/types\/page"}],"author":[{"embeddable":true,"href":"https:\/\/recherche.uqac.ca\/labonfc\/wp-json\/wp\/v2\/users\/10"}],"replies":[{"embeddable":true,"href":"https:\/\/recherche.uqac.ca\/labonfc\/wp-json\/wp\/v2\/comments?post=143"}],"version-history":[{"count":5,"href":"https:\/\/recherche.uqac.ca\/labonfc\/wp-json\/wp\/v2\/pages\/143\/revisions"}],"predecessor-version":[{"id":754,"href":"https:\/\/recherche.uqac.ca\/labonfc\/wp-json\/wp\/v2\/pages\/143\/revisions\/754"}],"wp:attachment":[{"href":"https:\/\/recherche.uqac.ca\/labonfc\/wp-json\/wp\/v2\/media?parent=143"}],"curies":[{"name":"wp","href":"https:\/\/api.w.org\/{rel}","templated":true}]}}