{"id":153,"date":"2017-09-01T15:08:38","date_gmt":"2017-09-01T14:08:38","guid":{"rendered":"https:\/\/recherche.uqac.ca\/labonfc\/?page_id=153"},"modified":"2017-09-18T13:53:56","modified_gmt":"2017-09-18T12:53:56","slug":"que-faisons-nous","status":"publish","type":"page","link":"https:\/\/recherche.uqac.ca\/labonfc\/que-faisons-nous\/","title":{"rendered":"Que faisons-nous?"},"content":{"rendered":"<p style=\"text-align: center\"><span style=\"color: #00ccff\"><strong>| AXE 1\u00a0<\/strong>|<\/span><\/p>\n<p style=\"text-align: center\"><span style=\"color: #0000ff\"><span style=\"color: #000000\">\u00c9tude des facteurs\u00a0psychologiques, socio-anthropologiques, situationnels et sociod\u00e9mographiques entrant en jeu dans la mod\u00e9lisation des formes de consommation des consommateurs, \u00e0 travers diff\u00e9rents types de consommation.<\/span><\/span><\/p>\n<p style=\"text-align: center\"><span style=\"color: #00ccff\"><strong>| AXE 2\u00a0<\/strong>|\u00a0<\/span><\/p>\n<p style=\"text-align: center\"><span style=\"color: #0000ff\"><span style=\"color: #000000\">Veille des mod\u00e8les, strat\u00e9gies, innovations, nouvelles technologies et pratiques d\u2019affaires \u00e9mergentes nourrissant et accompagnant l\u2019accroissement de l\u2019\u00e9tendue des nouvelles formes de consommation, et associ\u00e9es \u00e0 la modification du comportement du consommateur, usager ou citoyen.<\/span><\/span><\/p>\n<p style=\"text-align: center\"><span style=\"color: #00ccff\"><strong>| AXE 3\u00a0<\/strong>|<\/span><\/p>\n<p style=\"text-align: center\"><span style=\"color: #0000ff\"><span style=\"color: #000000\">Analyse de l\u2019impact des nouvelles formes de consommation et de processus d&rsquo;affaires au niveau de la soci\u00e9t\u00e9 et de leur contribution au bien-\u00eatre social ainsi qu\u2019\u00e0 la qualit\u00e9 de vie des citoyens.<\/span><\/span><\/p>\n","protected":false},"excerpt":{"rendered":"<p>| AXE 1\u00a0| \u00c9tude des facteurs\u00a0psychologiques, socio-anthropologiques, situationnels et sociod\u00e9mographiques entrant en jeu dans la mod\u00e9lisation des formes de consommation des consommateurs, \u00e0 travers diff\u00e9rents types de consommation. | AXE 2\u00a0|\u00a0 Veille des mod\u00e8les, strat\u00e9gies, innovations, nouvelles technologies et pratiques d\u2019affaires \u00e9mergentes nourrissant et accompagnant l\u2019accroissement de l\u2019\u00e9tendue des nouvelles formes de consommation, et associ\u00e9es &hellip; <a href=\"https:\/\/recherche.uqac.ca\/labonfc\/que-faisons-nous\/\" class=\"more-link\">Continuer la lecture de <span class=\"screen-reader-text\">Que faisons-nous?<\/span>  <span class=\"meta-nav\">&rarr;<\/span><\/a><\/p>\n","protected":false},"author":10,"featured_media":0,"parent":0,"menu_order":0,"comment_status":"closed","ping_status":"closed","template":"showcase.php","meta":{"footnotes":""},"_links":{"self":[{"href":"https:\/\/recherche.uqac.ca\/labonfc\/wp-json\/wp\/v2\/pages\/153"}],"collection":[{"href":"https:\/\/recherche.uqac.ca\/labonfc\/wp-json\/wp\/v2\/pages"}],"about":[{"href":"https:\/\/recherche.uqac.ca\/labonfc\/wp-json\/wp\/v2\/types\/page"}],"author":[{"embeddable":true,"href":"https:\/\/recherche.uqac.ca\/labonfc\/wp-json\/wp\/v2\/users\/10"}],"replies":[{"embeddable":true,"href":"https:\/\/recherche.uqac.ca\/labonfc\/wp-json\/wp\/v2\/comments?post=153"}],"version-history":[{"count":2,"href":"https:\/\/recherche.uqac.ca\/labonfc\/wp-json\/wp\/v2\/pages\/153\/revisions"}],"predecessor-version":[{"id":199,"href":"https:\/\/recherche.uqac.ca\/labonfc\/wp-json\/wp\/v2\/pages\/153\/revisions\/199"}],"wp:attachment":[{"href":"https:\/\/recherche.uqac.ca\/labonfc\/wp-json\/wp\/v2\/media?parent=153"}],"curies":[{"name":"wp","href":"https:\/\/api.w.org\/{rel}","templated":true}]}}