{"id":200,"date":"2017-09-01T15:44:12","date_gmt":"2017-09-01T14:44:12","guid":{"rendered":"https:\/\/recherche.uqac.ca\/labonfc\/?page_id=200"},"modified":"2017-09-01T16:25:12","modified_gmt":"2017-09-01T15:25:12","slug":"rejoignez-nous","status":"publish","type":"page","link":"https:\/\/recherche.uqac.ca\/labonfc\/rejoignez-nous\/","title":{"rendered":"Rejoignez-nous"},"content":{"rendered":"<h1 style=\"text-align: center\"><strong>Rejoignez l&rsquo;\u00e9quipe du LaboNFC<\/strong><\/h1>\n<h2 style=\"text-align: left\">\u00c9tudiants<\/h2>\n<ul>\n<li>\u00c9tudiants \u00e0 la MGO ou \u00e0 la MGP? Cliquez par ici pour d\u00e9couvrir les modalit\u00e9s de r\u00e9alisation d&rsquo;un m\u00e9moire. Cliquez ici pour avoir acc\u00e8s aux sujets de recherche.<\/li>\n<li>Post doctorants? Cliquez par l\u00e0.<\/li>\n<\/ul>\n<h2>Professionnels<\/h2>\n<p>Vous souhaitez\u00a0d\u00e9veloppez des projets de recherche appliqu\u00e9e dans votre milieu professionnel? Le LaboNFC vous permet d&rsquo;avoir acc\u00e8s \u00e0 une expertise acad\u00e9mique 100% ind\u00e9pendante, \u00e0 la fine pointe de l&rsquo;avanc\u00e9e des connaissances en mati\u00e8re de consommation et d&rsquo;\u00e9tudes de march\u00e9.<\/p>\n","protected":false},"excerpt":{"rendered":"<p>Rejoignez l&rsquo;\u00e9quipe du LaboNFC \u00c9tudiants \u00c9tudiants \u00e0 la MGO ou \u00e0 la MGP? Cliquez par ici pour d\u00e9couvrir les modalit\u00e9s de r\u00e9alisation d&rsquo;un m\u00e9moire. Cliquez ici pour avoir acc\u00e8s aux sujets de recherche. Post doctorants? Cliquez par l\u00e0. Professionnels Vous souhaitez\u00a0d\u00e9veloppez des projets de recherche appliqu\u00e9e dans votre milieu professionnel? Le LaboNFC vous permet d&rsquo;avoir &hellip; <a href=\"https:\/\/recherche.uqac.ca\/labonfc\/rejoignez-nous\/\" class=\"more-link\">Continuer la lecture de <span class=\"screen-reader-text\">Rejoignez-nous<\/span>  <span class=\"meta-nav\">&rarr;<\/span><\/a><\/p>\n","protected":false},"author":10,"featured_media":0,"parent":0,"menu_order":0,"comment_status":"closed","ping_status":"closed","template":"showcase.php","meta":{"footnotes":""},"_links":{"self":[{"href":"https:\/\/recherche.uqac.ca\/labonfc\/wp-json\/wp\/v2\/pages\/200"}],"collection":[{"href":"https:\/\/recherche.uqac.ca\/labonfc\/wp-json\/wp\/v2\/pages"}],"about":[{"href":"https:\/\/recherche.uqac.ca\/labonfc\/wp-json\/wp\/v2\/types\/page"}],"author":[{"embeddable":true,"href":"https:\/\/recherche.uqac.ca\/labonfc\/wp-json\/wp\/v2\/users\/10"}],"replies":[{"embeddable":true,"href":"https:\/\/recherche.uqac.ca\/labonfc\/wp-json\/wp\/v2\/comments?post=200"}],"version-history":[{"count":1,"href":"https:\/\/recherche.uqac.ca\/labonfc\/wp-json\/wp\/v2\/pages\/200\/revisions"}],"predecessor-version":[{"id":201,"href":"https:\/\/recherche.uqac.ca\/labonfc\/wp-json\/wp\/v2\/pages\/200\/revisions\/201"}],"wp:attachment":[{"href":"https:\/\/recherche.uqac.ca\/labonfc\/wp-json\/wp\/v2\/media?parent=200"}],"curies":[{"name":"wp","href":"https:\/\/api.w.org\/{rel}","templated":true}]}}