{"id":202,"date":"2017-09-01T15:51:01","date_gmt":"2017-09-01T14:51:01","guid":{"rendered":"https:\/\/recherche.uqac.ca\/labonfc\/?page_id=202"},"modified":"2019-10-09T17:03:42","modified_gmt":"2019-10-09T16:03:42","slug":"etudiants-a-la-maitrise","status":"publish","type":"page","link":"https:\/\/recherche.uqac.ca\/labonfc\/rejoignez-nous\/etudiants-a-la-maitrise\/","title":{"rendered":"\u00c9tudiants \u00e0 la ma\u00eetrise"},"content":{"rendered":"<p style=\"text-align: center\"><strong>Faire son m\u00e9moire au sein du LaboNFC<\/strong><\/p>\n<p style=\"text-align: center\"><em>Une id\u00e9e, une d\u00e9marche, une exp\u00e9rience unique et enrichissante<\/em><\/p>\n<p style=\"text-align: center\"><span style=\"color: #00ccff\"><strong>\u25ca\u00a0 \u00c9tape 1:<\/strong><\/span> Choix du sujet et du cadre m\u00e9thodologique. Le choix d&rsquo;un sujet de recherche en lien avec <a href=\"https:\/\/recherche.uqac.ca\/labonfc\/que-faisons-nous\/axes-de-recherche\/\">les axes de recherche du LaboNFC <\/a>peut se faire seul ou avec l&rsquo;aide des <a href=\"https:\/\/recherche.uqac.ca\/labonfc\/qui-sommes-nous\/membres-reguliers\/\">professeurs du LaboNFC<\/a>. Le cadre m\u00e9thodologique fait r\u00e9f\u00e9rence \u00e0 la mani\u00e8re de r\u00e9pondre aux questions de recherche (approche qualitative, quantitative, mixte, et ainsi de suite). \u00c0 ce stade, il est important de rester ouvert aux diff\u00e9rents types de m\u00e9thodologies existantes afin de choisir celle qui permettra de r\u00e9pondre au mieux\u00a0aux questions de recherche.<\/p>\n<hr \/>\n<p style=\"text-align: center\"><strong><span style=\"color: #00ccff\">\u25ca\u00a0 \u00c9tape 2:<\/span><\/strong> Candidater aux bourses de financement \u00e0 la recherche. Les probl\u00e9matiques d&rsquo;ordres financi\u00e8res ne devraient pas constituer un frein au d\u00e9veloppement de la recherche. Les sources de financement son nombreuses et proviennent de l&rsquo;UQAC, de partenaires priv\u00e9s, ou d&rsquo;organismes subventionnaires g\u00e9r\u00e9s par le gouvernement du Canada ou le gouvernement du Qu\u00e9bec. Pour en savoir plus sur les diff\u00e9rentes bourses et prix offerts aux \u00e9tudiants de l&rsquo;UQAC, <a href=\"http:\/\/sae.uqac.ca\/bourses\/\">le portail des bourses<\/a> centralise toutes les bourses internes ou externes auxquels il est possible de candidater.<\/p>\n<hr \/>\n<p style=\"text-align: center\"><strong><span style=\"color: #00ccff\">\u25ca\u00a0 \u00c9tape 3:<\/span><\/strong> Collecter, analyser, et interpr\u00e9ter les donn\u00e9es. C&rsquo;est la phase la plus enrichissante et la plus stimulante du m\u00e9moire. Il s&rsquo;agit de collecter les donn\u00e9es, de r\u00e9aliser les tests et les exp\u00e9rimentations permettant de tester des hypoth\u00e8ses ou de d\u00e9velopper des propositions de recherche. L&rsquo;analyse suit g\u00e9n\u00e9ralement la phase de collecte. Le LaboNFC met \u00e0 la disposition de ses \u00e9tudiants les outils les plus avanc\u00e9s en mati\u00e8re d&rsquo;analyse de donn\u00e9es quantitatives ou qualitatives.<\/p>\n<hr \/>\n<p style=\"text-align: center\"><strong><span style=\"color: #00ccff\">\u25ca\u00a0 \u00c9tape 4:<\/span> <\/strong>Finaliser la r\u00e9daction\u00a0et soumettre le m\u00e9moire. Lorsque les donn\u00e9es ont \u00e9t\u00e9 analys\u00e9es et interpr\u00e9t\u00e9es, la phase de r\u00e9daction permet de faire un compte-rendu de la d\u00e9marche acad\u00e9mique de la recherche. Ce document fait r\u00e9f\u00e9rence au\u00a0m\u00e9moire et sa finalise signe l&rsquo;aboutissement\u00a0de la ma\u00eetrise.\u00a0\u00c0 ce stade, des communications peuvent \u00eatre r\u00e9alis\u00e9es dans des conf\u00e9rences nationales ou internationales avec comit\u00e9 de lecture. Les meilleurs travaux seront pas ailleurs \u00e9ligibles \u00e0 des revues scientifiques cot\u00e9es dans les classements internationaux.<\/p>\n<p>&nbsp;<\/p>\n<p>&nbsp;<\/p>\n<p>&nbsp;<\/p>\n","protected":false},"excerpt":{"rendered":"<p>Faire son m\u00e9moire au sein du LaboNFC Une id\u00e9e, une d\u00e9marche, une exp\u00e9rience unique et enrichissante \u25ca\u00a0 \u00c9tape 1: Choix du sujet et du cadre m\u00e9thodologique. Le choix d&rsquo;un sujet de recherche en lien avec les axes de recherche du LaboNFC peut se faire seul ou avec l&rsquo;aide des professeurs du LaboNFC. Le cadre m\u00e9thodologique &hellip; <a href=\"https:\/\/recherche.uqac.ca\/labonfc\/rejoignez-nous\/etudiants-a-la-maitrise\/\" class=\"more-link\">Continuer la lecture de <span class=\"screen-reader-text\">\u00c9tudiants \u00e0 la ma\u00eetrise<\/span>  <span class=\"meta-nav\">&rarr;<\/span><\/a><\/p>\n","protected":false},"author":10,"featured_media":0,"parent":200,"menu_order":1,"comment_status":"closed","ping_status":"closed","template":"showcase.php","meta":{"footnotes":""},"_links":{"self":[{"href":"https:\/\/recherche.uqac.ca\/labonfc\/wp-json\/wp\/v2\/pages\/202"}],"collection":[{"href":"https:\/\/recherche.uqac.ca\/labonfc\/wp-json\/wp\/v2\/pages"}],"about":[{"href":"https:\/\/recherche.uqac.ca\/labonfc\/wp-json\/wp\/v2\/types\/page"}],"author":[{"embeddable":true,"href":"https:\/\/recherche.uqac.ca\/labonfc\/wp-json\/wp\/v2\/users\/10"}],"replies":[{"embeddable":true,"href":"https:\/\/recherche.uqac.ca\/labonfc\/wp-json\/wp\/v2\/comments?post=202"}],"version-history":[{"count":9,"href":"https:\/\/recherche.uqac.ca\/labonfc\/wp-json\/wp\/v2\/pages\/202\/revisions"}],"predecessor-version":[{"id":537,"href":"https:\/\/recherche.uqac.ca\/labonfc\/wp-json\/wp\/v2\/pages\/202\/revisions\/537"}],"up":[{"embeddable":true,"href":"https:\/\/recherche.uqac.ca\/labonfc\/wp-json\/wp\/v2\/pages\/200"}],"wp:attachment":[{"href":"https:\/\/recherche.uqac.ca\/labonfc\/wp-json\/wp\/v2\/media?parent=202"}],"curies":[{"name":"wp","href":"https:\/\/api.w.org\/{rel}","templated":true}]}}