{"id":210,"date":"2017-09-01T16:06:27","date_gmt":"2017-09-01T15:06:27","guid":{"rendered":"https:\/\/recherche.uqac.ca\/labonfc\/?page_id=210"},"modified":"2019-10-09T17:05:32","modified_gmt":"2019-10-09T16:05:32","slug":"etudiant-au-post-doctorat","status":"publish","type":"page","link":"https:\/\/recherche.uqac.ca\/labonfc\/rejoignez-nous\/etudiant-au-post-doctorat\/","title":{"rendered":"\u00c9tudiants au post-doctorat"},"content":{"rendered":"<p style=\"text-align: center\"><strong>\u00c9tudiants au post-doctorat<\/strong><\/p>\n<p style=\"text-align: center\">Le LaboNFC offre un environnement de recherche stimulant et innovant pour faire\u00a0avancer les connaissances scientifiques et am\u00e9liorer le bien-\u00eatre social, ainsi que les avantages\u00a0suivantes:<\/p>\n<p style=\"text-align: center\"><strong><span style=\"color: #00ccff\">\u25ca Avantage\u00a01:<\/span><\/strong> La possibilit\u00e9 d&rsquo;effectuer de la recherche sur des sujets in\u00e9dits en lien \u00e0 la consommation, au capital de marque, \u00e0 l&rsquo;innovation, en accord avec\u00a0<a href=\"https:\/\/recherche.uqac.ca\/labonfc\/que-faisons-nous\/axes-de-recherche\/\">les axes de recherche du LaboNFC<\/a>.<\/p>\n<p style=\"text-align: center\"><span style=\"color: #00ccff\"><strong>\u25ca Avantage\u00a02:<\/strong><\/span> L&rsquo;acc\u00e8s \u00e0 des chercheurs qualifi\u00e9s et ayant une expertise reconnue dans des domaines de recherche porteurs.<\/p>\n<p style=\"text-align: center\"><span style=\"color: #00ccff\"><strong>\u25ca Avantage\u00a03:<\/strong><\/span> Une structure universitaire vibrante mais de taille humaine et un environnement r\u00e9gional procurant une excellente qualit\u00e9 de vie.<\/p>\n","protected":false},"excerpt":{"rendered":"<p>\u00c9tudiants au post-doctorat Le LaboNFC offre un environnement de recherche stimulant et innovant pour faire\u00a0avancer les connaissances scientifiques et am\u00e9liorer le bien-\u00eatre social, ainsi que les avantages\u00a0suivantes: \u25ca Avantage\u00a01: La possibilit\u00e9 d&rsquo;effectuer de la recherche sur des sujets in\u00e9dits en lien \u00e0 la consommation, au capital de marque, \u00e0 l&rsquo;innovation, en accord avec\u00a0les axes de &hellip; <a href=\"https:\/\/recherche.uqac.ca\/labonfc\/rejoignez-nous\/etudiant-au-post-doctorat\/\" class=\"more-link\">Continuer la lecture de <span class=\"screen-reader-text\">\u00c9tudiants au post-doctorat<\/span>  <span class=\"meta-nav\">&rarr;<\/span><\/a><\/p>\n","protected":false},"author":10,"featured_media":0,"parent":200,"menu_order":3,"comment_status":"closed","ping_status":"closed","template":"showcase.php","meta":{"footnotes":""},"_links":{"self":[{"href":"https:\/\/recherche.uqac.ca\/labonfc\/wp-json\/wp\/v2\/pages\/210"}],"collection":[{"href":"https:\/\/recherche.uqac.ca\/labonfc\/wp-json\/wp\/v2\/pages"}],"about":[{"href":"https:\/\/recherche.uqac.ca\/labonfc\/wp-json\/wp\/v2\/types\/page"}],"author":[{"embeddable":true,"href":"https:\/\/recherche.uqac.ca\/labonfc\/wp-json\/wp\/v2\/users\/10"}],"replies":[{"embeddable":true,"href":"https:\/\/recherche.uqac.ca\/labonfc\/wp-json\/wp\/v2\/comments?post=210"}],"version-history":[{"count":6,"href":"https:\/\/recherche.uqac.ca\/labonfc\/wp-json\/wp\/v2\/pages\/210\/revisions"}],"predecessor-version":[{"id":286,"href":"https:\/\/recherche.uqac.ca\/labonfc\/wp-json\/wp\/v2\/pages\/210\/revisions\/286"}],"up":[{"embeddable":true,"href":"https:\/\/recherche.uqac.ca\/labonfc\/wp-json\/wp\/v2\/pages\/200"}],"wp:attachment":[{"href":"https:\/\/recherche.uqac.ca\/labonfc\/wp-json\/wp\/v2\/media?parent=210"}],"curies":[{"name":"wp","href":"https:\/\/api.w.org\/{rel}","templated":true}]}}