{"id":27,"date":"2017-06-22T18:24:41","date_gmt":"2017-06-22T17:24:41","guid":{"rendered":"https:\/\/recherche.uqac.ca\/labonfc\/?page_id=27"},"modified":"2017-11-30T16:29:15","modified_gmt":"2017-11-30T15:29:15","slug":"membres-etudiants","status":"publish","type":"page","link":"https:\/\/recherche.uqac.ca\/labonfc\/qui-sommes-nous\/membres-etudiants\/","title":{"rendered":"Membres \u00e9tudiants"},"content":{"rendered":"<p>Joanie Arseneault, Baccalaur\u00e9at en administration<\/p>\n<p>Mathieu Simard, Ma\u00eetrise en gestion des organisations<\/p>\n<p>S\u00e9bastien Leblanc-Proulx, Ma\u00eetrise en gestion des organisations<\/p>\n","protected":false},"excerpt":{"rendered":"<p>Joanie Arseneault, Baccalaur\u00e9at en administration Mathieu Simard, Ma\u00eetrise en gestion des organisations S\u00e9bastien Leblanc-Proulx, Ma\u00eetrise en gestion des organisations<\/p>\n","protected":false},"author":10,"featured_media":0,"parent":143,"menu_order":3,"comment_status":"closed","ping_status":"closed","template":"showcase.php","meta":{"footnotes":""},"_links":{"self":[{"href":"https:\/\/recherche.uqac.ca\/labonfc\/wp-json\/wp\/v2\/pages\/27"}],"collection":[{"href":"https:\/\/recherche.uqac.ca\/labonfc\/wp-json\/wp\/v2\/pages"}],"about":[{"href":"https:\/\/recherche.uqac.ca\/labonfc\/wp-json\/wp\/v2\/types\/page"}],"author":[{"embeddable":true,"href":"https:\/\/recherche.uqac.ca\/labonfc\/wp-json\/wp\/v2\/users\/10"}],"replies":[{"embeddable":true,"href":"https:\/\/recherche.uqac.ca\/labonfc\/wp-json\/wp\/v2\/comments?post=27"}],"version-history":[{"count":3,"href":"https:\/\/recherche.uqac.ca\/labonfc\/wp-json\/wp\/v2\/pages\/27\/revisions"}],"predecessor-version":[{"id":342,"href":"https:\/\/recherche.uqac.ca\/labonfc\/wp-json\/wp\/v2\/pages\/27\/revisions\/342"}],"up":[{"embeddable":true,"href":"https:\/\/recherche.uqac.ca\/labonfc\/wp-json\/wp\/v2\/pages\/143"}],"wp:attachment":[{"href":"https:\/\/recherche.uqac.ca\/labonfc\/wp-json\/wp\/v2\/media?parent=27"}],"curies":[{"name":"wp","href":"https:\/\/api.w.org\/{rel}","templated":true}]}}