{"id":37,"date":"2017-06-22T18:35:18","date_gmt":"2017-06-22T17:35:18","guid":{"rendered":"https:\/\/recherche.uqac.ca\/labonfc\/?page_id=37"},"modified":"2017-09-26T18:37:35","modified_gmt":"2017-09-26T17:37:35","slug":"liens-interessants","status":"publish","type":"page","link":"https:\/\/recherche.uqac.ca\/labonfc\/liens-interessants\/","title":{"rendered":"Liens"},"content":{"rendered":"<h1>Associations et regroupements professionnels:<\/h1>\n<h1><span style=\"color: #00ccff\"><a style=\"color: #00ccff\" href=\"https:\/\/mria-arim.ca\/fr\/adhesion\/deviens-un-membre\/pourquoi-adherer-a-larim\">Association de la Recherche et de l&rsquo;Intelligence Marketing\u00a0<\/a>(ARIM)<\/span><\/h1>\n<p><span style=\"color: #00ccff\"><strong><a style=\"color: #00ccff\" href=\"https:\/\/www.esomar.org\/\">Association europ\u00e9enne pour les \u00e9tudes d&rsquo;opinion et de marketing (ESOMAR)<\/a><\/strong><\/span><\/p>\n<p><strong>Instituts, associations acad\u00e9miques:<\/strong><\/p>\n<p><strong><span style=\"color: #00ccff\"><a style=\"color: #00ccff\" href=\"http:\/\/www.asac.ca\/?langSwitch=2\">Association des Sciences Administratives du Canada (ASAC)<\/a><\/span><\/strong><\/p>\n<p><span style=\"color: #00ccff\"><strong><a style=\"color: #00ccff\" href=\"https:\/\/www.afm-marketing.com\/\">Association Fran\u00e7aise du Marketing (AFM)<\/a><\/strong><\/span><\/p>\n<p><strong><a style=\"color: #00ccff\" href=\"http:\/\/www.emac-online.org\/r\/default.asp?iId=FLFDIE\">European Marketing Academy (EMAC)<\/a><\/strong><\/p>\n<p><strong><span style=\"color: #00ccff\"><a style=\"color: #00ccff\" href=\"https:\/\/www.google.ca\/search?q=EIRASS&amp;oq=EIRASS&amp;aqs=chrome..69i57j0l5.1023j0j7&amp;sourceid=chrome&amp;ie=UTF-8\">European Institute of Retailing and Services Studies (EIRASS)<\/a><\/span><\/strong><\/p>\n<p><strong><a style=\"color: #00ccff\" href=\"https:\/\/www.msi.org\/\">Marketing Science Institute<\/a>\u00a0<span style=\"color: #00ccff\">(MSI)<\/span><\/strong><\/p>\n<p><a href=\"http:\/\/www.ams-web.org\/\"><strong><span style=\"color: #00ccff\">Academy of Marketing Science (AMS)<\/span><\/strong><\/a><\/p>\n<p><strong><span style=\"color: #00ccff\"><a style=\"color: #00ccff\" href=\"https:\/\/www.ama.org\/Pages\/default.aspx\">American Marketing Association (AMA)<\/a><\/span><\/strong><\/p>\n<p><span style=\"color: #00ccff\"><strong><a style=\"color: #00ccff\" href=\"http:\/\/www.acrwebsite.org\/\">Association for Consumer Research (ACR)<\/a><\/strong><\/span><\/p>\n<p><strong><span style=\"color: #00ccff\"><a style=\"color: #00ccff\" href=\"http:\/\/www.abacademies.org\/journals\/academy-of-marketing-studies-journal-home.html\">Academy of Marketing Studies (AMS)<\/a><\/span><\/strong><\/p>\n<p><span style=\"color: #00ccff\"><strong><a style=\"color: #00ccff\" href=\"http:\/\/www.gika-academy.com\/\">Global Innovation and Knowledge Academy (GIKA)<\/a><\/strong><\/span><\/p>\n<p><strong>Unit\u00e9s de recherche:<\/strong><\/p>\n<p><strong><a style=\"color: #00ccff\" href=\"https:\/\/ocresponsable.com\/\">Observatoire de la Consommation Responsable (OCR)<\/a><\/strong><\/p>\n<p><strong>Emplois en marketing \/ communication:<\/strong><\/p>\n<p><span style=\"color: #00ccff\"><strong><a style=\"color: #00ccff\" href=\"https:\/\/emplois.isarta.com\/jobs\/\">Isarta<\/a><\/strong><\/span><\/p>\n<p><span style=\"color: #00ccff\"><strong><a style=\"color: #00ccff\" href=\"http:\/\/www.emploisenventesmarketing.com\/fr\/\">Emploisenventemarketing<\/a><\/strong><\/span><\/p>\n<p><strong><span style=\"color: #00ccff\"><a style=\"color: #00ccff\" href=\"https:\/\/www.espresso-jobs.com\/\">Espresso-Jobs<\/a><\/span><\/strong><\/p>\n<p><strong><span style=\"color: #00ccff\"><a style=\"color: #00ccff\" href=\"https:\/\/www.infopressejobs.com\/\">Infopresse Jobs<\/a>\u00a0<\/span><\/strong><\/p>\n<p><strong>Opinions, points de vue:<\/strong><\/p>\n<h1><span style=\"color: #00ccff\"><a style=\"color: #00ccff\" href=\"https:\/\/libredeconsommer.com\/\">Blog libredeconsommer<\/a><\/span><\/h1>\n<p><strong><span style=\"color: #00ccff\"><a style=\"color: #00ccff\" href=\"http:\/\/leger360.com\/fr-ca\/blogsList\">Le Blog de L\u00e9ger Marketing<\/a>\u00a0<\/span><\/strong><\/p>\n<p>&nbsp;<\/p>\n<p>&nbsp;<\/p>\n<p>&nbsp;<\/p>\n","protected":false},"excerpt":{"rendered":"<p>Associations et regroupements professionnels: Association de la Recherche et de l&rsquo;Intelligence Marketing\u00a0(ARIM) Association europ\u00e9enne pour les \u00e9tudes d&rsquo;opinion et de marketing (ESOMAR) Instituts, associations acad\u00e9miques: Association des Sciences Administratives du Canada (ASAC) Association Fran\u00e7aise du Marketing (AFM) European Marketing Academy (EMAC) European Institute of Retailing and Services Studies (EIRASS) Marketing Science Institute\u00a0(MSI) Academy of Marketing &hellip; <a href=\"https:\/\/recherche.uqac.ca\/labonfc\/liens-interessants\/\" class=\"more-link\">Continuer la lecture de <span class=\"screen-reader-text\">Liens<\/span>  <span class=\"meta-nav\">&rarr;<\/span><\/a><\/p>\n","protected":false},"author":10,"featured_media":0,"parent":0,"menu_order":5,"comment_status":"closed","ping_status":"closed","template":"showcase.php","meta":{"footnotes":""},"_links":{"self":[{"href":"https:\/\/recherche.uqac.ca\/labonfc\/wp-json\/wp\/v2\/pages\/37"}],"collection":[{"href":"https:\/\/recherche.uqac.ca\/labonfc\/wp-json\/wp\/v2\/pages"}],"about":[{"href":"https:\/\/recherche.uqac.ca\/labonfc\/wp-json\/wp\/v2\/types\/page"}],"author":[{"embeddable":true,"href":"https:\/\/recherche.uqac.ca\/labonfc\/wp-json\/wp\/v2\/users\/10"}],"replies":[{"embeddable":true,"href":"https:\/\/recherche.uqac.ca\/labonfc\/wp-json\/wp\/v2\/comments?post=37"}],"version-history":[{"count":13,"href":"https:\/\/recherche.uqac.ca\/labonfc\/wp-json\/wp\/v2\/pages\/37\/revisions"}],"predecessor-version":[{"id":322,"href":"https:\/\/recherche.uqac.ca\/labonfc\/wp-json\/wp\/v2\/pages\/37\/revisions\/322"}],"wp:attachment":[{"href":"https:\/\/recherche.uqac.ca\/labonfc\/wp-json\/wp\/v2\/media?parent=37"}],"curies":[{"name":"wp","href":"https:\/\/api.w.org\/{rel}","templated":true}]}}