{"id":39,"date":"2017-06-22T18:35:29","date_gmt":"2017-06-22T17:35:29","guid":{"rendered":"https:\/\/recherche.uqac.ca\/labonfc\/?page_id=39"},"modified":"2019-10-09T16:34:09","modified_gmt":"2019-10-09T15:34:09","slug":"nous-joindre","status":"publish","type":"page","link":"https:\/\/recherche.uqac.ca\/labonfc\/nous-joindre\/","title":{"rendered":"Contact"},"content":{"rendered":"<h1><em><strong>Responsable du laboratoire<\/strong><\/em><\/h1>\n<p><a href=\"http:\/\/www.uqac.ca\/portfolio\/myriamertz\/\">Myriam Ertz<\/a>, B. A., M. Sc., Ph. D.<\/p>\n<ul>\n<li>Professeure de marketing<\/li>\n<li>D\u00e9partement des sciences \u00e9conomiques et administratives (DSEA)<\/li>\n<li>Adresse: 555, boulevard de l\u2019Universit\u00e9, Chicoutimi (Qu\u00e9bec) G7H 2B1<\/li>\n<li>Local: H6-1020<\/li>\n<li>T\u00e9l\u00e9phone : (418) 545-5011, poste\u00a05317<\/li>\n<li>T\u00e9lecopieur : (418) 693-9072<\/li>\n<li>Courriel\u00a0:\u00a0Myriam_Ertz@uqac.ca<\/li>\n<\/ul>\n","protected":false},"excerpt":{"rendered":"<p>Responsable du laboratoire Myriam Ertz, B. A., M. Sc., Ph. D. Professeure de marketing D\u00e9partement des sciences \u00e9conomiques et administratives (DSEA) Adresse: 555, boulevard de l\u2019Universit\u00e9, Chicoutimi (Qu\u00e9bec) G7H 2B1 Local: H6-1020 T\u00e9l\u00e9phone : (418) 545-5011, poste\u00a05317 T\u00e9lecopieur : (418) 693-9072 Courriel\u00a0:\u00a0Myriam_Ertz@uqac.ca<\/p>\n","protected":false},"author":10,"featured_media":0,"parent":0,"menu_order":6,"comment_status":"closed","ping_status":"closed","template":"showcase.php","meta":{"footnotes":""},"_links":{"self":[{"href":"https:\/\/recherche.uqac.ca\/labonfc\/wp-json\/wp\/v2\/pages\/39"}],"collection":[{"href":"https:\/\/recherche.uqac.ca\/labonfc\/wp-json\/wp\/v2\/pages"}],"about":[{"href":"https:\/\/recherche.uqac.ca\/labonfc\/wp-json\/wp\/v2\/types\/page"}],"author":[{"embeddable":true,"href":"https:\/\/recherche.uqac.ca\/labonfc\/wp-json\/wp\/v2\/users\/10"}],"replies":[{"embeddable":true,"href":"https:\/\/recherche.uqac.ca\/labonfc\/wp-json\/wp\/v2\/comments?post=39"}],"version-history":[{"count":11,"href":"https:\/\/recherche.uqac.ca\/labonfc\/wp-json\/wp\/v2\/pages\/39\/revisions"}],"predecessor-version":[{"id":525,"href":"https:\/\/recherche.uqac.ca\/labonfc\/wp-json\/wp\/v2\/pages\/39\/revisions\/525"}],"wp:attachment":[{"href":"https:\/\/recherche.uqac.ca\/labonfc\/wp-json\/wp\/v2\/media?parent=39"}],"curies":[{"name":"wp","href":"https:\/\/api.w.org\/{rel}","templated":true}]}}