{"id":669,"date":"2023-11-23T20:37:22","date_gmt":"2023-11-23T19:37:22","guid":{"rendered":"https:\/\/recherche.uqac.ca\/labonfc\/?page_id=669"},"modified":"2024-03-24T21:33:05","modified_gmt":"2024-03-24T20:33:05","slug":"pme-4-0","status":"publish","type":"page","link":"https:\/\/recherche.uqac.ca\/labonfc\/pme-4-0\/","title":{"rendered":"PME 4.0"},"content":{"rendered":"<p><a href=\"https:\/\/recherche.uqac.ca\/labonfc\/wp-content\/uploads\/sites\/4\/2023\/11\/PME4.0.png\"><img loading=\"lazy\" decoding=\"async\" src=\"https:\/\/recherche.uqac.ca\/labonfc\/wp-content\/uploads\/sites\/4\/2023\/11\/PME4.0.png\" alt=\"PME4.0\" width=\"209\" height=\"173\" class=\"alignnone\" \/><\/a><br \/>\n<strong>Le projet PME 4.0 et l&rsquo;auto-audit num\u00e9rique<\/strong><\/p>\n<p>Le LaboNFC est sur le point de lancer publiquement un outil d&rsquo;auto-audit pour la PME en r\u00e9gion, au printemps 2024.<\/p>\n<p>Le virage num\u00e9rique des PME est un incontournable, en r\u00e9gion comme ailleurs. Peu importe la taille de l&rsquo;entreprise, son cycle de vie, son industrie et son secteur, toute PME doit pr\u00e9voir automatiser ses t\u00e2ches et ses op\u00e9rations. Selon une \u00e9tude men\u00e9e par le LaboNFC en 2023, les entreprises autres que manufacturi\u00e8res se sentent moins concern\u00e9es par ce virage. De plus, le sujet demeure une source de confusion ou de frustrations pour une majorit\u00e9.<\/p>\n<p>Surveillez cette page pour d\u00e9couvrir les mises \u00e0 jour visant \u00e0 expliquer pourquoi le virage num\u00e9rique est in\u00e9vitable et comment les PME peuvent utiliser l&rsquo;outil gratuit d&rsquo;auto-audit num\u00e9rique PME 4.0, via les partenaires de la recherche MITACS PME 4.0.<\/p>\n<p>Inscrivez-vous \u00e0 l&rsquo;infolettre mensuelle pour suivre les mises \u00e0 jour et ne rien manquer!<br \/>\n(bouton \u00e0 venir)<\/p>\n","protected":false},"excerpt":{"rendered":"<p>Le projet PME 4.0 et l&rsquo;auto-audit num\u00e9rique Le LaboNFC est sur le point de lancer publiquement un outil d&rsquo;auto-audit pour la PME en r\u00e9gion, au printemps 2024. Le virage num\u00e9rique des PME est un incontournable, en r\u00e9gion comme ailleurs. Peu importe la taille de l&rsquo;entreprise, son cycle de vie, son industrie et son secteur, toute &hellip; <a href=\"https:\/\/recherche.uqac.ca\/labonfc\/pme-4-0\/\" class=\"more-link\">Continuer la lecture de <span class=\"screen-reader-text\">PME 4.0<\/span>  <span class=\"meta-nav\">&rarr;<\/span><\/a><\/p>\n","protected":false},"author":10,"featured_media":0,"parent":0,"menu_order":0,"comment_status":"closed","ping_status":"closed","template":"","meta":{"footnotes":""},"_links":{"self":[{"href":"https:\/\/recherche.uqac.ca\/labonfc\/wp-json\/wp\/v2\/pages\/669"}],"collection":[{"href":"https:\/\/recherche.uqac.ca\/labonfc\/wp-json\/wp\/v2\/pages"}],"about":[{"href":"https:\/\/recherche.uqac.ca\/labonfc\/wp-json\/wp\/v2\/types\/page"}],"author":[{"embeddable":true,"href":"https:\/\/recherche.uqac.ca\/labonfc\/wp-json\/wp\/v2\/users\/10"}],"replies":[{"embeddable":true,"href":"https:\/\/recherche.uqac.ca\/labonfc\/wp-json\/wp\/v2\/comments?post=669"}],"version-history":[{"count":15,"href":"https:\/\/recherche.uqac.ca\/labonfc\/wp-json\/wp\/v2\/pages\/669\/revisions"}],"predecessor-version":[{"id":719,"href":"https:\/\/recherche.uqac.ca\/labonfc\/wp-json\/wp\/v2\/pages\/669\/revisions\/719"}],"wp:attachment":[{"href":"https:\/\/recherche.uqac.ca\/labonfc\/wp-json\/wp\/v2\/media?parent=669"}],"curies":[{"name":"wp","href":"https:\/\/api.w.org\/{rel}","templated":true}]}}