{"id":71,"date":"2017-08-30T17:20:33","date_gmt":"2017-08-30T16:20:33","guid":{"rendered":"https:\/\/recherche.uqac.ca\/labonfc\/?page_id=71"},"modified":"2019-05-13T21:32:09","modified_gmt":"2019-05-13T20:32:09","slug":"articles-de-revues-scientifiques","status":"publish","type":"page","link":"https:\/\/recherche.uqac.ca\/labonfc\/que-faisons-nous\/articles-de-revues-scientifiques\/","title":{"rendered":"Articles de revues scientifiques"},"content":{"rendered":"<p><strong>Revues\u00a0arbitr\u00e9es:<\/strong><\/p>\n<p><span style=\"color: #00ccff\"><strong>AXE 1 &#8211; Mod\u00e9lisation du comportement du consommateur<\/strong><\/span><\/p>\n<p>Ertz, M., Durif, F., and Arcand, M. (2018) \u201c<a href=\"https:\/\/rdcu.be\/3h5I\">A conceptual perspective on collaborative consumption<\/a>,\u201d <strong><em>Academy of Marketing Science Review<\/em><\/strong>. https:\/\/doi.org\/10.1007\/s13162-018-0121-3.<\/p>\n<p>Ertz, M., et Sarig\u00f6ll\u00fc, E. (2018) \u201c<a href=\"https:\/\/www.researchgate.net\/publication\/326423771_The_Behavior-Attitude_Relationship_and_Satisfaction_in_Proenvironmental_Behavior\">The behavior-attitude relationship and satisfaction in pro-environmental behavior<\/a>,\u201d\u00a0<em><strong>Environment &amp; Behavior<\/strong><\/em>.\u00a0<a href=\"https:\/\/doi.org\/10.1177\/0013916518783241\">https:\/\/doi.org\/10.1177\/0013916518783241<\/a><\/p>\n<p>Hallegatte, D., Ertz, M., et Marticotte, F. (2018) \u201c<a href=\"https:\/\/www.researchgate.net\/publication\/323643752_Blending_the_past_and_the_present_in_a_retromarketing_music_concert_offering_The_impact_of_nostalgia_proneness\">Blending the past and the present in a retromarketing music concert offering: The impact of nostalgia proneness<\/a>,\u201d\u00a0<strong><em>Journal of Product &amp; Brand Management.<\/em><\/strong><\/p>\n<p>Hallegatte, D. (2018), \u00ab\u00a0Nostalgie 2.0\u00a0\u00bb,\u00a0<strong><em>Organisations &amp; Territoires<\/em><\/strong>, 26(1-2), pp. 165-184.<\/p>\n<p>Ertz, M. (2017), \u201cConsommation collaborative ou la rencontre improbable entre organisations, communaut\u00e9s et individus,\u201d\u00a0<strong><em>Organisations &amp; Territoires<\/em><\/strong>, 26(1-2), 151-164.<\/p>\n<p>Ertz, M., Huang, R., Jo, M.-Y., Karakas, F. et Sarig\u00f6ll\u00fc, E. (2017) \u00ab<a href=\"https:\/\/www.researchgate.net\/publication\/312880912_From_single-use_to_multi-use_Study_of_consumers%27_behavior_toward_consumption_of_reusable_containers\">\u00a0From single-use to multi-use: Study of consumers\u2019 behavior toward consumption of reusable containers<\/a>,\u00a0\u00bb\u00a0<strong><em>Journal of Environmental Management<\/em><\/strong>, 193, pp. 334-344.\u00a0<a href=\"http:\/\/dx.doi.org\/10.1016\/j.jenvman.2017.01.060\">http:\/\/dx.doi.org\/10.1016\/j.jenvman.2017.01.060<\/a>.<\/p>\n<p><span style=\"color: #00ccff\"><strong>AXE 2 &#8211;\u00a0Technologies\u00a0et mod\u00e8les d&rsquo;affaires innovants<\/strong><\/span><\/p>\n<p>Ertz, M.,\u00a0et\u00a0Leblanc-Proulx, S. (2019) \u00ab\u00a0<a href=\"https:\/\/link.springer.com\/article\/10.1057\/s41270-019-00052-9\">Review of a proposed methodology for bibliometric and visualization analyses for organizations: application to the collaboration economy<\/a>\u00a0\u00bb\u00a0<strong><em>Journal of Marketing Analytics<\/em><\/strong>, 1-10. https:\/\/doi.org\/10.1057\/s41270-019-00052-9.<\/p>\n<p>Ertz, M., et Sarig\u00f6ll\u00fc, E. (2019) \u201c<a href=\"https:\/\/www.mdpi.com\/2071-1050\/11\/2\/390\">Assessment of the potential for sustainable value chains in the collaborative economy<\/a>,\u201d <strong><em>Sustainability<\/em><\/strong>, 11(2), 1-12.<\/p>\n<p>Jiao, Y., Ertz, M., Jo, M.-S., et Sarig\u00f6ll\u00fc, E. (2018) \u00ab\u00a0<a href=\"https:\/\/www.emeraldinsight.com\/eprint\/RUF8ZCHIVWRZMS5NJP4M\/full\">Social value, content value, and brand equity in social media brand communities: A comparison of Chinese and US consumers<\/a>,\u00a0\u00bb<em><strong>\u00a0International Marketing Review<\/strong><\/em>, 35(1), pp. 18-41.\u00a0<a href=\"http:\/\/10.1108\/IMR-07-2016-0132\">10.1108\/IMR-07-2016-0132<\/a>.<\/p>\n<p>Arsenault, J., et Ertz, M. (2018), \u00ab\u00a0<a href=\"https:\/\/doi.org\/10.1522\/revueot.v27n2.877\">Bitcoin et cha\u00eene de blocs\u00a0: \u00e9tat des lieux et implications pour la gouvernance mondiale<\/a>,\u00a0\u00bb <strong><em>Organisations &amp; Territoires.<\/em><\/strong><\/p>\n<p><span style=\"color: #00ccff\"><strong>AXE 3 &#8211; Contribution \u00e0 la qualit\u00e9 de vie et au bien-\u00eatre social<\/strong><\/span><\/p>\n<p>Cova, V., Bousquet, J., Claveau, \u00c7., et Shabir, A.Q. (2018). <a href=\"https:\/\/recherche.uqac.ca\/labonfc\/wp-content\/uploads\/sites\/4\/2017\/08\/The-changing-dichotomy-between-the-sacred-and-the-profane-a-historical-analysis-of-the-Santiago-de-Compostela-pilgrimage-2.pdf\">The changing dichotomy between the sacred and the profane: a historical analysis of the Santiago de Compostela pilgrimage<\/a>. <em><strong>Journal of Management, Spirituality &amp; Religion<\/strong><\/em>.\u00a0<a href=\"https:\/\/doi.org\/10.1080\/14766086.2018.1501415\">https:\/\/doi.org\/10.1080\/14766086.2018.1501415<\/a>.<\/p>\n<p>Ertz, M., et Leblanc-Proulx, S. (2018) \u201c<a href=\"https:\/\/www.researchgate.net\/publication\/325760427_Sustainability_in_the_collaborative_economy_A_bibliometric_analysis_reveals_emerging_interest\">Sustainability in the collaborative economy: A bibliometric analysis reveals emerging interest<\/a>,\u201d <strong><em>Journal of Cleaner Production<\/em><\/strong>, 196, pp. 1073-1085. <a href=\"https:\/\/doi.org\/10.1016\/j.jclepro.2018.06.095\">https:\/\/doi.org\/10.1016\/j.jclepro.2018.06.095<\/a>.<\/p>\n<hr \/>\n<p><strong>Revues non-arbitr\u00e9es:<\/strong><\/p>\n<p><strong>AXE 3 &#8211; Contribution \u00e0 la qualit\u00e9 de vie et au bien-\u00eatre social<\/strong><\/p>\n<p>Ertz, M., Rouzi\u00e8s, D., et\u00a0Sarig\u00f6ll\u00fc, E. (2017). \u00ab\u00a0<a href=\"http:\/\/www.hbrfrance.fr\/chroniques-experts\/2017\/07\/16331-bien-etre-salaries-genere-de-rentabilite\/\">Comment le bien-\u00eatre des salari\u00e9s g\u00e9n\u00e8re de la rentabilit\u00e9<\/a>,\u00a0\u00bb\u00a0<em><strong>Harvard Business Review France<\/strong><\/em>.<\/p>\n<hr \/>\n<p><strong>Livres:<\/strong><\/p>\n<p><strong>AXE 3 &#8211; Contribution \u00e0 la qualit\u00e9 de vie et au bien-\u00eatre social<\/strong><\/p>\n<p>Ertz, M., Bousquet, J., et Hallegatte, D. (Dir.) (2019) <em><a href=\"https:\/\/www.puq.ca\/catalogue\/livres\/les-reconfigurations-echange-marchand-3634.html\">Les reconfigurations de l\u2019\u00e9change marchand: Tour d\u2019horizon, enjeux et perspectives<\/a><\/em>. Qu\u00e9bec\u00a0: Presses Universitaires du Qu\u00e9bec.<\/p>\n<p>Hallegatte (2019). <a href=\"http:\/\/www.editionsliber.com\/catalogue.php?p=878\">Le pi\u00e8ge de la consommation<\/a>. Montr\u00e9al, Liber.<\/p>\n<p>&nbsp;<\/p>\n","protected":false},"excerpt":{"rendered":"<p>Revues\u00a0arbitr\u00e9es: AXE 1 &#8211; Mod\u00e9lisation du comportement du consommateur Ertz, M., Durif, F., and Arcand, M. (2018) \u201cA conceptual perspective on collaborative consumption,\u201d Academy of Marketing Science Review. https:\/\/doi.org\/10.1007\/s13162-018-0121-3. Ertz, M., et Sarig\u00f6ll\u00fc, E. (2018) \u201cThe behavior-attitude relationship and satisfaction in pro-environmental behavior,\u201d\u00a0Environment &amp; Behavior.\u00a0https:\/\/doi.org\/10.1177\/0013916518783241 Hallegatte, D., Ertz, M., et Marticotte, F. (2018) \u201cBlending the &hellip; <a href=\"https:\/\/recherche.uqac.ca\/labonfc\/que-faisons-nous\/articles-de-revues-scientifiques\/\" class=\"more-link\">Continuer la lecture de <span class=\"screen-reader-text\">Articles de revues scientifiques<\/span>  <span class=\"meta-nav\">&rarr;<\/span><\/a><\/p>\n","protected":false},"author":10,"featured_media":0,"parent":153,"menu_order":5,"comment_status":"closed","ping_status":"closed","template":"showcase.php","meta":{"footnotes":""},"_links":{"self":[{"href":"https:\/\/recherche.uqac.ca\/labonfc\/wp-json\/wp\/v2\/pages\/71"}],"collection":[{"href":"https:\/\/recherche.uqac.ca\/labonfc\/wp-json\/wp\/v2\/pages"}],"about":[{"href":"https:\/\/recherche.uqac.ca\/labonfc\/wp-json\/wp\/v2\/types\/page"}],"author":[{"embeddable":true,"href":"https:\/\/recherche.uqac.ca\/labonfc\/wp-json\/wp\/v2\/users\/10"}],"replies":[{"embeddable":true,"href":"https:\/\/recherche.uqac.ca\/labonfc\/wp-json\/wp\/v2\/comments?post=71"}],"version-history":[{"count":19,"href":"https:\/\/recherche.uqac.ca\/labonfc\/wp-json\/wp\/v2\/pages\/71\/revisions"}],"predecessor-version":[{"id":509,"href":"https:\/\/recherche.uqac.ca\/labonfc\/wp-json\/wp\/v2\/pages\/71\/revisions\/509"}],"up":[{"embeddable":true,"href":"https:\/\/recherche.uqac.ca\/labonfc\/wp-json\/wp\/v2\/pages\/153"}],"wp:attachment":[{"href":"https:\/\/recherche.uqac.ca\/labonfc\/wp-json\/wp\/v2\/media?parent=71"}],"curies":[{"name":"wp","href":"https:\/\/api.w.org\/{rel}","templated":true}]}}