{"id":767,"date":"2026-05-05T19:08:53","date_gmt":"2026-05-05T18:08:53","guid":{"rendered":"https:\/\/recherche.uqac.ca\/labonfc\/?page_id=767"},"modified":"2026-05-05T19:15:52","modified_gmt":"2026-05-05T18:15:52","slug":"offre-demploi-assistant-ou-assistante-de-recherche-dsea-uqac","status":"publish","type":"page","link":"https:\/\/recherche.uqac.ca\/labonfc\/offre-demploi-assistant-ou-assistante-de-recherche-dsea-uqac\/","title":{"rendered":"Offres d\u2019emploi"},"content":{"rendered":"<h3>Post d&rsquo;assistant(e) de recherche<\/h3>\n<h4>Description<\/h4>\n<p>L\u2019assistant ou l\u2019assistante de recherche est une personne \u00e9tudiante salari\u00e9e de l\u2019Universit\u00e9 admise et inscrite \u00e0 un programme d\u2019\u00e9tudes appel\u00e9e \u00e0 participer aux travaux de recherche des professeurs(es), des chercheurs(es), des laboratoires et des centres ou groupes de recherche.<\/p>\n<p><strong>Nom du chercheur ou de la\u00a0 chercheuse :\u00a0Myriam Ertz<br \/>\n<\/strong><\/p>\n<p><strong>Projet de recherche : PMO 5.0<\/strong><\/p>\n<p><strong>D\u00e9partement: D\u00e9partement des sciences \u00e9conomiques et administratives (DSEA-UQAC)<\/strong><\/p>\n<p><strong>___________________________<\/strong><\/p>\n<p><strong>Qualifications et exigences requises pour l\u2019emploi<\/strong><\/p>\n<p><strong>Cycle d\u2019\u00e9tudes<\/strong><\/p>\n<p>1er cycle<\/p>\n<p><strong>Qualifications et\u00a0exigences sp\u00e9cifiques reli\u00e9es \u00e0 l\u2019emploi<\/strong><\/p>\n<ul>\n<li>T\u00e2ches d\u2019envois de courriels, de suivis administratifs avec partenaires et conseillers, r\u00e9daction de lettres d\u2019ententes, planification de rencontres et gestion d\u2019agendas.<\/li>\n<\/ul>\n<p><strong>P\u00e9riode d\u2019emploi<\/strong><\/p>\n<p>D\u00e9but: 11 mai 2026<\/p>\n<p>Fin: 11 ao\u00fbt 2026<\/p>\n<p>Nombre d\u2019heures: 210 heures<\/p>\n<p>Horaire: 15h\/semaine pendant 13 semaines + 1 journ\u00e9e de 15h<\/p>\n<p>Vous avez jusqu\u2019au 8 mai 2026 \u00e0 16h30 pour postuler \u00e0 l\u2019adresse suivante:\u00a0<a href=\"mailto:mertz@uqac.ca\">mertz@uqac.ca<\/a><\/p>\n","protected":false},"excerpt":{"rendered":"<p>Post d&rsquo;assistant(e) de recherche Description L\u2019assistant ou l\u2019assistante de recherche est une personne \u00e9tudiante salari\u00e9e de l\u2019Universit\u00e9 admise et inscrite \u00e0 un programme d\u2019\u00e9tudes appel\u00e9e \u00e0 participer aux travaux de recherche des professeurs(es), des chercheurs(es), des laboratoires et des centres ou groupes de recherche. Nom du chercheur ou de la\u00a0 chercheuse :\u00a0Myriam Ertz Projet de &hellip; <a href=\"https:\/\/recherche.uqac.ca\/labonfc\/offre-demploi-assistant-ou-assistante-de-recherche-dsea-uqac\/\" class=\"more-link\">Continuer la lecture de <span class=\"screen-reader-text\">Offres d\u2019emploi<\/span>  <span class=\"meta-nav\">&rarr;<\/span><\/a><\/p>\n","protected":false},"author":44,"featured_media":762,"parent":0,"menu_order":0,"comment_status":"closed","ping_status":"closed","template":"","meta":{"footnotes":""},"_links":{"self":[{"href":"https:\/\/recherche.uqac.ca\/labonfc\/wp-json\/wp\/v2\/pages\/767"}],"collection":[{"href":"https:\/\/recherche.uqac.ca\/labonfc\/wp-json\/wp\/v2\/pages"}],"about":[{"href":"https:\/\/recherche.uqac.ca\/labonfc\/wp-json\/wp\/v2\/types\/page"}],"author":[{"embeddable":true,"href":"https:\/\/recherche.uqac.ca\/labonfc\/wp-json\/wp\/v2\/users\/44"}],"replies":[{"embeddable":true,"href":"https:\/\/recherche.uqac.ca\/labonfc\/wp-json\/wp\/v2\/comments?post=767"}],"version-history":[{"count":4,"href":"https:\/\/recherche.uqac.ca\/labonfc\/wp-json\/wp\/v2\/pages\/767\/revisions"}],"predecessor-version":[{"id":772,"href":"https:\/\/recherche.uqac.ca\/labonfc\/wp-json\/wp\/v2\/pages\/767\/revisions\/772"}],"wp:featuredmedia":[{"embeddable":true,"href":"https:\/\/recherche.uqac.ca\/labonfc\/wp-json\/wp\/v2\/media\/762"}],"wp:attachment":[{"href":"https:\/\/recherche.uqac.ca\/labonfc\/wp-json\/wp\/v2\/media?parent=767"}],"curies":[{"name":"wp","href":"https:\/\/api.w.org\/{rel}","templated":true}]}}