{"id":188,"date":"2024-02-16T15:59:06","date_gmt":"2024-02-16T14:59:06","guid":{"rendered":"https:\/\/recherche.uqac.ca\/lerga\/?page_id=188"},"modified":"2025-02-03T16:17:23","modified_gmt":"2025-02-03T15:17:23","slug":"wood-in-world-rivers-5-2024-gaspe-conference","status":"publish","type":"page","link":"https:\/\/recherche.uqac.ca\/lerga\/wood-in-world-rivers-5-2024-gaspe-conference\/","title":{"rendered":"WOOD IN WORLD RIVERS 5 \u2013 2024 \u2013 GASP\u00c9 CONFERENCE"},"content":{"rendered":"<header class=\"entry-header\">\n<h1 class=\"entry-title\">WOOD IN WORLD RIVERS 5 \u2013 2024 \u2013 GASP\u00c9 CONFERENCE<\/h1>\n<\/header>\n<div class=\"entry-content\">\n<h1>Wood in World Rivers 5 \u2013 2024 \u2013 Gasp\u00e9, Qu\u00e9bec, Canada<\/h1>\n<h3><strong>June 2024 : Tuesday 11th to Thursday 13th\u00a0<\/strong><\/h3>\n<p><a href=\"http:\/\/colloques.uqac.ca\/wwr5-gaspe2024\/files\/2013\/09\/logo_wwr5-Final.jpg\"><img loading=\"lazy\" decoding=\"async\" class=\"alignnone size-large wp-image-50\" src=\"http:\/\/colloques.uqac.ca\/wwr5-gaspe2024\/files\/2013\/09\/logo_wwr5-Final-1024x791.jpg\" alt=\"logo_wwr5-Final\" width=\"474\" height=\"366\" \/><\/a><\/p>\n<p>Here is the webpage for the Wood in World Rivers 5 \u2013 Gasp\u00e9 2024 conference!<\/p>\n<p><a href=\"https:\/\/colloques.uqac.ca\/wwr5-gaspe2024\/\">https:\/\/colloques.uqac.ca\/wwr5-gaspe2024\/<\/a><\/p>\n<p>Thank you for considering a participation to WWR5. We greatly appreciate your contributions to the field of wood in rivers and look forward to welcoming you as a speaker or as a participant to contribute to the success of the conference.<\/p>\n<p>We sincerely hope that you will be able to join us at the WWR5.<\/p>\n<p>&nbsp;<\/p>\n<p><strong>To download circulars \u2014\u2014\u2014\u2014\u2014\u2014\u2014\u2014<\/strong><\/p>\n<p><a title=\"First circular - June-2023\" href=\"https:\/\/www.dropbox.com\/scl\/fi\/htvggytm5b7uoy7xw17qr\/Letter-to-participants-first-circular.pdf?rlkey=cqklhiapkqa6jjhkro8t1mqzi&amp;dl=0\" target=\"_blank\" rel=\"noopener\"><strong>First circular \u2013 June 2023<\/strong><\/a><\/p>\n<p><strong><a href=\"https:\/\/www.dropbox.com\/scl\/fi\/e25ei20co1judstjpjr7u\/Letter-to-participants-second-circular-_2.pdf?rlkey=acm5osbnnm5yywgvnp0inh1h5&amp;dl=0\" target=\"_blank\" rel=\"noopener\">Second circular \u2013 October 2023<\/a><\/strong><\/p>\n<p>Should you have any questions or require further information, please do not hesitate to contact us :\u00a0<a href=\"mailto:wwr5-gaspe2024@uqac.ca\">wwr5-gaspe2024@uqac.ca<\/a><\/p>\n<p><strong>The organising committee\u00a0:<\/strong><\/p>\n<p>Thomas Buffin-B\u00e9langer \u2013 Universit\u00e9 du Qu\u00e9bec \u00e0 Rimouski (UQAR)<\/p>\n<p>Maxime Boivin \u2013 Universit\u00e9 du Qu\u00e9bec \u00e0 Chicoutimi (UQAC)<\/p>\n<p>Pascale Biron \u2013 Concordia University<\/p>\n<p>Bruce MacVicar \u2013 University of Waterloo<\/p>\n<p>Herv\u00e9 Pi\u00e9gay \u2013 ENS Lyon<\/p>\n<p>Lorenzo Picco \u2013 University of Padova<\/p>\n<p>We are looking forward to welcoming you to\u00a0Gasp\u00e9 City!<\/p>\n<p>&nbsp;<\/p>\n<\/div>\n","protected":false},"excerpt":{"rendered":"<p>WOOD IN WORLD RIVERS 5 \u2013 2024 \u2013 GASP\u00c9 CONFERENCE Wood in World Rivers 5 \u2013 2024 \u2013 Gasp\u00e9, Qu\u00e9bec, Canada June 2024 : Tuesday 11th to Thursday 13th\u00a0 Here is the webpage for the Wood in World Rivers 5 \u2013 Gasp\u00e9 2024 conference! https:\/\/colloques.uqac.ca\/wwr5-gaspe2024\/ Thank you for considering a participation to WWR5. We greatly &hellip; <a href=\"https:\/\/recherche.uqac.ca\/lerga\/wood-in-world-rivers-5-2024-gaspe-conference\/\" class=\"more-link\">Continuer la lecture de <span class=\"screen-reader-text\">WOOD IN WORLD RIVERS 5 \u2013 2024 \u2013 GASP\u00c9 CONFERENCE<\/span>  <span class=\"meta-nav\">&rarr;<\/span><\/a><\/p>\n","protected":false},"author":19,"featured_media":0,"parent":0,"menu_order":0,"comment_status":"closed","ping_status":"closed","template":"","meta":{"footnotes":""},"_links":{"self":[{"href":"https:\/\/recherche.uqac.ca\/lerga\/wp-json\/wp\/v2\/pages\/188"}],"collection":[{"href":"https:\/\/recherche.uqac.ca\/lerga\/wp-json\/wp\/v2\/pages"}],"about":[{"href":"https:\/\/recherche.uqac.ca\/lerga\/wp-json\/wp\/v2\/types\/page"}],"author":[{"embeddable":true,"href":"https:\/\/recherche.uqac.ca\/lerga\/wp-json\/wp\/v2\/users\/19"}],"replies":[{"embeddable":true,"href":"https:\/\/recherche.uqac.ca\/lerga\/wp-json\/wp\/v2\/comments?post=188"}],"version-history":[{"count":2,"href":"https:\/\/recherche.uqac.ca\/lerga\/wp-json\/wp\/v2\/pages\/188\/revisions"}],"predecessor-version":[{"id":202,"href":"https:\/\/recherche.uqac.ca\/lerga\/wp-json\/wp\/v2\/pages\/188\/revisions\/202"}],"wp:attachment":[{"href":"https:\/\/recherche.uqac.ca\/lerga\/wp-json\/wp\/v2\/media?parent=188"}],"curies":[{"name":"wp","href":"https:\/\/api.w.org\/{rel}","templated":true}]}}