{"id":19,"date":"2018-11-22T21:48:16","date_gmt":"2018-11-22T20:48:16","guid":{"rendered":"https:\/\/recherche.uqac.ca\/lerga\/?page_id=19"},"modified":"2018-11-22T22:00:24","modified_gmt":"2018-11-22T21:00:24","slug":"nous-joindre","status":"publish","type":"page","link":"https:\/\/recherche.uqac.ca\/lerga\/nous-joindre\/","title":{"rendered":"Nous joindre"},"content":{"rendered":"<h2>Coordonn\u00e9es :<\/h2>\n<h4 style=\"text-align: center\"><strong>Laboratoire d\u2019expertise et de recherche\u00a0<\/strong><strong>en g\u00e9ographie appliqu\u00e9e (LERGA)<\/strong><\/h4>\n<h4 style=\"text-align: center\"><strong><a href=\"https:\/\/recherche.uqac.ca\/lerga\/wp-content\/uploads\/sites\/9\/2018\/11\/logo_lerga.jpg\"><img loading=\"lazy\" decoding=\"async\" class=\"alignnone size-medium wp-image-11\" src=\"https:\/\/recherche.uqac.ca\/lerga\/wp-content\/uploads\/sites\/9\/2018\/11\/logo_lerga-300x110.jpg\" alt=\"logo_lerga\" width=\"300\" height=\"110\" srcset=\"https:\/\/recherche.uqac.ca\/lerga\/wp-content\/uploads\/sites\/9\/2018\/11\/logo_lerga-300x110.jpg 300w, https:\/\/recherche.uqac.ca\/lerga\/wp-content\/uploads\/sites\/9\/2018\/11\/logo_lerga.jpg 467w\" sizes=\"(max-width: 300px) 100vw, 300px\" \/><\/a><\/strong><\/h4>\n<p>D\u00e9partement des sciences\u00a0humaines et sociales\u00a0 \u00a0 \u00a0 \u00a0 \u00a0 \u00a0 \u00a0 \u00a0 \u00a0 \u00a0 \u00a0 \u00a0\u00a0 Universit\u00e9 du Qu\u00e9bec \u00e0 Chicoutimi<br \/>\nLocal H5-1200<br \/>\n555 Boulevard de l\u2019Universit\u00e9<br \/>\nChicoutimi (QC, Canada), G7H 2B1<\/p>\n<h4><strong>Pour joindre les\u00a0membres r\u00e9guliers:<\/strong><\/h4>\n<p>Maxime Boivin (Professeur et responsable du LERGA) : maxime2_boivin@uqac.ca \/ 418-545-5011 Poste : 5269<\/p>\n<p>Martin Simard (Professeur) :\u00a0mgsimard@uqac.ca \/\u00a0418-545-5011 Poste : 5679<\/p>\n<p>Majella J. Gauthier (Professeur \u00e9m\u00e9rite) : majella_gauthier@uqac.ca \/\u00a0418-545-5011 Poste: 5096<\/p>\n<p>Carl Brisson (professionnel de recherche) :\u00a0 carl_brisson@uqac.ca \/\u00a0418-545-5011 Poste: 4260<\/p>\n<p>&nbsp;<\/p>\n","protected":false},"excerpt":{"rendered":"<p>Coordonn\u00e9es : Laboratoire d\u2019expertise et de recherche\u00a0en g\u00e9ographie appliqu\u00e9e (LERGA) D\u00e9partement des sciences\u00a0humaines et sociales\u00a0 \u00a0 \u00a0 \u00a0 \u00a0 \u00a0 \u00a0 \u00a0 \u00a0 \u00a0 \u00a0 \u00a0\u00a0 Universit\u00e9 du Qu\u00e9bec \u00e0 Chicoutimi Local H5-1200 555 Boulevard de l\u2019Universit\u00e9 Chicoutimi (QC, Canada), G7H 2B1 Pour joindre les\u00a0membres r\u00e9guliers: Maxime Boivin (Professeur et responsable du LERGA) : maxime2_boivin@uqac.ca &hellip; <a href=\"https:\/\/recherche.uqac.ca\/lerga\/nous-joindre\/\" class=\"more-link\">Continuer la lecture de <span class=\"screen-reader-text\">Nous joindre<\/span>  <span class=\"meta-nav\">&rarr;<\/span><\/a><\/p>\n","protected":false},"author":19,"featured_media":0,"parent":0,"menu_order":0,"comment_status":"closed","ping_status":"closed","template":"","meta":{"footnotes":""},"_links":{"self":[{"href":"https:\/\/recherche.uqac.ca\/lerga\/wp-json\/wp\/v2\/pages\/19"}],"collection":[{"href":"https:\/\/recherche.uqac.ca\/lerga\/wp-json\/wp\/v2\/pages"}],"about":[{"href":"https:\/\/recherche.uqac.ca\/lerga\/wp-json\/wp\/v2\/types\/page"}],"author":[{"embeddable":true,"href":"https:\/\/recherche.uqac.ca\/lerga\/wp-json\/wp\/v2\/users\/19"}],"replies":[{"embeddable":true,"href":"https:\/\/recherche.uqac.ca\/lerga\/wp-json\/wp\/v2\/comments?post=19"}],"version-history":[{"count":4,"href":"https:\/\/recherche.uqac.ca\/lerga\/wp-json\/wp\/v2\/pages\/19\/revisions"}],"predecessor-version":[{"id":35,"href":"https:\/\/recherche.uqac.ca\/lerga\/wp-json\/wp\/v2\/pages\/19\/revisions\/35"}],"wp:attachment":[{"href":"https:\/\/recherche.uqac.ca\/lerga\/wp-json\/wp\/v2\/media?parent=19"}],"curies":[{"name":"wp","href":"https:\/\/api.w.org\/{rel}","templated":true}]}}