{"id":25,"date":"2018-11-22T21:58:14","date_gmt":"2018-11-22T20:58:14","guid":{"rendered":"https:\/\/recherche.uqac.ca\/lerga\/?page_id=25"},"modified":"2025-03-11T02:06:42","modified_gmt":"2025-03-11T01:06:42","slug":"notre-equipe","status":"publish","type":"page","link":"https:\/\/recherche.uqac.ca\/lerga\/page-d-exemple\/notre-equipe\/","title":{"rendered":"Notre \u00e9quipe"},"content":{"rendered":"<h5><em><strong>Membres r\u00e9guliers :<\/strong><\/em><\/h5>\n<p><strong>Maxime Boivin, Ph.D \u2013 G\u00e9ographe et hydrog\u00e9omorphologue (Responsable du Lerga, 2017-&#8230;)<\/strong><\/p>\n<p>Maxime Boivin est professeur en g\u00e9ographie physique et des syst\u00e8mes d\u2019informations g\u00e9ographiques (SIG) au d\u00e9partement des sciences humaines et sociales de l\u2019UQAC. Il est g\u00e9ographe et g\u00e9omorphologue, sp\u00e9cialis\u00e9 sur les interactions bio-g\u00e9omorphologiques en rivi\u00e8re et en lac. Depuis 2009, il a d\u00e9velopp\u00e9 des projets de recherche reconnus au niveau national et international, notamment sur la dynamique du bois en rivi\u00e8re et sur les interactions entre les bandes riveraines et la dynamique fluviale.\u00a0 Ces travaux de recherches actuels portent sur des analyses \u00e0 grandes \u00e9chelles (bassin versant) des interactions bio-g\u00e9omorphologiques dans des rivi\u00e8res \u00e0 saumons \u00e0 l\u2019aide de l\u2019imagerie a\u00e9roport\u00e9e et des SIG. Ainsi, il a d\u00e9velopp\u00e9 une forte expertise en hydrog\u00e9omorphologie et en imageries a\u00e9roport\u00e9es (a\u00e9riennes, satellitaire et par drone).<\/p>\n<ul>\n<li>Portolio UQAC :\u00a0<a href=\"http:\/\/www.uqac.ca\/portfolio\/maximeboivin\/\" target=\"_blank\" rel=\"noopener\">http:\/\/www.uqac.ca\/portfolio\/maximeboivin\/<\/a><\/li>\n<li>Profil Researchgate:\u00a0<a href=\"https:\/\/www.researchgate.net\/profile\/Maxime-Boivin-3\" target=\"_blank\" rel=\"noopener\">https:\/\/www.researchgate.net\/profile\/Maxime-Boivin-3<\/a><\/li>\n<li>Profil Google Scholar :\u00a0<a href=\"https:\/\/scholar.google.com\/citations?user=JI9-KHUAAAAJ&amp;hl=fr\" target=\"_blank\" rel=\"noopener\">https:\/\/scholar.google.com\/Maxime-Boivin<\/a><\/li>\n<\/ul>\n<hr \/>\n<p><strong>Vincent Lecours, Ph.D &#8211; Professeur de g\u00e9omatique appliqu\u00e9e<\/strong><\/p>\n<p>Vincent Lecours\u00a0 est professeur en g\u00e9ographie\/g\u00e9omatique au D\u00e9partement des sciences humaines de l\u2019UQAC depuis 2022, sp\u00e9cialis\u00e9 en g\u00e9omatique appliqu\u00e9e. Il utilise les technologies et les m\u00e9thodes de la g\u00e9omatique (par exemple, la t\u00e9l\u00e9d\u00e9tection, l&rsquo;analyse spatiale, la cartographie) pour \u00e9tudier l&rsquo;environnement naturel, \u00e0 la fois sur terre et sous l&rsquo;eau. Il est enthousiaste \u00e0 l&rsquo;id\u00e9e d&rsquo;utiliser les technologies et m\u00e9thodes g\u00e9ospatiales dans la recherche interdisciplinaire afin d&rsquo;aider les scientifiques d&rsquo;autres sp\u00e9cialit\u00e9s \u00e0 utiliser au mieux leurs ensembles de donn\u00e9es spatiales et \u00e0 accro\u00eetre leur potentiel de recherche. Il s&rsquo;int\u00e9resse en particulier \u00e0 relever les d\u00e9fis que peut poser l&rsquo;utilisation de ces technologies et m\u00e9thodes.<\/p>\n<ul>\n<li>Portolio UQAC : <a href=\"https:\/\/portfolio.uqac.ca\/vincentlecours\/\">https:\/\/portfolio.uqac.ca\/vincentlecours\/<\/a><\/li>\n<li>Page web : <a href=\"https:\/\/www.thelecourslab.org\/\">https:\/\/www.thelecourslab.org\/<\/a><\/li>\n<li>Profil ResearchGate: <a href=\"https:\/\/www.researchgate.net\/profile\/Vincent-Lecours\">https:\/\/www.researchgate.net\/profile\/Vincent-Lecours\u00a0<\/a><\/li>\n<\/ul>\n<h5><em><strong>Membres associ\u00e9s<\/strong><\/em><\/h5>\n<p><strong>Majella-J Gauthier, D. 3e cycle &#8211; Professeur \u00e9m\u00e9rite<\/strong><\/p>\n<p>Majella-J. Gauthier est professeur \u00e9m\u00e9rite de l\u2019UQAC o\u00f9 il a \u0153uvr\u00e9 principalement en g\u00e9ographie et en \u00e9tudes r\u00e9gionales au d\u00e9partement des sciences humaines ainsi qu\u2019au doctorat en d\u00e9veloppement r\u00e9gional. Il poss\u00e8de une licence et une ma\u00eetrise en g\u00e9ographie (Universit\u00e9 Laval), un doctorat de troisi\u00e8me cycle en g\u00e9ographie (Universit\u00e9 de Caen, France). Il poursuit des recherches en am\u00e9nagement rural, en organisation de l&rsquo;espace, en d\u00e9veloppement r\u00e9gional. Il est actif au sein de diff\u00e9rents projets comme l&rsquo;Atlas \u00e9lectronique du Saguenay-Lac-Saint-Jean. Il est actif dans les associations qu\u00e9b\u00e9coise et canadienne de cartographie ainsi que l&rsquo;Association canadienne des g\u00e9ographes.<\/p>\n<hr \/>\n<p><b>Johan B\u00e9rub\u00e9 M.Sc &#8211; Professionnel de recherche &#8211;\u00a0<\/b><\/p>\n<p><b>Marie-Jo\u00eblle Lauzier, B.Sc &#8211; professionnelle de recherche &#8211;<\/b><\/p>\n<p><strong>Janie Vin-Deslauriers,<\/strong> <b>M.Sc &#8211; Professionnelle de recherche &#8211;\u00a0<\/b><\/p>\n<p><strong>Jean-Philippe Marchand, M.Sc. &#8211; Auxiliaire d&rsquo;enseignement et de recherche\u00a0<\/strong><\/p>\n<h5><em><strong>Membres\u00a0\u00e9tudiants :<\/strong><\/em><\/h5>\n<p><strong>Post-Doctorat :\u00a0<\/strong><\/p>\n<p><strong>Maxime Gillet, Ph.D : projet de restauration sur la rivi\u00e8re Anse-Saint-Jean, Saguenay.\u00a0<\/strong><\/p>\n<p><strong>Doctorat (codirection) :<\/strong><\/p>\n<p><strong>Matthieu Prugne<\/strong>\u00a0<strong>(Codirection avec Thomas Buffin-B\u00e9langer, UQAR et Dov Corenblit, Universit\u00e9 Clermont Auvergne )\u00a0 : <\/strong>Relations entre la v\u00e9g\u00e9tation et l&rsquo;hydrog\u00e9omorphologie sur les rivi\u00e8res gasp\u00e9siennes. 2020-<\/p>\n<p><b>Ma\u00eetrise :\u00a0<\/b><\/p>\n<p><strong>M\u00e9gan Larouche (Codirection avec Olivier Morissette, UQAC): <\/strong>Indice de qualit\u00e9 morphologique (IQM) et communaut\u00e9s de poissons dans trois rivi\u00e8res au Qu\u00e9bec &#8211; Outils d&rsquo;analyses : 2023-<\/p>\n<p><strong>Adam Djelloul (Codirection avec Olivier Morissette, UQAC):\u00a0<\/strong>Influence de l\u2019urbanisation sur les impacts des perturbations anthropiques sur l\u2019ampleur des invasions biologiques dans les communaut\u00e9s de poissons des rivi\u00e8res du Qu\u00e9bec : 2023-<\/p>\n<p><strong>Simon Tremblay (Codirection avec Olivier Riffon, UQAC) :\u00a0 <\/strong>D\u00e9veloppement d&rsquo;une approche participative pour la restauration hydrog\u00e9omorphologique de la rivi\u00e8re \u00e0 Mars: 2021-<\/p>\n<p><strong>V\u00e9ronique Simard :\u00a0<\/strong>Analyse de la trajectoire historique de l\u2019\u00e9tat hydrog\u00e9omorphologique de divers bassins versants dans le Qu\u00e9bec m\u00e9ridional : 2021-<\/p>\n<p><strong>Janie Vin-Deslaurier\u00a0(Codirection avec Thomas Buffin-B\u00e9langer, UQAR) :\u00a0<\/strong>Transport s\u00e9dimentaire et habitats du saumon sur la rivi\u00e8re \u00e0 Mars, La Baie : 2019 &#8211;<\/p>\n<p><strong>Assistants de recherche premier Cycle<\/strong><\/p>\n<p>Elsa Vaillancourt-Vigneault &#8211; 2022-2023<\/p>\n<p>Mathieu Tremblay &#8211; 2023 &#8211;<\/p>\n<p>Margaux Couture-Lacasse &#8211; 2023<\/p>\n<p>M\u00e9gan Larouche &#8211; 2023<\/p>\n<p>Aldric Bastid &#8211; 2023<\/p>\n<p>&nbsp;<\/p>\n<p><em><strong>Alumni<\/strong><\/em><\/p>\n<p><strong>Cycles sup\u00e9rieurs :\u00a0<\/strong><\/p>\n<p><strong>Marianne Bouchard :\u00a0<\/strong>Transport s\u00e9dimentaire et habitats du saumon sur la rivi\u00e8re\u00a0des Escoumins : 2020 -2022<\/p>\n<p><strong>Antoine Carpentier (Codirection avec Thomas Buffin-B\u00e9langer, UQAR)\u00a0 :<\/strong> Projet emb\u00e2cles de bois sur la rivi\u00e8re Saint-Jean, Gasp\u00e9: 2019- 2022<\/p>\n<p><strong>Baptiste Jeanney\u00a0(Codirection avec Thomas Buffin-B\u00e9langer, UQAR)\u00a0 : <\/strong>Projet emb\u00e2cles de bois et emb\u00e2cles de glace sur la rivi\u00e8re Petite-Cascap\u00e9dia:\u00a0 2019-2022<\/p>\n<p><strong>Olivier Boudreault<\/strong>\u00a0<strong>(Codirection avec Pascale Biron, Concordia) : <\/strong>D\u00e9veloppement de courbes r\u00e9gionales de g\u00e9om\u00e9trie hydraulique pour le Qu\u00e9bec. 2020 (non-termin\u00e9)<\/p>\n<p><strong>Lisa Depriester (Codirection avec Ali Saidi, UQAC) :<\/strong> Projet Saint-Jean-Vianney : G\u00e9omorphosite : 2018 -2021<\/p>\n<p><strong>Blanche Richer<\/strong>\u00a0<strong>(Codirection avec Ali Saidi, UQAC) :<\/strong>\u00a0Projet Saint-Jean-Vianney : \u00e9valuation du risque:\u00a0 2018 -2021<\/p>\n<p><strong>R\u00e9becca Matte, M.Sc. (Codirection avec Claude Lavoie, ULaval) <\/strong>Projet Impact de la renou\u00e9e du Japon sur l&rsquo;hydrog\u00e9omorphologie d&rsquo;un cours d&rsquo;eau:\u00a0 2018 -2020<\/p>\n<p><strong>Maxime Maltais, M.Sc.<\/strong>\u00a0<strong>(Codirection avec Thomas Buffin-B\u00e9langer, UQAR) : <\/strong>\u00c9volution spatiale et temporelle de la dynamique du bois mort en rivi\u00e8re, Mont-Louis, Gasp\u00e9sie:\u00a0<strong>\u00a0<\/strong>2017-2019<\/p>\n<p>Profesionnels-es de recherche :<\/p>\n<p>Yan Boulet, M.Sc. &#8211; Professionnel de recherche &#8211; 2020-2024<\/p>\n<p>Karim Mehour, M.Sc &#8211; Professionnel de recherche &#8211; 2020-2023<\/p>\n<p>Antoine Carpentier, M.Sc &#8211; professionnel de recherche -2021-2022<\/p>\n<p><strong>Premier cycle :\u00a0<\/strong><\/p>\n<p>David Bilodeau &#8211; 2021 -2023<\/p>\n<p>Marie-Jo\u00eblle Lauzier &#8211; 2021-2022<\/p>\n<p>Catherine Fortier\u00a0assistante de recherche &#8211; 2021<\/p>\n<p>Anthony Fontaine, assistant de recherche &#8211;\u00a02021<\/p>\n<p>Simon Tremblay : assistant de recherche &#8211; 2019-2021<\/p>\n<p>Marianne Bouchard : assistante de recherche &#8211; 2019-2020<\/p>\n<p>L\u00e9onie Savard : assistante de recherche &#8211;\u00a02019-2020.<\/p>\n<p>James Duchesne, assistant de recherche &#8211; 2020-2021<\/p>\n<p>Jean-Benoit Tremblay, assistant de recherche premier cycle &#8211; 2019-2020<\/p>\n<p>Samuel Paul-Alc\u00e9,\u00a0assistant de recherche premier cycle &#8211; \u00c9t\u00e9 2018<\/p>\n","protected":false},"excerpt":{"rendered":"<p>Membres r\u00e9guliers : Maxime Boivin, Ph.D \u2013 G\u00e9ographe et hydrog\u00e9omorphologue (Responsable du Lerga, 2017-&#8230;) Maxime Boivin est professeur en g\u00e9ographie physique et des syst\u00e8mes d\u2019informations g\u00e9ographiques (SIG) au d\u00e9partement des sciences humaines et sociales de l\u2019UQAC. Il est g\u00e9ographe et g\u00e9omorphologue, sp\u00e9cialis\u00e9 sur les interactions bio-g\u00e9omorphologiques en rivi\u00e8re et en lac. Depuis 2009, il a &hellip; <a href=\"https:\/\/recherche.uqac.ca\/lerga\/page-d-exemple\/notre-equipe\/\" class=\"more-link\">Continuer la lecture de <span class=\"screen-reader-text\">Notre \u00e9quipe<\/span>  <span class=\"meta-nav\">&rarr;<\/span><\/a><\/p>\n","protected":false},"author":19,"featured_media":0,"parent":2,"menu_order":0,"comment_status":"closed","ping_status":"closed","template":"","meta":{"footnotes":""},"_links":{"self":[{"href":"https:\/\/recherche.uqac.ca\/lerga\/wp-json\/wp\/v2\/pages\/25"}],"collection":[{"href":"https:\/\/recherche.uqac.ca\/lerga\/wp-json\/wp\/v2\/pages"}],"about":[{"href":"https:\/\/recherche.uqac.ca\/lerga\/wp-json\/wp\/v2\/types\/page"}],"author":[{"embeddable":true,"href":"https:\/\/recherche.uqac.ca\/lerga\/wp-json\/wp\/v2\/users\/19"}],"replies":[{"embeddable":true,"href":"https:\/\/recherche.uqac.ca\/lerga\/wp-json\/wp\/v2\/comments?post=25"}],"version-history":[{"count":20,"href":"https:\/\/recherche.uqac.ca\/lerga\/wp-json\/wp\/v2\/pages\/25\/revisions"}],"predecessor-version":[{"id":212,"href":"https:\/\/recherche.uqac.ca\/lerga\/wp-json\/wp\/v2\/pages\/25\/revisions\/212"}],"up":[{"embeddable":true,"href":"https:\/\/recherche.uqac.ca\/lerga\/wp-json\/wp\/v2\/pages\/2"}],"wp:attachment":[{"href":"https:\/\/recherche.uqac.ca\/lerga\/wp-json\/wp\/v2\/media?parent=25"}],"curies":[{"name":"wp","href":"https:\/\/api.w.org\/{rel}","templated":true}]}}