{"id":27,"date":"2018-11-22T21:58:23","date_gmt":"2018-11-22T20:58:23","guid":{"rendered":"https:\/\/recherche.uqac.ca\/lerga\/?page_id=27"},"modified":"2022-03-22T20:40:59","modified_gmt":"2022-03-22T19:40:59","slug":"projets-en-cours","status":"publish","type":"page","link":"https:\/\/recherche.uqac.ca\/lerga\/page-d-exemple\/projets-en-cours\/","title":{"rendered":"Projets en cours"},"content":{"rendered":"<p><strong>Projets en cours :\u00a0<\/strong><\/p>\n<ul>\n<li>D\u00e9veloppement d&rsquo;une approche participative pour la restauration hydrog\u00e9omorphologique de la rivi\u00e8re \u00e0 Mars. Contact-Nature et Mitacs. 2022-2024.<\/li>\n<\/ul>\n<ul>\n<li>Restauration des processus pour l&rsquo;habitat en rivi\u00e8re et impacts du d\u00e9luge du Saguenay 25 ans apr\u00e8s,\u00a0 Anse-Saint-Jean.\u00a0 Zec Anse-Saint\/FFQ\/FCSA. 2021-2024<\/li>\n<\/ul>\n<ul>\n<li>Analyse hydros\u00e9dimentaire sur la rivi\u00e8re Pikauba : influence de l&rsquo;apport s\u00e9dimentaire sur l&rsquo;habitat du poisson en rivi\u00e8re. Minist\u00e8re des Transports (MTQ). 2021-2023.<\/li>\n<\/ul>\n<ul>\n<li>Analyse de la dynamique du bois mort et suivi d&rsquo;un d\u00e9mant\u00e8lement d&#8217;emb\u00e2cle majeur pour l\u2019habitat du saumon.\u00a0Fondation Saumon Gasp\u00e9 \/ FFQ \/SGRG, 2021-2022.<\/li>\n<\/ul>\n<ul>\n<li>D\u00e9veloppement et adaptation d\u2019un indice de l\u2019\u00e9tat hydromorphologique automatis\u00e9 des cours d\u2019eau pour le Qu\u00e9bec.\u00a0Collaboration avec Pascale Biron (U. Concordia) et Thomas Buffin-B\u00e9langer (UQAR).\u00a0 Minist\u00e8re de l\u2019environnement et de la lutte aux changements climatiques (MELCC). 2020-2023<\/li>\n<\/ul>\n<ul>\n<li>D\u00e9veloppement de courbes r\u00e9gionales de g\u00e9om\u00e9triques hydrauliques adapt\u00e9es \u00e0 diff\u00e9rents contextes physiographiques au Qu\u00e9bec. Collaboration avec Pascale Biron (U. Concordia). Financement du MELCC. 2020-2023.<\/li>\n<\/ul>\n<ul>\n<li>Projection spatio-temporelle du comportement de la rivi\u00e8re St-Jean sur l\u2019environnement des actifs municipaux dans un contexte de CC. Municipalit\u00e9 de l&rsquo;Anse Saint-Jean. 2020-2022.<\/li>\n<\/ul>\n<ul>\n<li>Hydrog\u00e9omorphologie et restauration des processus naturels en rivi\u00e8res pour l\u2019habitat du poisson (saumon et truite de mer). Projets sur la Rivi\u00e8re \u00e0 Mars (Contact-Nature) et sur la rivi\u00e8re des Escoumins (CGRSE-Escoumins). 2019-2023. Mitacs, FFQ, FCSA.<\/li>\n<\/ul>\n<ul>\n<li>Mettre le Qu\u00e9bec maritime sur la carte! La cartographie participative comme d\u00e9marche d\u2019innovation ouverte dans les comit\u00e9s ZIP. Chercheur principal : Gabriel Joyal (CGQ). Financement du programme Odyss\u00e9e Saint-Laurent (RQM). 2020-2022.<\/li>\n<\/ul>\n<p><strong>Projets termin\u00e9s :\u00a0<\/strong><\/p>\n<ul>\n<li>Am\u00e9nagements pour le saumon adapt\u00e9s \u00e0 l\u2019hydrologie et \u00e0 l\u2019hydrog\u00e9omorphologie de la rivi\u00e8re Ouelle \u2013 Analyses HGM et impacts potentiels des barrages de castors. Collaboration avec l\u2019OBV OBAKIR. Financement de la FFQ et de la FCSA. 2020-2021.<\/li>\n<\/ul>\n<ul>\n<li>Dynamique hydros\u00e9dimentaire historique sur la rivi\u00e8re Saint-Anne et habitat du poulamon Atlantique. Collaboration avec l\u2019OBV CAPSA. Financement du programme Affluents Maritimes du ROBVQ.\u00a02019-2021.<\/li>\n<\/ul>\n<ul>\n<li>Dynamique du bois mort et des bandes riveraines dans un contexte de changements environnementaux.\u00a0(Financement FRQNT). 2018-2021.<\/li>\n<\/ul>\n<ul>\n<li>Am\u00e9lioration des mesures de protection de l\u2019omble chevalier\u00a0<em>oquassa<\/em>\u00a0\u00e0 l\u2019\u00e9gard des activit\u00e9s d\u2019am\u00e9nagement forestier par\u00a0des approches a\u00e9roport\u00e9es (drone) et\u00a0<em>in situ<\/em>. Collaborateurs : Pascal Sirois (UQAC) et MFFP. 2018-2020.<\/li>\n<\/ul>\n<ul>\n<li>Projet d\u2019analyse g\u00e9otechnique et g\u00e9omorphologique des risques de glissement de terrain et possibilit\u00e9 de faire reconnaitre le site de Saint-Jean-Vianney comme un G\u00e9oSite\/G\u00e9omorphoSite.\u00a0 Collaborateurs : Ali Saeidi (UQAC), Promotion Saguenay et MITACS. 2018-2020.<\/li>\n<\/ul>\n<ul>\n<li>Dynamique hydros\u00e9dimentaire et habitat pour l&rsquo;\u00e9perlan arc-en-ciel sur le segment du Saguenay Moyen.\u00a0(Partenaires : RQM). 2019-2020.<\/li>\n<\/ul>\n<ul>\n<li>\u00c9tude sur la pr\u00e9sence d\u2019emb\u00e2cles de bois et sur la dynamique du bois dans la rivi\u00e8re Port-Daniel et influence potentielle sur le saumon.\u00a0(Partenaires : SEPAQ). 2018-2019<\/li>\n<\/ul>\n<ul>\n<li>Analyses dendrochronologiques et dendroclimatiques \u00e0 partir des emb\u00e2cles de la rivi\u00e8re Saint-Jean, Gasp\u00e9sie. 2017-2018<\/li>\n<\/ul>\n<ul>\n<li>D\u00e9veloppement d\u2019un guide sur les avantages \u00e9cosyst\u00e9miques et l\u2019am\u00e9nagement durable des emb\u00e2cles de bois en rivi\u00e8re pour les gestionnaires de cours d\u2019eau au Qu\u00e9bec. \u00a0Collaborateurs\u00a0: Conseil de l\u2019eau du Nord de la Gasp\u00e9sie, Fondation de la Faune, MITACS et Thomas Buffin-B\u00e9langer (UQAR). 2017-2019.<\/li>\n<\/ul>\n","protected":false},"excerpt":{"rendered":"<p>Projets en cours :\u00a0 D\u00e9veloppement d&rsquo;une approche participative pour la restauration hydrog\u00e9omorphologique de la rivi\u00e8re \u00e0 Mars. Contact-Nature et Mitacs. 2022-2024. Restauration des processus pour l&rsquo;habitat en rivi\u00e8re et impacts du d\u00e9luge du Saguenay 25 ans apr\u00e8s,\u00a0 Anse-Saint-Jean.\u00a0 Zec Anse-Saint\/FFQ\/FCSA. 2021-2024 Analyse hydros\u00e9dimentaire sur la rivi\u00e8re Pikauba : influence de l&rsquo;apport s\u00e9dimentaire sur l&rsquo;habitat du &hellip; <a href=\"https:\/\/recherche.uqac.ca\/lerga\/page-d-exemple\/projets-en-cours\/\" class=\"more-link\">Continuer la lecture de <span class=\"screen-reader-text\">Projets en cours<\/span>  <span class=\"meta-nav\">&rarr;<\/span><\/a><\/p>\n","protected":false},"author":19,"featured_media":0,"parent":2,"menu_order":0,"comment_status":"closed","ping_status":"closed","template":"","meta":{"footnotes":""},"_links":{"self":[{"href":"https:\/\/recherche.uqac.ca\/lerga\/wp-json\/wp\/v2\/pages\/27"}],"collection":[{"href":"https:\/\/recherche.uqac.ca\/lerga\/wp-json\/wp\/v2\/pages"}],"about":[{"href":"https:\/\/recherche.uqac.ca\/lerga\/wp-json\/wp\/v2\/types\/page"}],"author":[{"embeddable":true,"href":"https:\/\/recherche.uqac.ca\/lerga\/wp-json\/wp\/v2\/users\/19"}],"replies":[{"embeddable":true,"href":"https:\/\/recherche.uqac.ca\/lerga\/wp-json\/wp\/v2\/comments?post=27"}],"version-history":[{"count":6,"href":"https:\/\/recherche.uqac.ca\/lerga\/wp-json\/wp\/v2\/pages\/27\/revisions"}],"predecessor-version":[{"id":149,"href":"https:\/\/recherche.uqac.ca\/lerga\/wp-json\/wp\/v2\/pages\/27\/revisions\/149"}],"up":[{"embeddable":true,"href":"https:\/\/recherche.uqac.ca\/lerga\/wp-json\/wp\/v2\/pages\/2"}],"wp:attachment":[{"href":"https:\/\/recherche.uqac.ca\/lerga\/wp-json\/wp\/v2\/media?parent=27"}],"curies":[{"name":"wp","href":"https:\/\/api.w.org\/{rel}","templated":true}]}}