{"id":31,"date":"2018-11-22T21:57:46","date_gmt":"2018-11-22T20:57:46","guid":{"rendered":"https:\/\/recherche.uqac.ca\/lerga\/?page_id=31"},"modified":"2020-01-07T16:12:50","modified_gmt":"2020-01-07T15:12:50","slug":"photos-terrains","status":"publish","type":"page","link":"https:\/\/recherche.uqac.ca\/lerga\/geographes-de-terrain\/photos-terrains\/","title":{"rendered":"Photos terrains"},"content":{"rendered":"<p><strong>Projet emb\u00e2cles de bois sur la rivi\u00e8re Port-Daniel, Petite-Cascap\u00e9dia et Saint-Jean. Gasp\u00e9sie (\u00c9t\u00e9 2019)\u00a0<\/strong><\/p>\n<p><a href=\"https:\/\/recherche.uqac.ca\/lerga\/wp-content\/uploads\/sites\/9\/2018\/11\/IMG_0686-1.jpg\"><img loading=\"lazy\" decoding=\"async\" class=\"alignnone size-thumbnail wp-image-73\" src=\"https:\/\/recherche.uqac.ca\/lerga\/wp-content\/uploads\/sites\/9\/2018\/11\/IMG_0686-1-150x150.jpg\" alt=\"IMG_0686 (1)\" width=\"150\" height=\"150\" \/><\/a> <a href=\"https:\/\/recherche.uqac.ca\/lerga\/wp-content\/uploads\/sites\/9\/2018\/11\/IMG_0741.jpg\"><img loading=\"lazy\" decoding=\"async\" class=\"alignnone size-thumbnail wp-image-74\" src=\"https:\/\/recherche.uqac.ca\/lerga\/wp-content\/uploads\/sites\/9\/2018\/11\/IMG_0741-150x150.jpg\" alt=\"IMG_0741\" width=\"150\" height=\"150\" \/><\/a> <a href=\"https:\/\/recherche.uqac.ca\/lerga\/wp-content\/uploads\/sites\/9\/2018\/11\/IMG_0858.jpg\"><img loading=\"lazy\" decoding=\"async\" class=\"alignnone size-thumbnail wp-image-75\" src=\"https:\/\/recherche.uqac.ca\/lerga\/wp-content\/uploads\/sites\/9\/2018\/11\/IMG_0858-150x150.jpg\" alt=\"IMG_0858\" width=\"150\" height=\"150\" \/><\/a> <a href=\"https:\/\/recherche.uqac.ca\/lerga\/wp-content\/uploads\/sites\/9\/2018\/11\/IMG_0861.jpg\"><img loading=\"lazy\" decoding=\"async\" class=\"alignnone size-thumbnail wp-image-76\" src=\"https:\/\/recherche.uqac.ca\/lerga\/wp-content\/uploads\/sites\/9\/2018\/11\/IMG_0861-150x150.jpg\" alt=\"IMG_0861\" width=\"150\" height=\"150\" \/><\/a> <a href=\"https:\/\/recherche.uqac.ca\/lerga\/wp-content\/uploads\/sites\/9\/2018\/11\/IMG_1030.jpg\"><img loading=\"lazy\" decoding=\"async\" class=\"alignnone size-thumbnail wp-image-77\" src=\"https:\/\/recherche.uqac.ca\/lerga\/wp-content\/uploads\/sites\/9\/2018\/11\/IMG_1030-150x150.jpg\" alt=\"IMG_1030\" width=\"150\" height=\"150\" \/><\/a> <a href=\"https:\/\/recherche.uqac.ca\/lerga\/wp-content\/uploads\/sites\/9\/2018\/11\/IMG_1033.jpg\"><img loading=\"lazy\" decoding=\"async\" class=\"alignnone size-thumbnail wp-image-78\" src=\"https:\/\/recherche.uqac.ca\/lerga\/wp-content\/uploads\/sites\/9\/2018\/11\/IMG_1033-150x150.jpg\" alt=\"IMG_1033\" width=\"150\" height=\"150\" \/><\/a> <a href=\"https:\/\/recherche.uqac.ca\/lerga\/wp-content\/uploads\/sites\/9\/2018\/11\/petite-cascap\u00e9dia.jpg\"><img loading=\"lazy\" decoding=\"async\" class=\"alignnone size-thumbnail wp-image-79\" src=\"https:\/\/recherche.uqac.ca\/lerga\/wp-content\/uploads\/sites\/9\/2018\/11\/petite-cascap\u00e9dia-150x150.jpg\" alt=\"petite-cascap\u00e9dia\" width=\"150\" height=\"150\" \/><\/a> <a href=\"https:\/\/recherche.uqac.ca\/lerga\/wp-content\/uploads\/sites\/9\/2018\/11\/terrain-rivi\u00e8re-mars_comite-zip.jpg\"><img loading=\"lazy\" decoding=\"async\" class=\"alignnone size-thumbnail wp-image-80\" src=\"https:\/\/recherche.uqac.ca\/lerga\/wp-content\/uploads\/sites\/9\/2018\/11\/terrain-rivi\u00e8re-mars_comite-zip-150x150.jpg\" alt=\"terrain-rivi\u00e8re-mars_comite-zip\" width=\"150\" height=\"150\" \/><\/a><\/p>\n<p>&nbsp;<\/p>\n<p>&nbsp;<\/p>\n<p><strong>Projet Rivi\u00e8re \u00c0 Mars (\u00c9t\u00e9 2019)<\/strong><\/p>\n<p><strong><a href=\"https:\/\/recherche.uqac.ca\/lerga\/wp-content\/uploads\/sites\/9\/2018\/11\/DSCN2331.jpg\"><img loading=\"lazy\" decoding=\"async\" class=\"alignnone size-medium wp-image-82\" src=\"https:\/\/recherche.uqac.ca\/lerga\/wp-content\/uploads\/sites\/9\/2018\/11\/DSCN2331-300x225.jpg\" alt=\"DSCN2331\" width=\"300\" height=\"225\" srcset=\"https:\/\/recherche.uqac.ca\/lerga\/wp-content\/uploads\/sites\/9\/2018\/11\/DSCN2331-300x225.jpg 300w, https:\/\/recherche.uqac.ca\/lerga\/wp-content\/uploads\/sites\/9\/2018\/11\/DSCN2331-1024x768.jpg 1024w\" sizes=\"(max-width: 300px) 100vw, 300px\" \/><\/a> <\/strong><\/p>\n<p><strong><a href=\"https:\/\/recherche.uqac.ca\/lerga\/wp-content\/uploads\/sites\/9\/2018\/11\/DSCN2505.jpg\"><img loading=\"lazy\" decoding=\"async\" class=\"alignnone size-thumbnail wp-image-83\" src=\"https:\/\/recherche.uqac.ca\/lerga\/wp-content\/uploads\/sites\/9\/2018\/11\/DSCN2505-150x150.jpg\" alt=\"DSCN2505\" width=\"150\" height=\"150\" \/><\/a><\/strong><strong><a href=\"https:\/\/recherche.uqac.ca\/lerga\/wp-content\/uploads\/sites\/9\/2018\/11\/DSCN2531.jpg\"><img loading=\"lazy\" decoding=\"async\" class=\"alignnone size-thumbnail wp-image-84\" src=\"https:\/\/recherche.uqac.ca\/lerga\/wp-content\/uploads\/sites\/9\/2018\/11\/DSCN2531-150x150.jpg\" alt=\"DSCN2531\" width=\"150\" height=\"150\" \/><\/a> <a href=\"https:\/\/recherche.uqac.ca\/lerga\/wp-content\/uploads\/sites\/9\/2018\/11\/IMG_1196.jpg\"><img loading=\"lazy\" decoding=\"async\" class=\"alignnone size-thumbnail wp-image-85\" src=\"https:\/\/recherche.uqac.ca\/lerga\/wp-content\/uploads\/sites\/9\/2018\/11\/IMG_1196-150x150.jpg\" alt=\"IMG_1196\" width=\"150\" height=\"150\" \/><\/a> <a href=\"https:\/\/recherche.uqac.ca\/lerga\/wp-content\/uploads\/sites\/9\/2018\/11\/IMG_1200.jpg\"><img loading=\"lazy\" decoding=\"async\" class=\"alignnone size-thumbnail wp-image-86\" src=\"https:\/\/recherche.uqac.ca\/lerga\/wp-content\/uploads\/sites\/9\/2018\/11\/IMG_1200-150x150.jpg\" alt=\"IMG_1200\" width=\"150\" height=\"150\" \/><\/a> <a href=\"https:\/\/recherche.uqac.ca\/lerga\/wp-content\/uploads\/sites\/9\/2018\/11\/IMG_1229.jpg\"><img loading=\"lazy\" decoding=\"async\" class=\"alignnone size-thumbnail wp-image-87\" src=\"https:\/\/recherche.uqac.ca\/lerga\/wp-content\/uploads\/sites\/9\/2018\/11\/IMG_1229-150x150.jpg\" alt=\"IMG_1229\" width=\"150\" height=\"150\" \/><\/a><\/strong><\/p>\n<p><strong>Projet \u00c9perlan sur le Saguenay (\u00c9t\u00e9 2019)\u00a0<\/strong><\/p>\n<p><a href=\"https:\/\/recherche.uqac.ca\/lerga\/wp-content\/uploads\/sites\/9\/2018\/11\/IMG_9772-e1578409929269.jpg\"><img loading=\"lazy\" decoding=\"async\" class=\"alignnone size-medium wp-image-95\" src=\"https:\/\/recherche.uqac.ca\/lerga\/wp-content\/uploads\/sites\/9\/2018\/11\/IMG_9772-e1578409929269-225x300.jpg\" alt=\"IMG_9772\" width=\"225\" height=\"300\" srcset=\"https:\/\/recherche.uqac.ca\/lerga\/wp-content\/uploads\/sites\/9\/2018\/11\/IMG_9772-e1578409929269-225x300.jpg 225w, https:\/\/recherche.uqac.ca\/lerga\/wp-content\/uploads\/sites\/9\/2018\/11\/IMG_9772-e1578409929269-768x1024.jpg 768w\" sizes=\"(max-width: 225px) 100vw, 225px\" \/><\/a><a href=\"https:\/\/recherche.uqac.ca\/lerga\/wp-content\/uploads\/sites\/9\/2018\/11\/IMG_9833-e1578409919681.jpg\"><img loading=\"lazy\" decoding=\"async\" class=\"alignnone size-medium wp-image-98\" src=\"https:\/\/recherche.uqac.ca\/lerga\/wp-content\/uploads\/sites\/9\/2018\/11\/IMG_9833-e1578409919681-225x300.jpg\" alt=\"IMG_9833\" width=\"225\" height=\"300\" srcset=\"https:\/\/recherche.uqac.ca\/lerga\/wp-content\/uploads\/sites\/9\/2018\/11\/IMG_9833-e1578409919681-225x300.jpg 225w, https:\/\/recherche.uqac.ca\/lerga\/wp-content\/uploads\/sites\/9\/2018\/11\/IMG_9833-e1578409919681-768x1024.jpg 768w\" sizes=\"(max-width: 225px) 100vw, 225px\" \/><\/a><a href=\"https:\/\/recherche.uqac.ca\/lerga\/wp-content\/uploads\/sites\/9\/2018\/11\/IMG_9779.jpg\"><img loading=\"lazy\" decoding=\"async\" class=\"alignnone size-medium wp-image-96\" src=\"https:\/\/recherche.uqac.ca\/lerga\/wp-content\/uploads\/sites\/9\/2018\/11\/IMG_9779-300x225.jpg\" alt=\"IMG_9779\" width=\"300\" height=\"225\" srcset=\"https:\/\/recherche.uqac.ca\/lerga\/wp-content\/uploads\/sites\/9\/2018\/11\/IMG_9779-300x225.jpg 300w, https:\/\/recherche.uqac.ca\/lerga\/wp-content\/uploads\/sites\/9\/2018\/11\/IMG_9779-1024x768.jpg 1024w\" sizes=\"(max-width: 300px) 100vw, 300px\" \/><\/a><a href=\"https:\/\/recherche.uqac.ca\/lerga\/wp-content\/uploads\/sites\/9\/2018\/11\/IMG_9826.jpg\"><img loading=\"lazy\" decoding=\"async\" class=\"alignnone size-medium wp-image-97\" src=\"https:\/\/recherche.uqac.ca\/lerga\/wp-content\/uploads\/sites\/9\/2018\/11\/IMG_9826-300x225.jpg\" alt=\"IMG_9826\" width=\"300\" height=\"225\" srcset=\"https:\/\/recherche.uqac.ca\/lerga\/wp-content\/uploads\/sites\/9\/2018\/11\/IMG_9826-300x225.jpg 300w, https:\/\/recherche.uqac.ca\/lerga\/wp-content\/uploads\/sites\/9\/2018\/11\/IMG_9826-1024x768.jpg 1024w\" sizes=\"(max-width: 300px) 100vw, 300px\" \/><\/a> \u00a0<a href=\"https:\/\/recherche.uqac.ca\/lerga\/wp-content\/uploads\/sites\/9\/2018\/11\/IMG_9868.jpg\"><img loading=\"lazy\" decoding=\"async\" class=\"alignnone size-medium wp-image-99\" src=\"https:\/\/recherche.uqac.ca\/lerga\/wp-content\/uploads\/sites\/9\/2018\/11\/IMG_9868-300x225.jpg\" alt=\"IMG_9868\" width=\"300\" height=\"225\" srcset=\"https:\/\/recherche.uqac.ca\/lerga\/wp-content\/uploads\/sites\/9\/2018\/11\/IMG_9868-300x225.jpg 300w, https:\/\/recherche.uqac.ca\/lerga\/wp-content\/uploads\/sites\/9\/2018\/11\/IMG_9868-1024x768.jpg 1024w\" sizes=\"(max-width: 300px) 100vw, 300px\" \/><\/a><\/p>\n","protected":false},"excerpt":{"rendered":"<p>Projet emb\u00e2cles de bois sur la rivi\u00e8re Port-Daniel, Petite-Cascap\u00e9dia et Saint-Jean. Gasp\u00e9sie (\u00c9t\u00e9 2019)\u00a0 &nbsp; &nbsp; Projet Rivi\u00e8re \u00c0 Mars (\u00c9t\u00e9 2019) Projet \u00c9perlan sur le Saguenay (\u00c9t\u00e9 2019)\u00a0 \u00a0<\/p>\n","protected":false},"author":19,"featured_media":0,"parent":29,"menu_order":0,"comment_status":"closed","ping_status":"closed","template":"","meta":{"footnotes":""},"_links":{"self":[{"href":"https:\/\/recherche.uqac.ca\/lerga\/wp-json\/wp\/v2\/pages\/31"}],"collection":[{"href":"https:\/\/recherche.uqac.ca\/lerga\/wp-json\/wp\/v2\/pages"}],"about":[{"href":"https:\/\/recherche.uqac.ca\/lerga\/wp-json\/wp\/v2\/types\/page"}],"author":[{"embeddable":true,"href":"https:\/\/recherche.uqac.ca\/lerga\/wp-json\/wp\/v2\/users\/19"}],"replies":[{"embeddable":true,"href":"https:\/\/recherche.uqac.ca\/lerga\/wp-json\/wp\/v2\/comments?post=31"}],"version-history":[{"count":4,"href":"https:\/\/recherche.uqac.ca\/lerga\/wp-json\/wp\/v2\/pages\/31\/revisions"}],"predecessor-version":[{"id":100,"href":"https:\/\/recherche.uqac.ca\/lerga\/wp-json\/wp\/v2\/pages\/31\/revisions\/100"}],"up":[{"embeddable":true,"href":"https:\/\/recherche.uqac.ca\/lerga\/wp-json\/wp\/v2\/pages\/29"}],"wp:attachment":[{"href":"https:\/\/recherche.uqac.ca\/lerga\/wp-json\/wp\/v2\/media?parent=31"}],"curies":[{"name":"wp","href":"https:\/\/api.w.org\/{rel}","templated":true}]}}