{"id":166,"date":"2021-01-08T18:36:07","date_gmt":"2021-01-08T17:36:07","guid":{"rendered":"https:\/\/recherche.uqac.ca\/r2eau\/?page_id=166"},"modified":"2021-01-10T01:57:23","modified_gmt":"2021-01-10T00:57:23","slug":"attoumane-abi","status":"publish","type":"page","link":"https:\/\/recherche.uqac.ca\/r2eau\/attoumane-abi\/","title":{"rendered":"Attoumane ABI"},"content":{"rendered":"<table style=\"width: 1109px;height: 215px\">\n<tbody>\n<tr>\n<td>\n<h1 style=\"color: #24890d;font-family: verdana;text-align: center\">Attoumane ABI<\/h1>\n<p style=\"text-align: center\"><a href=\"https:\/\/recherche.uqac.ca\/r2eau\/wp-content\/uploads\/sites\/11\/2020\/09\/ABi.jpg\"><img loading=\"lazy\" decoding=\"async\" class=\"alignnone wp-image-123 size-medium\" src=\"https:\/\/recherche.uqac.ca\/r2eau\/wp-content\/uploads\/sites\/11\/2020\/09\/ABi-234x300.jpg\" alt=\"\" width=\"234\" height=\"300\" srcset=\"https:\/\/recherche.uqac.ca\/r2eau\/wp-content\/uploads\/sites\/11\/2020\/09\/ABi-234x300.jpg 234w, https:\/\/recherche.uqac.ca\/r2eau\/wp-content\/uploads\/sites\/11\/2020\/09\/ABi.jpg 369w\" sizes=\"(max-width: 234px) 100vw, 234px\" \/><\/a><\/p>\n<h5 style=\"text-align: center\">\u00c9valuation de l&#8217;impact des param\u00e8tres structuraux sur l&#8217;\u00e9coulement de l&#8217;eau dans le massif rocheux par des m\u00e9thodes analytiques et num\u00e9riques<\/h5>\n<h5 style=\"text-align: left\"><span style=\"color: #008000\">Superviseur(s):<\/span> Prof. Julien Walter, Prof. Romain Chesnaux, Prof. Ali Saeidi<\/h5>\n<h5 style=\"text-align: left\"><span style=\"color: #008000\">R\u00f4le :<\/span> Doctorant<\/h5>\n<h5><span style=\"color: #008000\">Informations de contact: abi.attoumane@gmail.com<\/span><\/h5>\n<h6 style=\"text-align: justify\"><strong><span style=\"color: #008000\">Informations de la recherche :<\/span> <\/strong>En g\u00e9n\u00e9ral, les aquif\u00e8res dans le roc cristallin sont moins productifs, en termes de d\u00e9bit d\u2019exploitation, et sont principalement utilis\u00e9s pour l\u2019approvisionnement en eau dans les zones rurales avec des populations dispers\u00e9es. N\u00e9anmoins, dans de rares cas, les aquif\u00e8res du roc cristallin ont tendance \u00e0 \u00eatre tr\u00e8s productifs et peuvent fournir des d\u00e9bits de forages pouvant atteindre 150 m3\/h (Roques et al. 2016). Dans l\u2019ensemble des \u00e9tudes hydrog\u00e9ologiques, tr\u00e8s peu portent sur les aquif\u00e8res de roc cristallin. Toutefois, la connaissance de la dynamique des \u00e9coulements et des m\u00e9canismes de recharges des nappes des milieux de socles cristallins permettrait de mieux comprendre le potentiel sous-estim\u00e9 de ces r\u00e9servoirs, et surtout, d\u2019\u00e9valuer la capacit\u00e9 de renouvellement de la ressource en eau potable. C\u2019est dans ce cadre que s\u2019inscrit le pr\u00e9sent projet de th\u00e8se qui vise \u00e0 d\u00e9terminer les m\u00e9canismes de recharge et dynamique des \u00e9coulements d\u2019eau dans les aquif\u00e8res cristallins. Ce projet b\u00e9n\u00e9ficie de l\u2019appui du Programme d\u2019Acquisition de Connaissances sur les Eaux souterraines (PACES), qui finance l\u2019int\u00e9gralit\u00e9 des travaux de terrain sur leur site d\u2019\u00e9tude, situ\u00e9 \u00e0 Lanaudi\u00e8re, dans le Bouclier canadien, et dont les aquif\u00e8res fournissent des d\u00e9bits de forage pouvant atteindre les 70 m3\/h dans les roches cristallines.<\/h6>\n<p>&nbsp;<\/td>\n<\/tr>\n<\/tbody>\n<\/table>\n","protected":false},"excerpt":{"rendered":"<p>Attoumane ABI \u00c9valuation de l&#8217;impact des param\u00e8tres structuraux sur l&#8217;\u00e9coulement de l&#8217;eau dans le massif rocheux par des m\u00e9thodes analytiques et num\u00e9riques Superviseur(s): Prof. Julien Walter, Prof. Romain Chesnaux, Prof. Ali Saeidi R\u00f4le : Doctorant Informations de contact: abi.attoumane@gmail.com Informations de la recherche : En g\u00e9n\u00e9ral, les aquif\u00e8res dans le roc cristallin sont moins productifs, &hellip; <a href=\"https:\/\/recherche.uqac.ca\/r2eau\/attoumane-abi\/\" class=\"more-link\">Continue reading <span class=\"screen-reader-text\">Attoumane ABI<\/span> <span class=\"meta-nav\">&rarr;<\/span><\/a><\/p>\n","protected":false},"author":23,"featured_media":0,"parent":0,"menu_order":0,"comment_status":"closed","ping_status":"closed","template":"","meta":{"footnotes":""},"_links":{"self":[{"href":"https:\/\/recherche.uqac.ca\/r2eau\/wp-json\/wp\/v2\/pages\/166"}],"collection":[{"href":"https:\/\/recherche.uqac.ca\/r2eau\/wp-json\/wp\/v2\/pages"}],"about":[{"href":"https:\/\/recherche.uqac.ca\/r2eau\/wp-json\/wp\/v2\/types\/page"}],"author":[{"embeddable":true,"href":"https:\/\/recherche.uqac.ca\/r2eau\/wp-json\/wp\/v2\/users\/23"}],"replies":[{"embeddable":true,"href":"https:\/\/recherche.uqac.ca\/r2eau\/wp-json\/wp\/v2\/comments?post=166"}],"version-history":[{"count":1,"href":"https:\/\/recherche.uqac.ca\/r2eau\/wp-json\/wp\/v2\/pages\/166\/revisions"}],"predecessor-version":[{"id":167,"href":"https:\/\/recherche.uqac.ca\/r2eau\/wp-json\/wp\/v2\/pages\/166\/revisions\/167"}],"wp:attachment":[{"href":"https:\/\/recherche.uqac.ca\/r2eau\/wp-json\/wp\/v2\/media?parent=166"}],"curies":[{"name":"wp","href":"https:\/\/api.w.org\/{rel}","templated":true}]}}