{"id":179,"date":"2021-01-08T18:44:37","date_gmt":"2021-01-08T17:44:37","guid":{"rendered":"https:\/\/recherche.uqac.ca\/r2eau\/?page_id=179"},"modified":"2021-01-10T01:57:13","modified_gmt":"2021-01-10T00:57:13","slug":"janie-vin-deslauriers","status":"publish","type":"page","link":"https:\/\/recherche.uqac.ca\/r2eau\/janie-vin-deslauriers\/","title":{"rendered":"Janie Vin-Deslauriers"},"content":{"rendered":"<table style=\"width: 1109px;height: 215px\">\n<tbody>\n<tr>\n<td>\n<h1 style=\"color: #24890d;font-family: verdana;text-align: center\"><strong>Janie Vin-Deslauriers<\/strong><\/h1>\n<p style=\"text-align: center\"><a href=\"https:\/\/recherche.uqac.ca\/r2eau\/wp-content\/uploads\/sites\/11\/2020\/09\/Janie.jpg\"><img loading=\"lazy\" decoding=\"async\" class=\"alignnone wp-image-112 \" src=\"https:\/\/recherche.uqac.ca\/r2eau\/wp-content\/uploads\/sites\/11\/2020\/09\/Janie-300x272.jpg\" alt=\"\" width=\"275\" height=\"249\" srcset=\"https:\/\/recherche.uqac.ca\/r2eau\/wp-content\/uploads\/sites\/11\/2020\/09\/Janie-300x272.jpg 300w, https:\/\/recherche.uqac.ca\/r2eau\/wp-content\/uploads\/sites\/11\/2020\/09\/Janie.jpg 885w\" sizes=\"(max-width: 275px) 100vw, 275px\" \/><\/a><\/p>\n<h5 style=\"text-align: center\">Acquisition de connaissances sur la dynamique s\u00e9dimentaire de la Rivi\u00e8re-\u00e0-Mars pour la p\u00e9rennit\u00e9 de la ressource saumon<\/h5>\n<h5 style=\"text-align: left\"><span style=\"color: #008000\"><strong>Superviseur(s):<\/strong> <\/span>Prof. Maxime Boivin, Prof. Thomas Buffin-B\u00e9langer<\/h5>\n<h5 style=\"text-align: left\"><span style=\"color: #008000\">R\u00f4le :<\/span> Ma\u00eetrise<\/h5>\n<h5><span style=\"color: #008000\">Informations de contact: janie.vin-deslaurier@uqac.ca<br \/>\n<\/span><\/h5>\n<h6 style=\"text-align: justify\"><span style=\"color: #008000\"><strong>Informations de la recherche :<\/strong> <\/span>Caract\u00e9riser la dynamique s\u00e9dimentaire avant un d\u00e9mant\u00e8lement d\u2019enrochement potentiel \u00e0 court et moyen terme afin de r\u00e9tablir les processus hydro g\u00e9omorphologiques (HGM), tout en prenant compte des enjeux de s\u00e9curit\u00e9 civile. Cela se fera par l\u2019analyse de la trajectoire HGM historique de la Rivi\u00e8re-\u00e0-Mars par imageries a\u00e9roport\u00e9es, l\u2019analyse de la dynamique s\u00e9dimentaire par une approche morphologique (transects interannuels) et par transpondeurs passifs et actifs afin de d\u00e9terminer les distances de d\u00e9placement. Le r\u00e9tablissement des processus HGM pourra offrir \u00e0 nouveau un environnement propice pour le saumon atlantique qui est une esp\u00e8ce en d\u00e9clin.<\/h6>\n<p><strong><br \/>\n<\/strong><\/td>\n<\/tr>\n<\/tbody>\n<\/table>\n","protected":false},"excerpt":{"rendered":"<p>Janie Vin-Deslauriers Acquisition de connaissances sur la dynamique s\u00e9dimentaire de la Rivi\u00e8re-\u00e0-Mars pour la p\u00e9rennit\u00e9 de la ressource saumon Superviseur(s): Prof. Maxime Boivin, Prof. Thomas Buffin-B\u00e9langer R\u00f4le : Ma\u00eetrise Informations de contact: janie.vin-deslaurier@uqac.ca Informations de la recherche : Caract\u00e9riser la dynamique s\u00e9dimentaire avant un d\u00e9mant\u00e8lement d\u2019enrochement potentiel \u00e0 court et moyen terme afin de r\u00e9tablir &hellip; <a href=\"https:\/\/recherche.uqac.ca\/r2eau\/janie-vin-deslauriers\/\" class=\"more-link\">Continue reading <span class=\"screen-reader-text\">Janie Vin-Deslauriers<\/span> <span class=\"meta-nav\">&rarr;<\/span><\/a><\/p>\n","protected":false},"author":23,"featured_media":0,"parent":0,"menu_order":0,"comment_status":"closed","ping_status":"closed","template":"","meta":{"footnotes":""},"_links":{"self":[{"href":"https:\/\/recherche.uqac.ca\/r2eau\/wp-json\/wp\/v2\/pages\/179"}],"collection":[{"href":"https:\/\/recherche.uqac.ca\/r2eau\/wp-json\/wp\/v2\/pages"}],"about":[{"href":"https:\/\/recherche.uqac.ca\/r2eau\/wp-json\/wp\/v2\/types\/page"}],"author":[{"embeddable":true,"href":"https:\/\/recherche.uqac.ca\/r2eau\/wp-json\/wp\/v2\/users\/23"}],"replies":[{"embeddable":true,"href":"https:\/\/recherche.uqac.ca\/r2eau\/wp-json\/wp\/v2\/comments?post=179"}],"version-history":[{"count":1,"href":"https:\/\/recherche.uqac.ca\/r2eau\/wp-json\/wp\/v2\/pages\/179\/revisions"}],"predecessor-version":[{"id":180,"href":"https:\/\/recherche.uqac.ca\/r2eau\/wp-json\/wp\/v2\/pages\/179\/revisions\/180"}],"wp:attachment":[{"href":"https:\/\/recherche.uqac.ca\/r2eau\/wp-json\/wp\/v2\/media?parent=179"}],"curies":[{"name":"wp","href":"https:\/\/api.w.org\/{rel}","templated":true}]}}