{"id":181,"date":"2021-01-08T18:48:12","date_gmt":"2021-01-08T17:48:12","guid":{"rendered":"https:\/\/recherche.uqac.ca\/r2eau\/?page_id=181"},"modified":"2021-01-10T01:56:56","modified_gmt":"2021-01-10T00:56:56","slug":"marianne-bouchard","status":"publish","type":"page","link":"https:\/\/recherche.uqac.ca\/r2eau\/marianne-bouchard\/","title":{"rendered":"Marianne Bouchard"},"content":{"rendered":"<table style=\"width: 1109px;height: 215px\">\n<tbody>\n<tr>\n<td>\n<h1 style=\"color: #24890d;font-family: verdana;text-align: center\">Marianne Bouchard<\/h1>\n<p style=\"text-align: center\"><a href=\"https:\/\/recherche.uqac.ca\/r2eau\/wp-content\/uploads\/sites\/11\/2020\/09\/Mariane-bouchard.jpg\"><img loading=\"lazy\" decoding=\"async\" class=\"alignnone wp-image-113 \" src=\"https:\/\/recherche.uqac.ca\/r2eau\/wp-content\/uploads\/sites\/11\/2020\/09\/Mariane-bouchard-269x300.jpg\" alt=\"\" width=\"254\" height=\"283\" srcset=\"https:\/\/recherche.uqac.ca\/r2eau\/wp-content\/uploads\/sites\/11\/2020\/09\/Mariane-bouchard-269x300.jpg 269w, https:\/\/recherche.uqac.ca\/r2eau\/wp-content\/uploads\/sites\/11\/2020\/09\/Mariane-bouchard.jpg 413w\" sizes=\"(max-width: 254px) 100vw, 254px\" \/><\/a><\/p>\n<h5 style=\"text-align: center\">Caract\u00e9risation de la dynamique fluviale afin de r\u00e9tablir les processus hydrog\u00e9omorphologiques (HGM) pour l\u2019am\u00e9lioration de l\u2019habitat pour le saumon atlantique sur la rivi\u00e8re des Escoumins.<\/h5>\n<h5 style=\"text-align: left\"><span style=\"color: #008000\">Superviseur(s): <\/span>Prof. Maxime Boivin<\/h5>\n<h5 style=\"text-align: left\"><span style=\"color: #008000\">R\u00f4le :<\/span> Ma\u00eetrise<\/h5>\n<h5><span style=\"color: #008000\">Informations de contact: marianne.bouchard3@uqac.ca<br \/>\n<\/span><\/h5>\n<h6 style=\"text-align: justify\"><span style=\"color: #008000\"><strong>Informations de la recherche :<\/strong> <\/span>Les rivi\u00e8res qu\u00e9b\u00e9coises, dont la rivi\u00e8re des Escoumins, ont \u00e9t\u00e9 perturb\u00e9es par les activit\u00e9s de la drave pendant plusieurs d\u00e9cennies. Ces perturbations (lin\u00e9arisation, barrages\u2026) ont modifi\u00e9 la morphologie et la dynamique s\u00e9dimentaire de plusieurs cours d\u2019eau et des changements au niveau des processus hydrog\u00e9omorphologiques (HGM) apparaissent en r\u00e9ponse \u00e0 ces nouvelles conditions. Les processus HGM font partie des services \u00e9cosyst\u00e9miques des cours d\u2019eau, autant pour l\u2019habitat que pour la s\u00e9curit\u00e9 civile. Ainsi, le pr\u00e9sent projet cherche \u00e0 mettre en place une strat\u00e9gie novatrice et globale afin de restaurer les processus HGM et d\u2019\u00e9tablir la possibilit\u00e9 de reconnecter des anciens m\u00e9andres abandonn\u00e9s lors des phases de lin\u00e9arisation de la rivi\u00e8re des Escoumins. La m\u00e9thode pr\u00e9conis\u00e9e sera \u00e0 partir de bilans s\u00e9dimentaires interannuels et historiques et d\u2019\u00e9valuer les taux de transport s\u00e9dimentaire en rivi\u00e8re qui permettront de caract\u00e9riser l&#8217;intensit\u00e9 du transport afin de proposer des sc\u00e9narios pour la restauration des processus fluviaux.<\/h6>\n<p><strong><br \/>\n<\/strong><\/td>\n<\/tr>\n<\/tbody>\n<\/table>\n","protected":false},"excerpt":{"rendered":"<p>Marianne Bouchard Caract\u00e9risation de la dynamique fluviale afin de r\u00e9tablir les processus hydrog\u00e9omorphologiques (HGM) pour l\u2019am\u00e9lioration de l\u2019habitat pour le saumon atlantique sur la rivi\u00e8re des Escoumins. Superviseur(s): Prof. Maxime Boivin R\u00f4le : Ma\u00eetrise Informations de contact: marianne.bouchard3@uqac.ca Informations de la recherche : Les rivi\u00e8res qu\u00e9b\u00e9coises, dont la rivi\u00e8re des Escoumins, ont \u00e9t\u00e9 perturb\u00e9es par &hellip; <a href=\"https:\/\/recherche.uqac.ca\/r2eau\/marianne-bouchard\/\" class=\"more-link\">Continue reading <span class=\"screen-reader-text\">Marianne Bouchard<\/span> <span class=\"meta-nav\">&rarr;<\/span><\/a><\/p>\n","protected":false},"author":23,"featured_media":0,"parent":0,"menu_order":0,"comment_status":"closed","ping_status":"closed","template":"","meta":{"footnotes":""},"_links":{"self":[{"href":"https:\/\/recherche.uqac.ca\/r2eau\/wp-json\/wp\/v2\/pages\/181"}],"collection":[{"href":"https:\/\/recherche.uqac.ca\/r2eau\/wp-json\/wp\/v2\/pages"}],"about":[{"href":"https:\/\/recherche.uqac.ca\/r2eau\/wp-json\/wp\/v2\/types\/page"}],"author":[{"embeddable":true,"href":"https:\/\/recherche.uqac.ca\/r2eau\/wp-json\/wp\/v2\/users\/23"}],"replies":[{"embeddable":true,"href":"https:\/\/recherche.uqac.ca\/r2eau\/wp-json\/wp\/v2\/comments?post=181"}],"version-history":[{"count":1,"href":"https:\/\/recherche.uqac.ca\/r2eau\/wp-json\/wp\/v2\/pages\/181\/revisions"}],"predecessor-version":[{"id":182,"href":"https:\/\/recherche.uqac.ca\/r2eau\/wp-json\/wp\/v2\/pages\/181\/revisions\/182"}],"wp:attachment":[{"href":"https:\/\/recherche.uqac.ca\/r2eau\/wp-json\/wp\/v2\/media?parent=181"}],"curies":[{"name":"wp","href":"https:\/\/api.w.org\/{rel}","templated":true}]}}