{"id":185,"date":"2021-01-08T18:49:32","date_gmt":"2021-01-08T17:49:32","guid":{"rendered":"https:\/\/recherche.uqac.ca\/r2eau\/?page_id=185"},"modified":"2025-10-30T13:38:47","modified_gmt":"2025-10-30T12:38:47","slug":"laura-pier-perron-desmeules","status":"publish","type":"page","link":"https:\/\/recherche.uqac.ca\/r2eau\/laura-pier-perron-desmeules\/","title":{"rendered":"Laura-Pier Perron-Desmeules"},"content":{"rendered":"<table style=\"width: 1109px;height: 215px\">\n<tbody>\n<tr>\n<td>\n<h1 style=\"color: #24890d;font-family: verdana;text-align: center\">Laura-Pier Perron-Desmeules<\/h1>\n<p style=\"text-align: center\"><a href=\"https:\/\/recherche.uqac.ca\/r2eau\/wp-content\/uploads\/sites\/11\/2020\/09\/llpp.jpg\"><img loading=\"lazy\" decoding=\"async\" class=\"alignnone wp-image-115 \" src=\"https:\/\/recherche.uqac.ca\/r2eau\/wp-content\/uploads\/sites\/11\/2020\/09\/llpp-300x225.jpg\" alt=\"\" width=\"308\" height=\"231\" srcset=\"https:\/\/recherche.uqac.ca\/r2eau\/wp-content\/uploads\/sites\/11\/2020\/09\/llpp-300x225.jpg 300w, https:\/\/recherche.uqac.ca\/r2eau\/wp-content\/uploads\/sites\/11\/2020\/09\/llpp.jpg 497w\" sizes=\"(max-width: 308px) 100vw, 308px\" \/><\/a><\/p>\n<h5 style=\"text-align: center\">\u00c9tude de la repr\u00e9sentativit\u00e9 des r\u00e9sultats d\u2019analyse des \u00e9chantillons pr\u00e9lev\u00e9s \u00e0 l\u2019aide des m\u00e9thodes d\u2019\u00e9chantillonnage avec purge \u00e0 d\u00e9bit \u00e9lev\u00e9 et suivi en continu des param\u00e8tres in situ<\/h5>\n<h5 style=\"text-align: left\"><span style=\"color: #008000\"><strong>Superviseur(s):<\/strong><\/span> Prof. Romain Chesnaux, Prof. Julien Walter<\/h5>\n<h5 style=\"text-align: left\"><span style=\"color: #008000\">R\u00f4le :<\/span> Professionnelle de recherche<\/h5>\n<h5><span style=\"color: #008000\">Informations de contact: <\/span><a href=\"mailto:lppdesmeul@uqac.ca\"><span style=\"color: #0000ff\">lppdesmeul@uqac.ca<\/span><\/a><\/h5>\n<p>&nbsp;<\/p>\n<h6 style=\"text-align: justify\"><span style=\"color: #008000\"><strong>Informations de la recherche :<\/strong><\/span><\/h6>\n<\/td>\n<\/tr>\n<\/tbody>\n<\/table>\n","protected":false},"excerpt":{"rendered":"<p>Laura-Pier Perron-Desmeules \u00c9tude de la repr\u00e9sentativit\u00e9 des r\u00e9sultats d\u2019analyse des \u00e9chantillons pr\u00e9lev\u00e9s \u00e0 l\u2019aide des m\u00e9thodes d\u2019\u00e9chantillonnage avec purge \u00e0 d\u00e9bit \u00e9lev\u00e9 et suivi en continu des param\u00e8tres in situ Superviseur(s): Prof. Romain Chesnaux, Prof. Julien Walter R\u00f4le : Professionnelle de recherche Informations de contact: lppdesmeul@uqac.ca &nbsp; Informations de la recherche :<\/p>\n","protected":false},"author":23,"featured_media":0,"parent":0,"menu_order":0,"comment_status":"closed","ping_status":"closed","template":"","meta":{"footnotes":""},"_links":{"self":[{"href":"https:\/\/recherche.uqac.ca\/r2eau\/wp-json\/wp\/v2\/pages\/185"}],"collection":[{"href":"https:\/\/recherche.uqac.ca\/r2eau\/wp-json\/wp\/v2\/pages"}],"about":[{"href":"https:\/\/recherche.uqac.ca\/r2eau\/wp-json\/wp\/v2\/types\/page"}],"author":[{"embeddable":true,"href":"https:\/\/recherche.uqac.ca\/r2eau\/wp-json\/wp\/v2\/users\/23"}],"replies":[{"embeddable":true,"href":"https:\/\/recherche.uqac.ca\/r2eau\/wp-json\/wp\/v2\/comments?post=185"}],"version-history":[{"count":4,"href":"https:\/\/recherche.uqac.ca\/r2eau\/wp-json\/wp\/v2\/pages\/185\/revisions"}],"predecessor-version":[{"id":559,"href":"https:\/\/recherche.uqac.ca\/r2eau\/wp-json\/wp\/v2\/pages\/185\/revisions\/559"}],"wp:attachment":[{"href":"https:\/\/recherche.uqac.ca\/r2eau\/wp-json\/wp\/v2\/media?parent=185"}],"curies":[{"name":"wp","href":"https:\/\/api.w.org\/{rel}","templated":true}]}}