{"id":187,"date":"2021-01-08T18:50:04","date_gmt":"2021-01-08T17:50:04","guid":{"rendered":"https:\/\/recherche.uqac.ca\/r2eau\/?page_id=187"},"modified":"2025-04-12T01:57:11","modified_gmt":"2025-04-12T00:57:11","slug":"aboubacar-sidiki-koulibaly","status":"publish","type":"page","link":"https:\/\/recherche.uqac.ca\/r2eau\/aboubacar-sidiki-koulibaly\/","title":{"rendered":"Aboubacar-Sidiki Koulibaly"},"content":{"rendered":"<table style=\"width: 1109px;height: 215px\">\n<tbody>\n<tr>\n<td>\n<h1 style=\"color: #24890d;font-family: verdana;text-align: center\">Aboubacar-Sidiki Koulibaly<\/h1>\n<p style=\"text-align: center\"><a href=\"https:\/\/recherche.uqac.ca\/r2eau\/wp-content\/uploads\/sites\/11\/2025\/04\/Aboubacar.jpg\"><img loading=\"lazy\" decoding=\"async\" class=\"alignnone size-large wp-image-524\" src=\"https:\/\/recherche.uqac.ca\/r2eau\/wp-content\/uploads\/sites\/11\/2025\/04\/Aboubacar-937x1024.jpg\" alt=\"\" width=\"474\" height=\"518\" srcset=\"https:\/\/recherche.uqac.ca\/r2eau\/wp-content\/uploads\/sites\/11\/2025\/04\/Aboubacar-937x1024.jpg 937w, https:\/\/recherche.uqac.ca\/r2eau\/wp-content\/uploads\/sites\/11\/2025\/04\/Aboubacar-275x300.jpg 275w, https:\/\/recherche.uqac.ca\/r2eau\/wp-content\/uploads\/sites\/11\/2025\/04\/Aboubacar-768x839.jpg 768w, https:\/\/recherche.uqac.ca\/r2eau\/wp-content\/uploads\/sites\/11\/2025\/04\/Aboubacar-1406x1536.jpg 1406w, https:\/\/recherche.uqac.ca\/r2eau\/wp-content\/uploads\/sites\/11\/2025\/04\/Aboubacar-1875x2048.jpg 1875w\" sizes=\"(max-width: 474px) 100vw, 474px\" \/><\/a><\/p>\n<h5 style=\"text-align: center\"><strong>D\u00e9veloppement d\u2019une approche de pr\u00e9vision des coups de terrain (Rockburst) \u00e0 proximit\u00e9 des grandes structures g\u00e9ologiques dans les roches m\u00e9tamorphiques<\/strong><\/h5>\n<h5 style=\"text-align: left\"><span style=\"color: #008000\"><strong>Direction :<\/strong><\/span> Dr. Ali Saeidi<\/h5>\n<h5 style=\"text-align: left\"><span style=\"color: #008000\"><strong>Co-direction :<\/strong><\/span> Dr. Ali Jalbout<\/h5>\n<h5 style=\"text-align: left\"><span style=\"color: #008000\">R\u00f4le :<\/span> Doctorant<\/h5>\n<h5><span style=\"color: #008000\">Informations de contact : <\/span><a href=\"mailto:askoulibal@etu.uqac.ca\">askoulibal@etu.uqac.ca<\/a><\/h5>\n<h6 style=\"text-align: justify\"><span style=\"color: #008000\"><strong>Informations de la recherche :<\/strong> <\/span>L&#8217;industrie mini\u00e8re \u00e0 l&#8217;\u00e9chelle mondiale est confront\u00e9e au ph\u00e9nom\u00e8ne des coups de terrain (<strong>CDT<\/strong>) dans plusieurs mines souterraines. Un al\u00e9a sismique consistant en un effondrement violent des parois des galeries, accompagn\u00e9 de projections de roche, en r\u00e9ponse \u00e0 la lib\u00e9ration instantan\u00e9e d\u2019\u00e9nergie stock\u00e9e dans la masse rocheuse. Depuis les ann\u00e9es 1900, ce ph\u00e9nom\u00e8ne a fait l&#8217;objet de recherches afin de caract\u00e9riser leur occurrence et rendre les exploitations mini\u00e8res en conditions sismiques plus s\u00e9curitaires. Plusieurs m\u00e9thodes semi-analytiques ou empiriques ont \u00e9t\u00e9 d\u00e9velopp\u00e9es sur la base des essais de laboratoire, et des m\u00e9thodes num\u00e9riques et intelligentes ont \u00e9t\u00e9 mises en \u0153uvre sur la base de ces \u00e9quations empiriques afin de maximiser la pertinence des m\u00e9thodes de pr\u00e9visions des CDT. Cependant, ces m\u00e9thodes ne sont pas enti\u00e8rement efficaces quant \u00e0 la pr\u00e9vision des CDT dans les mines souterraines. Actuellement, la surveillance micro-sismique est employ\u00e9e pour faire face au ph\u00e9nom\u00e8ne de CDT. Ces m\u00e9thodes de surveillance in situ g\u00e9n\u00e8rent une grande quantit\u00e9 de donn\u00e9es sismiques en temps r\u00e9el qui sont utilis\u00e9es pour surveiller l&#8217;al\u00e9a sismique dans les mines. Cependant, malgr\u00e9 la disponibilit\u00e9 de toutes ces m\u00e9thodes et donn\u00e9es, l&#8217;al\u00e9a sismique reste difficile \u00e0 pr\u00e9voir dans les diff\u00e9rentes exploitations mini\u00e8res. Par exemple, une bonne analyse des donn\u00e9es sismiques peut permettre d&#8217;identifier les zones \u00e0 risque sismique \u00e9lev\u00e9 ; cependant, il est impossible d&#8217;affirmer quand un \u00e9v\u00e9nement ou un CDT se produira. Ainsi, la caract\u00e9risation des CDT demeure une question d&#8217;actualit\u00e9, les ing\u00e9nieurs miniers et civils sont activement \u00e0 la recherche de solutions novatrices pour faire face \u00e0 ce ph\u00e9nom\u00e8ne. Le pr\u00e9sent projet de recherche vise \u00e0 d\u00e9velopper une approche de pr\u00e9vision des CDT \u00e0 travers l&#8217;analyse des donn\u00e9es sismiques. Actuellement indispensables dans la caract\u00e9risation de l&#8217;al\u00e9a sismique, les donn\u00e9es sismiques n&#8217;ont toutefois donn\u00e9 lieu \u00e0 aucune m\u00e9thode de pr\u00e9vision efficace de l&#8217;occurrence des coups de terrain (CDT). L&#8217;analyse des donn\u00e9es sismiques r\u00e9v\u00e8le que la d\u00e9formation du massif rocheux sous l&#8217;effet de la contrainte in situ (initiale et induite) pourrait \u00eatre caract\u00e9ris\u00e9e \u00e0 l\u2019aide de ces donn\u00e9es. Ainsi, cette proposition de recherche pr\u00e9sente une m\u00e9thodologie d\u2019analyse et d\u2019interpr\u00e9tation des donn\u00e9es sismiques en vue du d\u00e9veloppement d\u2019une m\u00e9thode de pr\u00e9vision des CDT.<\/h6>\n<\/td>\n<\/tr>\n<\/tbody>\n<\/table>\n","protected":false},"excerpt":{"rendered":"<p>Aboubacar-Sidiki Koulibaly D\u00e9veloppement d\u2019une approche de pr\u00e9vision des coups de terrain (Rockburst) \u00e0 proximit\u00e9 des grandes structures g\u00e9ologiques dans les roches m\u00e9tamorphiques Direction : Dr. Ali Saeidi Co-direction : Dr. Ali Jalbout R\u00f4le : Doctorant Informations de contact : askoulibal@etu.uqac.ca Informations de la recherche : L&#8217;industrie mini\u00e8re \u00e0 l&#8217;\u00e9chelle mondiale est confront\u00e9e au ph\u00e9nom\u00e8ne des &hellip; <a href=\"https:\/\/recherche.uqac.ca\/r2eau\/aboubacar-sidiki-koulibaly\/\" class=\"more-link\">Continue reading <span class=\"screen-reader-text\">Aboubacar-Sidiki Koulibaly<\/span> <span class=\"meta-nav\">&rarr;<\/span><\/a><\/p>\n","protected":false},"author":23,"featured_media":0,"parent":0,"menu_order":0,"comment_status":"closed","ping_status":"closed","template":"","meta":{"footnotes":""},"_links":{"self":[{"href":"https:\/\/recherche.uqac.ca\/r2eau\/wp-json\/wp\/v2\/pages\/187"}],"collection":[{"href":"https:\/\/recherche.uqac.ca\/r2eau\/wp-json\/wp\/v2\/pages"}],"about":[{"href":"https:\/\/recherche.uqac.ca\/r2eau\/wp-json\/wp\/v2\/types\/page"}],"author":[{"embeddable":true,"href":"https:\/\/recherche.uqac.ca\/r2eau\/wp-json\/wp\/v2\/users\/23"}],"replies":[{"embeddable":true,"href":"https:\/\/recherche.uqac.ca\/r2eau\/wp-json\/wp\/v2\/comments?post=187"}],"version-history":[{"count":3,"href":"https:\/\/recherche.uqac.ca\/r2eau\/wp-json\/wp\/v2\/pages\/187\/revisions"}],"predecessor-version":[{"id":525,"href":"https:\/\/recherche.uqac.ca\/r2eau\/wp-json\/wp\/v2\/pages\/187\/revisions\/525"}],"wp:attachment":[{"href":"https:\/\/recherche.uqac.ca\/r2eau\/wp-json\/wp\/v2\/media?parent=187"}],"curies":[{"name":"wp","href":"https:\/\/api.w.org\/{rel}","templated":true}]}}