{"id":27,"date":"2020-01-31T17:07:14","date_gmt":"2020-01-31T16:07:14","guid":{"rendered":"https:\/\/recherche.uqac.ca\/r2eau\/?page_id=27"},"modified":"2020-12-29T07:15:42","modified_gmt":"2020-12-29T06:15:42","slug":"developpements-recents","status":"publish","type":"page","link":"https:\/\/recherche.uqac.ca\/r2eau\/historique-de-la-recherche\/developpements-recents\/","title":{"rendered":"D\u00e9veloppements r\u00e9cents"},"content":{"rendered":"<p style=\"text-align: justify\">L\u2019\u00e9quipe r\u00e9alise actuellement plusieurs \u00e9tudes hydrog\u00e9ologiques d\u2019envergure en collaboration avec divers partenaires gouvernementaux, industriels et municipaux, en vue de documenter et cartographier l\u2019\u00e9tat des connaissances sur des aquif\u00e8res (c\u2019est-\u00e0-dire des r\u00e9servoirs d\u2019eau souterraine) de la r\u00e9gion du Saguenay-Lac-Saint-Jean et aussi d\u2019autres r\u00e9gions au Qu\u00e9bec. Le gouvernement du Qu\u00e9bec a reconnu r\u00e9cemment l\u2019importance strat\u00e9gique de la ressource eau souterraine pour l\u2019avenir en confiant aux universit\u00e9s le mandat d\u2019en tracer le portrait, ceci dans le cadre du <em>Programme d\u2019acquisition de connaissances sur les eaux souterraines <\/em>(PACES) du Qu\u00e9bec.<\/p>\n<p style=\"text-align: justify\">L\u2019octroi de deux subventions de recherche (2009-2013 et 2012-2015) sur la cartographie des eaux souterraines (3,3M$) dans la cadre du PACES a permis l\u2019embauche en 2009 de plusieurs agents de recherche, dont M. Romain Chesnaux alors professeur chercheur sous octroi.<\/p>\n<p style=\"text-align: justify\">L\u2019\u00e9quipe de recherche sur les eaux souterraines de l\u2019UQAC a directement contribu\u00e9 \u00e0 la mise sur pied du <em>Groupe de recherche interuniversitaire sur les eaux souterraine<\/em>s (GRIES) et du <em>R\u00e9seau qu\u00e9b\u00e9cois sur les eaux souterraines<\/em> (RQES), ce dernier avec un financement du FRQNT (volet R\u00e9seaux d\u2019innovation). Elle m\u00e8ne \u00e9galement un projet de recherche sur les aquif\u00e8res rocheux fractur\u00e9s financ\u00e9 par le FRQNT et qui implique trois autres institutions, au Qu\u00e9bec et au Br\u00e9sil. De plus, elle participe \u00e0 un projet de recherche financ\u00e9 par le FRQSC sur la mise en valeur effective des informations sur les eaux souterraines sur un territoire, avec la participation des professeurs Alain Rouleau et Christiane Gagnon, cette derni\u00e8re \u00e9tant sp\u00e9cialiste de l\u2019analyse des impacts sociaux.<\/p>\n<p style=\"text-align: justify\">En parall\u00e8le, la concertation avec le milieu r\u00e9gional au Saguenay-Lac-Saint-Jean a permis la formation d\u2019un comit\u00e9 r\u00e9gional sur l\u2019eau souterraine nomm\u00e9 CONCERT\u2019EAU. Le CONCERT\u2019EAU r\u00e9unit les repr\u00e9sentants des diff\u00e9rentes MRC, de la Ville Saguenay, de la Conf\u00e9rence r\u00e9gionale des \u00e9lus et de diff\u00e9rents minist\u00e8res afin de suivre les travaux du PACES-SLSJ.<\/p>\n<p style=\"text-align: justify\">En support au PACES, le CERM, \u00e0 titre d\u2019unit\u00e9 administrative, a pilot\u00e9 deux projets de cartographie en commandite avec le minist\u00e8re des ressources naturelles du Qu\u00e9bec (MRNF; 2009-2011 et 2012-2014) portant sur les d\u00e9p\u00f4ts quaternaires de surface. Ceci a permis de d\u00e9velopper des collaborations en recherche d\u2019abord avec des chercheurs de l\u2019UQAM, et plus r\u00e9cemment avec d\u2019autres du Centre d\u2019\u00e9tudes nordiques de l\u2019Universit\u00e9 Laval. Cela a \u00e9galement permis d\u2019\u00e9tablir des collaborations internes avec le d\u00e9partement des sciences humaines en la personne de M. Murray Hay, sp\u00e9cialiste du quaternaire et plus sp\u00e9cifiquement de la pal\u00e9o-limnologie.<\/p>\n<p style=\"text-align: justify\">La mise sur pied d\u2019un programme de g\u00e9nie civil en 2008 a permis l\u2019embauche en 2011 d\u2019une sp\u00e9cialiste dans le domaine de l\u2019hydrologie en la personne de Mme Marie-Am\u00e9lie Boucher et d\u2019un sp\u00e9cialiste dans le domaine de la g\u00e9otechnique et de l\u2019analyse des risques en la personne de M. Ali Saeidi comme professeurs au d\u00e9partement des sciences appliqu\u00e9es. Madame Boucher travaille plus particuli\u00e8rement sur la pr\u00e9vision hydrologique d\u2019ensemble tandis que M. Saeidi est impliqu\u00e9 dans la stabilit\u00e9 des sols et des massifs rocheux.<\/p>\n<p style=\"text-align: justify\">Le projet de cartographie des d\u00e9p\u00f4ts de surface quaternaire a permis de d\u00e9velopper un vaste projet de recherche sur l\u2019\u00e9volution des marges post-glaciaires. La r\u00e9gion du lac Saint-Jean, de m\u00eame que celle de la rivi\u00e8re Portneuf sur la C\u00f4te-Nord, sont pr\u00e9sentement \u00e0 l\u2019\u00e9tude par un groupe de chercheurs fran\u00e7ais (Universit\u00e9s de Strasbourg, Montpellier, Perpignan) et qu\u00e9b\u00e9cois (UQAC, Universit\u00e9 Laval et UQAR). Suite \u00e0 des demandes populaires, un Comit\u00e9 sur l\u2019\u00e9rosion des berges du parc de la Pointe-Taillon a \u00e9t\u00e9 mis sur pied en 2011. Pierre Cousineau si\u00e8ge pr\u00e9sentement sur ce comit\u00e9, il participe aussi au sous-comit\u00e9 technique.<\/p>\n","protected":false},"excerpt":{"rendered":"<p>L\u2019\u00e9quipe r\u00e9alise actuellement plusieurs \u00e9tudes hydrog\u00e9ologiques d\u2019envergure en collaboration avec divers partenaires gouvernementaux, industriels et municipaux, en vue de documenter et cartographier l\u2019\u00e9tat des connaissances sur des aquif\u00e8res (c\u2019est-\u00e0-dire des r\u00e9servoirs d\u2019eau souterraine) de la r\u00e9gion du Saguenay-Lac-Saint-Jean et aussi d\u2019autres r\u00e9gions au Qu\u00e9bec. Le gouvernement du Qu\u00e9bec a reconnu r\u00e9cemment l\u2019importance strat\u00e9gique de la &hellip; <a href=\"https:\/\/recherche.uqac.ca\/r2eau\/historique-de-la-recherche\/developpements-recents\/\" class=\"more-link\">Continue reading <span class=\"screen-reader-text\">D\u00e9veloppements r\u00e9cents<\/span> <span class=\"meta-nav\">&rarr;<\/span><\/a><\/p>\n","protected":false},"author":23,"featured_media":0,"parent":18,"menu_order":0,"comment_status":"closed","ping_status":"closed","template":"","meta":{"footnotes":""},"_links":{"self":[{"href":"https:\/\/recherche.uqac.ca\/r2eau\/wp-json\/wp\/v2\/pages\/27"}],"collection":[{"href":"https:\/\/recherche.uqac.ca\/r2eau\/wp-json\/wp\/v2\/pages"}],"about":[{"href":"https:\/\/recherche.uqac.ca\/r2eau\/wp-json\/wp\/v2\/types\/page"}],"author":[{"embeddable":true,"href":"https:\/\/recherche.uqac.ca\/r2eau\/wp-json\/wp\/v2\/users\/23"}],"replies":[{"embeddable":true,"href":"https:\/\/recherche.uqac.ca\/r2eau\/wp-json\/wp\/v2\/comments?post=27"}],"version-history":[{"count":3,"href":"https:\/\/recherche.uqac.ca\/r2eau\/wp-json\/wp\/v2\/pages\/27\/revisions"}],"predecessor-version":[{"id":136,"href":"https:\/\/recherche.uqac.ca\/r2eau\/wp-json\/wp\/v2\/pages\/27\/revisions\/136"}],"up":[{"embeddable":true,"href":"https:\/\/recherche.uqac.ca\/r2eau\/wp-json\/wp\/v2\/pages\/18"}],"wp:attachment":[{"href":"https:\/\/recherche.uqac.ca\/r2eau\/wp-json\/wp\/v2\/media?parent=27"}],"curies":[{"name":"wp","href":"https:\/\/api.w.org\/{rel}","templated":true}]}}