{"id":282,"date":"2021-10-15T20:34:09","date_gmt":"2021-10-15T19:34:09","guid":{"rendered":"https:\/\/recherche.uqac.ca\/r2eau\/?page_id=282"},"modified":"2021-10-15T20:54:32","modified_gmt":"2021-10-15T19:54:32","slug":"zinan-ara-urmi","status":"publish","type":"page","link":"https:\/\/recherche.uqac.ca\/r2eau\/zinan-ara-urmi\/","title":{"rendered":"Zinan Ara Urmi"},"content":{"rendered":"<h1 style=\"color: #24890d;font-family: verdana;text-align: center\">Zinan Ara Urmi<\/h1>\n<p style=\"text-align: center\"><a href=\"https:\/\/recherche.uqac.ca\/r2eau\/wp-content\/uploads\/sites\/11\/2021\/10\/Zinan_Ara_Urmi.jpg\"><img loading=\"lazy\" decoding=\"async\" class=\"wp-image-283 aligncenter\" src=\"https:\/\/recherche.uqac.ca\/r2eau\/wp-content\/uploads\/sites\/11\/2021\/10\/Zinan_Ara_Urmi.jpg\" alt=\"Zinan_Ara_Urmi\" width=\"302\" height=\"273\" srcset=\"https:\/\/recherche.uqac.ca\/r2eau\/wp-content\/uploads\/sites\/11\/2021\/10\/Zinan_Ara_Urmi.jpg 728w, https:\/\/recherche.uqac.ca\/r2eau\/wp-content\/uploads\/sites\/11\/2021\/10\/Zinan_Ara_Urmi-300x271.jpg 300w\" sizes=\"(max-width: 302px) 100vw, 302px\" \/><\/a><\/p>\n<h5 style=\"text-align: center\"><em>Prediction of retrogressive landslide in the sensitive clays of Laflamme Sea with the material point method\u200b\u00a0<\/em><\/h5>\n<h5 style=\"text-align: left\"><span style=\"color: #008000\"><strong>Superviseur(s):<\/strong>\u00a0<\/span>Prof. Ali Saeidi<\/h5>\n<h5 style=\"text-align: left\"><span style=\"color: #008000\">R\u00f4le :<\/span>\u00a0Doctorante<\/h5>\n<h5><span style=\"color: #008000\">Informations de contact:\u00a0<a href=\"zinan-ara.urmi1@uqac.ca\" target=\"_blank\">zinan-ara.urmi1@uqac.ca<\/a><\/span><\/h5>\n<h6 style=\"text-align: justify\"><span style=\"color: #008000\"><strong>Informations de la recherche :<\/strong>\u00a0<\/span>J&#8217;ai obtenu mon baccalaur\u00e9at en g\u00e9nie civil et ma ma\u00eetrise en g\u00e9nie g\u00e9otechnique \u00e0 l&#8217;Universit\u00e9 d&#8217;ing\u00e9nierie et de technologie du Bangladesh (BUET). Ma recherche de ma\u00eetrise s&#8217;est concentr\u00e9e sur la caract\u00e9risation des sols sur la base d&#8217;enqu\u00eates sur le terrain. Dans le cadre de cela, j&#8217;ai effectu\u00e9 des tests approfondis sur le terrain et en laboratoire sur les sols riverains et c\u00f4tiers du Bangladesh. Pr\u00e9sentement, je fais mon doctorat en g\u00e9nie g\u00e9otechnique \u00e0 l&#8217;UQAC avec le professeur Dr. Ali Saeidi. Ma recherche doctorale est ax\u00e9e sur la pr\u00e9diction des glissements de terrain argileux sensibles avec la mod\u00e9lisation num\u00e9rique. Les glissements de terrain dans les argiles sensibles de l&#8217;est du Canada se produisent tr\u00e8s fr\u00e9quemment et causent de grandes pertes en vies humaines et en \u00e9conomie. La pr\u00e9vision des glissements de terrain contribuera grandement \u00e0 l&#8217;att\u00e9nuation des risques de catastrophe. La mod\u00e9lisation d&#8217;un glissement de terrain en argile sensible est difficile en raison du ramollissement par d\u00e9formation conduisant au remoulage de l&#8217;argile en un mat\u00e9riau liqu\u00e9fi\u00e9 qui provoque une d\u00e9formation importante. Mon travail traite de ces questions pour cr\u00e9er un mod\u00e8le de sol fiable qui serait repr\u00e9sentatif du comportement r\u00e9el du sol des argiles sensibles et une technique de mod\u00e9lisation num\u00e9rique qui peut g\u00e9rer les complexit\u00e9s d&#8217;un tel comportement.<\/h6>\n","protected":false},"excerpt":{"rendered":"<p>Zinan Ara Urmi Prediction of retrogressive landslide in the sensitive clays of Laflamme Sea with the material point method\u200b\u00a0 Superviseur(s):\u00a0Prof. Ali Saeidi R\u00f4le :\u00a0Doctorante Informations de contact:\u00a0zinan-ara.urmi1@uqac.ca Informations de la recherche :\u00a0J&#8217;ai obtenu mon baccalaur\u00e9at en g\u00e9nie civil et ma ma\u00eetrise en g\u00e9nie g\u00e9otechnique \u00e0 l&#8217;Universit\u00e9 d&#8217;ing\u00e9nierie et de technologie du Bangladesh (BUET). Ma recherche &hellip; <a href=\"https:\/\/recherche.uqac.ca\/r2eau\/zinan-ara-urmi\/\" class=\"more-link\">Continue reading <span class=\"screen-reader-text\">Zinan Ara Urmi<\/span> <span class=\"meta-nav\">&rarr;<\/span><\/a><\/p>\n","protected":false},"author":23,"featured_media":0,"parent":0,"menu_order":0,"comment_status":"closed","ping_status":"closed","template":"","meta":{"footnotes":""},"_links":{"self":[{"href":"https:\/\/recherche.uqac.ca\/r2eau\/wp-json\/wp\/v2\/pages\/282"}],"collection":[{"href":"https:\/\/recherche.uqac.ca\/r2eau\/wp-json\/wp\/v2\/pages"}],"about":[{"href":"https:\/\/recherche.uqac.ca\/r2eau\/wp-json\/wp\/v2\/types\/page"}],"author":[{"embeddable":true,"href":"https:\/\/recherche.uqac.ca\/r2eau\/wp-json\/wp\/v2\/users\/23"}],"replies":[{"embeddable":true,"href":"https:\/\/recherche.uqac.ca\/r2eau\/wp-json\/wp\/v2\/comments?post=282"}],"version-history":[{"count":1,"href":"https:\/\/recherche.uqac.ca\/r2eau\/wp-json\/wp\/v2\/pages\/282\/revisions"}],"predecessor-version":[{"id":284,"href":"https:\/\/recherche.uqac.ca\/r2eau\/wp-json\/wp\/v2\/pages\/282\/revisions\/284"}],"wp:attachment":[{"href":"https:\/\/recherche.uqac.ca\/r2eau\/wp-json\/wp\/v2\/media?parent=282"}],"curies":[{"name":"wp","href":"https:\/\/api.w.org\/{rel}","templated":true}]}}