{"id":329,"date":"2023-06-25T17:24:47","date_gmt":"2023-06-25T16:24:47","guid":{"rendered":"https:\/\/recherche.uqac.ca\/r2eau\/?page_id=329"},"modified":"2023-06-25T17:24:47","modified_gmt":"2023-06-25T16:24:47","slug":"identification-des-sources-de-financement","status":"publish","type":"page","link":"https:\/\/recherche.uqac.ca\/r2eau\/ressources\/identification-des-sources-de-financement\/","title":{"rendered":"Identification des sources de financement"},"content":{"rendered":"<p>&#8211; Financement du D\u00e9canat de la Recherche et de la Cr\u00e9ation : 8 200$ (2022-2023)<br \/>\nLe d\u00e9tail des d\u00e9penses r\u00e9alis\u00e9es \u00e0 partir de ce budget sont pr\u00e9sent\u00e9es plus bas (section &#8220;ventilation budg\u00e9taire&#8221;).<\/p>\n<p>&#8211; Financements individuels des professeur.e.s membres : TOTAL 7,1 M$<\/p>\n<p>1. 2023-2028 &#8211; Fondation canadienne pour l\u2019Innovation (FCI) &#8211; Co-chercheur 120 666$<br \/>\n2. 2023-2028 \u2013 CRSNG \u2013 D\u00e9couverte Chercheur principal 187 500$<br \/>\n3. 2021-2026 Chaire de recherche sur les esp\u00e8ces aquatiques exploit\u00e9es (CREAE) \u2013 MELCCFP Co-titulaire 833 333$<br \/>\n4. 2021-2023 &#8211; Analyse hydros\u00e9dimentaire sur la rivi\u00e8re Pikauba : influence de l&#8217;apport s\u00e9dimentaire sur l&#8217;habitat du poisson en rivi\u00e8re \u2013 MTQ Chercheur principal; 207 000$<br \/>\n5. 2021-2023 &#8211; Analyse de la dynamique du bois mort et suivi d&#8217;un d\u00e9mant\u00e8lement d&#8217;emb\u00e2cle majeur pour l\u2019habitat du saumon \u2013 Fondation de la Faune Chercheur Principal 46 598$<br \/>\n6. 2019-2024 &#8211; Restauration des processus pour l&#8217;habitat en rivi\u00e8re et impacts du d\u00e9luge du Saguenay 25 ans apr\u00e8s \u2013 3 financements \u2013 FFQ\/FCSA Chercheur Principal 260 000$<br \/>\n7. 2019- 2021 &#8211; Cartographie et caract\u00e9risation par une \u00e9tude bathym\u00e9trique interannuelle de l\u2019embouchure de la rivi\u00e8re Sainte-Anne &#8211; RQM Chercheur Principal 84 500$<br \/>\n8. 2020-2023- D\u00e9veloppement et adaptation d\u2019un indice de l\u2019\u00e9tat hydromorphologique des cours d\u2019eau pour le Qu\u00e9bec \u2013 MELCFFP Chercheur Principal 250 000$<br \/>\n9. 2020-2023 &#8211; D\u00e9veloppement de courbes r\u00e9gionales de g\u00e9om\u00e9triques hydrauliques adapt\u00e9es \u00e0 diff\u00e9rents contextes physiographiques \u2013 MELCCFP. Chercheur Principal 137 000$<br \/>\n10. 2020-2023 &#8211; Mettre le Qu\u00e9bec maritime sur la carte! La cartographie participative comme d\u00e9marche d\u2019innovation ouverte \u2013 RQM\/FRQ Co-chercheur 100 000$<br \/>\n11. 2020-2022 &#8211; Projection spatio-temporelle du comportement de la rivi\u00e8re St-Jean sur l\u2019environnement des actifs municipaux dans un contexte de CC Chercheur Principal 66 000$<br \/>\n12. 2020-2025 Chaire de recherche du Canada en pr\u00e9vision et pr\u00e9vention des risques li\u00e9s aux al\u00e9as hydro-g\u00e9otechniques &#8211; CRC Chercheur Principal 600,000$<br \/>\n13. 2020-2025 \u00c9tudes des m\u00e9canismes d&#8217;\u00e9rosion du roc \u00e0 l&#8217;aval des \u00e9vacuateurs de crues par des simulations exp\u00e9rimentales \u00e0 grande \u00e9chelle CRSNG-Hydro-Qc-Mitacs Chercheur Principal 844 000<br \/>\n14. 2018-2022 D\u00e9veloppement d\u2019un simulateur de dommages pour l\u2019\u00e9valuation de la vuln\u00e9rabilit\u00e9 des \u00e9quipements hydro\u00e9lectriques face au risque sismique de la r\u00e9gion du Saguenay-Lac-Saint-Jean CRSNG-RDS-Hydr-Qc Chercheur Principal 450,000$<br \/>\n15. 2019-2022 R\u00e9alisation des essais g\u00e9om\u00e9canique \u2013 Westwood et SNC-Lavalin Chercheur Principal 200 000$<br \/>\n16. 2019- 2024 D\u00e9veloppement d&#8217;un simulateur de dommages appliqu\u00e9 aux risque s\u00e9ismique CRSNG D\u00e9couverte Chercheur Principal 130 000$<br \/>\n17. 2019 \u00e0 2023 Subvention CRSNG-D\u00e9couverte individuelle CRSNG Demandeur principal 155,000<br \/>\n18. 2020 \u00e0 2023 Installations septiques autonomes et protection des eaux souterraines Minist\u00e8re de l\u2019environnement MELCCFP. Demandeur principal 310,000<br \/>\n19. 2023 Presse hydraulique\u2013 Hydrog\u00e9om\u00e9canique FCI Demandeur principal 184,000<br \/>\n20. CRSNG D\u00e9couverte 2020 \u2013 2025 \u00ab Development of a quantitative framework to better understand the natural salinization processes of continental groundwater\u00bb. Demandeur principal 162 500$<br \/>\n21. 2020 \u2013 2021 Minist\u00e8re de l\u2019\u00e9nergie et des ressources naturelles \u00ab Cartographie 2019-2021 des d\u00e9p\u00f4ts du Quaternaire dans la r\u00e9gion de la Mauricie \u00bb Co-chercheur Patrick Lajeunesse (ULaval). Demandeur principal 75 000$<br \/>\n22. 2020 \u2013 2021 FUQAC \u00ab Caract\u00e9risation quantitative et qualitative des ressources en eau souterraine de la bleueti\u00e8re de recherche exp\u00e9rimentale de l\u2019UQAC, secteur Normandin au Lac-Saint-Jean \u00bb Demandeur principal 9 300$<br \/>\n23. 2021 \u2013 2022 FRQNT rel\u00e8ve professorale \u00ab Marqueurs spatio-temporels du couplage chimie\/\u00e9coulement de l&#8217;eau souterraine des milieux aquif\u00e8res fractur\u00e9s du Bouclier canadien: \u00e9tude exp\u00e9rimentale au Saguenay-Lac-Saint-Jean, Qc \u00bb. Demandeur principal 110 000$<\/p>\n<p>24. 2022-2023 Mitacs Acc\u00e9l\u00e9ration; \u00ab \u00c9tude du d\u00e9veloppement et de la propagation dans les eaux souterraines des anomalies hydrog\u00e9ochimiques des g\u00eetes m\u00e9tallif\u00e8res du Bouclier canadien profond; facteurs d\u2019influence et param\u00e8tres de contr\u00f4le du continuum eau de recharge \/ saumures profondes \u00bb; Partenaire industriel CONSOREM.<br \/>\n25. Demandeur principal 45 000$<br \/>\n26. 2022-2024 Mitacs Acc\u00e9l\u00e9ration* \u00ab Chauffage des apatites pour engrais biologique et investigation de la mobilit\u00e9 du phosphore dissous \u00bb. Demandeur principal: P. B\u00e9dard (DSA\/UQAC); Partenaire industriel Ariane Phosphate Inc. Co-demandeur 60 000$<br \/>\n27. 2022-2024 Financement r\u00e9gional &#8211; MRC Lac-Saint-Jean-Est, MRC Maria-Chapdelaine, MRC Domaine-du-Roy, MRC du Fjord-du-Saguenay, Ville de Saguenay et Pekuakamiulnuatsh Takuhikan \u00ab Projet ARIM&#8217;eau (Accompagnement, Recherche, Implantation et mise \u00e0 jour des connaissances sur l&#8217;eau souterraine du Saguenay-Lac-Saint-Jean \u00bb.Demandeur principal 180 000$<br \/>\n28. 2018-2022 Programme d\u2019acquisition des connaissances sur les eaux souterraines des r\u00e9gions de Lanaudi\u00e8re, de la Maurcie Est et de la Moyenne C\u00f4te Nord. Demandeur principal 1.1 M$<br \/>\n29. 2021-2026 \u00c9valuation de la s\u00e9curit\u00e9 structurale et renforcement des structures en b\u00e9ton arm\u00e9 soumises \u00e0 un effort de cisaillement, CRSNG D\u00e9couverte Chercheur Principal, 142 500$<br \/>\n30. 2022-2025 \u00c9tude des m\u00e9canismes de r\u00e9sistance au cisaillement de poutres atteintes de r\u00e9action alcalis-silice. Appel \u00e0 projets du CRIB, chercheur principal, 35 000$<br \/>\n31. 2022 B\u00e9ton g\u00e9opolym\u00e8re architectural \u00e9cologique (BAGEL), MITACS, cochercheur, 20 000$<\/p>\n","protected":false},"excerpt":{"rendered":"<p>&#8211; Financement du D\u00e9canat de la Recherche et de la Cr\u00e9ation : 8 200$ (2022-2023) Le d\u00e9tail des d\u00e9penses r\u00e9alis\u00e9es \u00e0 partir de ce budget sont pr\u00e9sent\u00e9es plus bas (section &#8220;ventilation budg\u00e9taire&#8221;). &#8211; Financements individuels des professeur.e.s membres : TOTAL 7,1 M$ 1. 2023-2028 &#8211; Fondation canadienne pour l\u2019Innovation (FCI) &#8211; Co-chercheur 120 666$ 2. &hellip; <a href=\"https:\/\/recherche.uqac.ca\/r2eau\/ressources\/identification-des-sources-de-financement\/\" class=\"more-link\">Continue reading <span class=\"screen-reader-text\">Identification des sources de financement<\/span> <span class=\"meta-nav\">&rarr;<\/span><\/a><\/p>\n","protected":false},"author":23,"featured_media":0,"parent":327,"menu_order":0,"comment_status":"closed","ping_status":"closed","template":"","meta":{"footnotes":""},"_links":{"self":[{"href":"https:\/\/recherche.uqac.ca\/r2eau\/wp-json\/wp\/v2\/pages\/329"}],"collection":[{"href":"https:\/\/recherche.uqac.ca\/r2eau\/wp-json\/wp\/v2\/pages"}],"about":[{"href":"https:\/\/recherche.uqac.ca\/r2eau\/wp-json\/wp\/v2\/types\/page"}],"author":[{"embeddable":true,"href":"https:\/\/recherche.uqac.ca\/r2eau\/wp-json\/wp\/v2\/users\/23"}],"replies":[{"embeddable":true,"href":"https:\/\/recherche.uqac.ca\/r2eau\/wp-json\/wp\/v2\/comments?post=329"}],"version-history":[{"count":1,"href":"https:\/\/recherche.uqac.ca\/r2eau\/wp-json\/wp\/v2\/pages\/329\/revisions"}],"predecessor-version":[{"id":330,"href":"https:\/\/recherche.uqac.ca\/r2eau\/wp-json\/wp\/v2\/pages\/329\/revisions\/330"}],"up":[{"embeddable":true,"href":"https:\/\/recherche.uqac.ca\/r2eau\/wp-json\/wp\/v2\/pages\/327"}],"wp:attachment":[{"href":"https:\/\/recherche.uqac.ca\/r2eau\/wp-json\/wp\/v2\/media?parent=329"}],"curies":[{"name":"wp","href":"https:\/\/api.w.org\/{rel}","templated":true}]}}