{"id":333,"date":"2023-06-25T17:31:22","date_gmt":"2023-06-25T16:31:22","guid":{"rendered":"https:\/\/recherche.uqac.ca\/r2eau\/?page_id=333"},"modified":"2023-06-25T17:31:22","modified_gmt":"2023-06-25T16:31:22","slug":"liste-des-partenaires","status":"publish","type":"page","link":"https:\/\/recherche.uqac.ca\/r2eau\/liste-des-partenaires\/","title":{"rendered":"Liste des partenaires"},"content":{"rendered":"<p>Sont partenaires les organisations gouvernementales, para-gouvernementales et priv\u00e9es qui participent aux projets des \u00e9tudiant.e.s., \u00e0 savoir:<\/p>\n<p>&#8211; Hydro-Qu\u00e9bec: projets en lien avec les risques associ\u00e9s aux inondations et ruptures de barrages;<\/p>\n<p>&#8211; Minist\u00e8re de l\u2019Environnement, de la Lutte contre les changements climatiques, de la Faune et des Parcs : projets en lien avec les risques associ\u00e9s aux eaux souterraines (protection et pr\u00e9servation des eaux souterraines; impact sociaux);<\/p>\n<p>&#8211; Municipalit\u00e9s r\u00e9gionales de comt\u00e9 de Saguenay-Lac-Saint-Jean: projets en lien avec les risques associ\u00e9s aux eaux souterraines (protection et pr\u00e9servation des eaux souterraines; impact sociaux);<\/p>\n<p>&#8211; Mine Niobec et mine Westwood: projets en lien avec les risques associ\u00e9s \u00e0 la stabilit\u00e9 des massifs rocheux;<\/p>\n<p>&#8211; Ville de Saguenay: projets en lien avec les risques associ\u00e9s aux glissements de terrains et aux al\u00e9as sismiques<\/p>\n<p>&#8211; Minist\u00e8re des Transports et de la Mobilit\u00e9 durable: projets en lien avec les risques associ\u00e9s aux glissements de terrains et aux al\u00e9as sismiques<\/p>\n<p>&#8211; Minist\u00e8re de la s\u00e9curit\u00e9 publique: projets en lien avec les risques associ\u00e9s associ\u00e9s aux inondations, \u00e0 l\u2019\u00e9rosion et \u00e0 l\u2019ensablement dans les cours d&#8217;eau<br \/>\n&#8211; Commission g\u00e9ologique du Canada: projets en lien avec les risques associ\u00e9s aux al\u00e9as sismiques<\/p>\n<p>&#8211; Organismes de bassins de versant: projets en lien avec les risques associ\u00e9s aux eaux souterraines (protection et pr\u00e9servation des eaux souterraines; impact sociaux) et associ\u00e9s aux inondations, \u00e0 l\u2019\u00e9rosion et \u00e0 l\u2019ensablement dans les cours d&#8217;eau<\/p>\n","protected":false},"excerpt":{"rendered":"<p>Sont partenaires les organisations gouvernementales, para-gouvernementales et priv\u00e9es qui participent aux projets des \u00e9tudiant.e.s., \u00e0 savoir: &#8211; Hydro-Qu\u00e9bec: projets en lien avec les risques associ\u00e9s aux inondations et ruptures de barrages; &#8211; Minist\u00e8re de l\u2019Environnement, de la Lutte contre les changements climatiques, de la Faune et des Parcs : projets en lien avec les risques &hellip; <a href=\"https:\/\/recherche.uqac.ca\/r2eau\/liste-des-partenaires\/\" class=\"more-link\">Continue reading <span class=\"screen-reader-text\">Liste des partenaires<\/span> <span class=\"meta-nav\">&rarr;<\/span><\/a><\/p>\n","protected":false},"author":23,"featured_media":0,"parent":0,"menu_order":0,"comment_status":"closed","ping_status":"closed","template":"","meta":{"footnotes":""},"_links":{"self":[{"href":"https:\/\/recherche.uqac.ca\/r2eau\/wp-json\/wp\/v2\/pages\/333"}],"collection":[{"href":"https:\/\/recherche.uqac.ca\/r2eau\/wp-json\/wp\/v2\/pages"}],"about":[{"href":"https:\/\/recherche.uqac.ca\/r2eau\/wp-json\/wp\/v2\/types\/page"}],"author":[{"embeddable":true,"href":"https:\/\/recherche.uqac.ca\/r2eau\/wp-json\/wp\/v2\/users\/23"}],"replies":[{"embeddable":true,"href":"https:\/\/recherche.uqac.ca\/r2eau\/wp-json\/wp\/v2\/comments?post=333"}],"version-history":[{"count":1,"href":"https:\/\/recherche.uqac.ca\/r2eau\/wp-json\/wp\/v2\/pages\/333\/revisions"}],"predecessor-version":[{"id":334,"href":"https:\/\/recherche.uqac.ca\/r2eau\/wp-json\/wp\/v2\/pages\/333\/revisions\/334"}],"wp:attachment":[{"href":"https:\/\/recherche.uqac.ca\/r2eau\/wp-json\/wp\/v2\/media?parent=333"}],"curies":[{"name":"wp","href":"https:\/\/api.w.org\/{rel}","templated":true}]}}