{"id":336,"date":"2023-06-25T17:32:48","date_gmt":"2023-06-25T16:32:48","guid":{"rendered":"https:\/\/recherche.uqac.ca\/r2eau\/?page_id=336"},"modified":"2023-06-25T17:51:53","modified_gmt":"2023-06-25T16:51:53","slug":"infrastructures-and-equipements","status":"publish","type":"page","link":"https:\/\/recherche.uqac.ca\/r2eau\/infrastructures-and-equipements\/","title":{"rendered":"Infrastructure(s) et \u00c9quipements"},"content":{"rendered":"<p>Les infrastructures et les \u00e9quipements sont disponibles via les Unit\u00e9s de recherche de l&#8217;UQAC (laboratoires) sous la responsabilit\u00e9 des professeur.e.s membres, c&#8217;est \u00e0 dire:<\/p>\n<p>&#8211; le LAMHEQ (Laboratoire de M\u00e9tallog\u00e9nie et d&#8217;Hydrog\u00e9ochimie Exp\u00e9rimentale et Quantitative) sous la responsabilit\u00e9 de Julien Walter et Paul B\u00e9dard (prof. DSA): \u00c9quipements sp\u00e9cialis\u00e9s dans l&#8217;\u00e9tude des interactions eau-roche ayant une incidence sur la qualit\u00e9 de l&#8217;eau (cellules d&#8217;int\u00e9raction \u00e0 pression\/temp\u00e9rature variable; mat\u00e9riel de terrain; logiciels sp\u00e9cialis\u00e9s);<\/p>\n<p>&#8211; le LabMaTer (Laboratoire de Mat\u00e9riaux Terrestre) sous la responsabilit\u00e9 de Sarah Dare (prof. DSA): \u00c9quipements analytiques compl\u00e9mentaires \u00e0 ceux du LAHMEQ, sp\u00e9cialis\u00e9s dans l&#8217;analyse des roches et des min\u00e9raux;<\/p>\n<p>&#8211; le LERGA (Laboratoire d&#8217;expertise et de recherche en g\u00e9ographie appliqu\u00e9e) sous la responsabilit\u00e9 de Maxime Boivin (prof. DSH): \u00c9quipements de cartographie haute-pr\u00e9cision au sol et par drone, de traitement d&#8217;image a\u00e9riennes et satellitaires, syst\u00e8me d&#8217;information g\u00e9ographique (SIG);<\/p>\n<p>&#8211; Mod\u00e8le \u00e0 \u00e9chelle semi-r\u00e9elle (unique au monde) d&#8217;un \u00e9vacuateur de crues des am\u00e9nagements hydro\u00e9lectriques du Qu\u00e9bec et d&#8217;ailleurs dans le monde. \u00c9quipement sous la responsabilit\u00e9 d&#8217;Ali Saeidi (prof DSA)<\/p>\n<p>&#8211; Laboratoire mobile d&#8217;essai d&#8217;injection et d&#8217;\u00e9chantillonnage entre obturateurs gonflables, et de diagraphie g\u00e9ophysique des milieux aquif\u00e8res intercept\u00e9s en forage. \u00c9quipement sous la responsabilit\u00e9 de Julien Walter et Romain Chesnaux (prof. DSA)<\/p>\n<p>&#8211; Presse hydraulique sous la responsabilit\u00e9 d&#8217;Ali Saeidi (prof DSA)<\/p>\n<p>&#8211; Mod\u00e8le r\u00e9duit hydrog\u00e9ologique pour la r\u00e9alisation de relev\u00e9s pi\u00e9zom\u00e9triques, d\u2019essai de perm\u00e9abilit\u00e9 in situ (et d\u2019essais de pompage sous la responsabilit\u00e9 de Julien Walter et Romain Chesnaux (prof. DSA)<\/p>\n","protected":false},"excerpt":{"rendered":"<p>Les infrastructures et les \u00e9quipements sont disponibles via les Unit\u00e9s de recherche de l&#8217;UQAC (laboratoires) sous la responsabilit\u00e9 des professeur.e.s membres, c&#8217;est \u00e0 dire: &#8211; le LAMHEQ (Laboratoire de M\u00e9tallog\u00e9nie et d&#8217;Hydrog\u00e9ochimie Exp\u00e9rimentale et Quantitative) sous la responsabilit\u00e9 de Julien Walter et Paul B\u00e9dard (prof. DSA): \u00c9quipements sp\u00e9cialis\u00e9s dans l&#8217;\u00e9tude des interactions eau-roche ayant une &hellip; <a href=\"https:\/\/recherche.uqac.ca\/r2eau\/infrastructures-and-equipements\/\" class=\"more-link\">Continue reading <span class=\"screen-reader-text\">Infrastructure(s) et \u00c9quipements<\/span> <span class=\"meta-nav\">&rarr;<\/span><\/a><\/p>\n","protected":false},"author":23,"featured_media":0,"parent":0,"menu_order":0,"comment_status":"closed","ping_status":"closed","template":"","meta":{"footnotes":""},"_links":{"self":[{"href":"https:\/\/recherche.uqac.ca\/r2eau\/wp-json\/wp\/v2\/pages\/336"}],"collection":[{"href":"https:\/\/recherche.uqac.ca\/r2eau\/wp-json\/wp\/v2\/pages"}],"about":[{"href":"https:\/\/recherche.uqac.ca\/r2eau\/wp-json\/wp\/v2\/types\/page"}],"author":[{"embeddable":true,"href":"https:\/\/recherche.uqac.ca\/r2eau\/wp-json\/wp\/v2\/users\/23"}],"replies":[{"embeddable":true,"href":"https:\/\/recherche.uqac.ca\/r2eau\/wp-json\/wp\/v2\/comments?post=336"}],"version-history":[{"count":3,"href":"https:\/\/recherche.uqac.ca\/r2eau\/wp-json\/wp\/v2\/pages\/336\/revisions"}],"predecessor-version":[{"id":347,"href":"https:\/\/recherche.uqac.ca\/r2eau\/wp-json\/wp\/v2\/pages\/336\/revisions\/347"}],"wp:attachment":[{"href":"https:\/\/recherche.uqac.ca\/r2eau\/wp-json\/wp\/v2\/media?parent=336"}],"curies":[{"name":"wp","href":"https:\/\/api.w.org\/{rel}","templated":true}]}}