{"id":34,"date":"2020-01-31T17:21:22","date_gmt":"2020-01-31T16:21:22","guid":{"rendered":"https:\/\/recherche.uqac.ca\/r2eau\/?page_id=34"},"modified":"2023-06-25T17:14:41","modified_gmt":"2023-06-25T16:14:41","slug":"mission-et-objectifs","status":"publish","type":"page","link":"https:\/\/recherche.uqac.ca\/r2eau\/mission-et-objectifs\/","title":{"rendered":"Mission et objectifs"},"content":{"rendered":"<h6 style=\"text-align: justify\">La mission du groupe de recherche Risque Ressource Eau (R<sup>2<\/sup>eau) est l&#8217;analyse, le contr\u00f4le et la gestion des risques associ\u00e9s \u00e0 l&#8217;eau dans un contexte de changement climatique. Cet objectif principal se d\u00e9taille en 4 objectifs sp\u00e9cifiques:<\/h6>\n<p>&nbsp;<\/p>\n<h4><strong><span style=\"font-weight: bold;color: #24890d;font-family: verdana\"> Les objectifs principaux sont\u00a0:<\/span><\/strong><\/h4>\n<p><strong>OBJECTIF 1:<\/strong> Mener des recherches sur les eaux souterraines (protection et pr\u00e9servation des eaux souterraines).<\/p>\n<p>Cet objectif vise:<br \/>\n&#8211; La protection des eaux souterraines contre la contamination et la surexploitation;<br \/>\n&#8211; La quantification du risque associ\u00e9 \u00e0 la qualit\u00e9 naturelle des eaux souterraines;<br \/>\n&#8211; L&#8217;\u00e9tude de la r\u00e9silience des nappes d&#8217;eau souterraine face aux changements climatiques<br \/>\n&#8211; La quantification du risque associ\u00e9 aux entr\u00e9es d\u2019eau dans les mines et leur drainage.<\/p>\n<p><strong>OBJECTIF 2:<\/strong> Mener des recherches sur les glissements de terrain et la stabilit\u00e9 des massifs rocheux.<\/p>\n<p>Cet objectif vise:<br \/>\n&#8211; La pr\u00e9vision des glissements dans les sols argileux;<br \/>\n&#8211; L&#8217;\u00e9tude des discontinuit\u00e9s g\u00e9ologiques et leur impact sur la stabilit\u00e9 des massifs rocheux et leur perm\u00e9abilit\u00e9;<br \/>\n&#8211; La quantification du risque sismique (al\u00e9as et vuln\u00e9rabilit\u00e9).<\/p>\n<p><strong>OBJECTIF 3:<\/strong> Mener des recherches sur les risques associ\u00e9s \u00e0 la dynamique des milieux hydriques.<\/p>\n<p>Cet objectif vise:<br \/>\n&#8211; L&#8217;\u00e9tude hydrog\u00e9omorphologique de l&#8217;\u00e9rosion des berges et les impacts sur le transport s\u00e9dimentaire;<br \/>\n&#8211; La quantification des risques associ\u00e9s aux modifications naturelles et anthropiques des milieux hydriques;<br \/>\n&#8211; L&#8217;\u00e9tude des m\u00e9canismes de crue en contexte de changement climatique et leur impact sur les milieux hydriques.<\/p>\n<p><strong>OBJECTIF 4:<\/strong> Mener des recherches sur le d\u00e9veloppement et l&#8217;innovation de nouveaux produits ou applications dans les structures de g\u00e9nie civil.<\/p>\n<p>Cet objectif vise:<br \/>\n&#8211; Le contr\u00f4le du risque de d\u00e9faillance des structures de g\u00e9nie civils expos\u00e9s au changement climatique;<br \/>\n&#8211; L&#8217;analyse environnementale du cycle de vie des mat\u00e9riaux naturels utilis\u00e9s dans les infrastructures urbaines;<br \/>\n&#8211; Le d\u00e9veloppement de nouveaux mat\u00e9riaux \u00e9cologiques pour contr\u00f4ler les impacts environnementaux et quantifier les risques climatiques.<\/p>\n","protected":false},"excerpt":{"rendered":"<p>La mission du groupe de recherche Risque Ressource Eau (R2eau) est l&#8217;analyse, le contr\u00f4le et la gestion des risques associ\u00e9s \u00e0 l&#8217;eau dans un contexte de changement climatique. Cet objectif principal se d\u00e9taille en 4 objectifs sp\u00e9cifiques: &nbsp; Les objectifs principaux sont\u00a0: OBJECTIF 1: Mener des recherches sur les eaux souterraines (protection et pr\u00e9servation des &hellip; <a href=\"https:\/\/recherche.uqac.ca\/r2eau\/mission-et-objectifs\/\" class=\"more-link\">Continue reading <span class=\"screen-reader-text\">Mission et objectifs<\/span> <span class=\"meta-nav\">&rarr;<\/span><\/a><\/p>\n","protected":false},"author":23,"featured_media":0,"parent":0,"menu_order":2,"comment_status":"closed","ping_status":"closed","template":"","meta":{"footnotes":""},"_links":{"self":[{"href":"https:\/\/recherche.uqac.ca\/r2eau\/wp-json\/wp\/v2\/pages\/34"}],"collection":[{"href":"https:\/\/recherche.uqac.ca\/r2eau\/wp-json\/wp\/v2\/pages"}],"about":[{"href":"https:\/\/recherche.uqac.ca\/r2eau\/wp-json\/wp\/v2\/types\/page"}],"author":[{"embeddable":true,"href":"https:\/\/recherche.uqac.ca\/r2eau\/wp-json\/wp\/v2\/users\/23"}],"replies":[{"embeddable":true,"href":"https:\/\/recherche.uqac.ca\/r2eau\/wp-json\/wp\/v2\/comments?post=34"}],"version-history":[{"count":7,"href":"https:\/\/recherche.uqac.ca\/r2eau\/wp-json\/wp\/v2\/pages\/34\/revisions"}],"predecessor-version":[{"id":326,"href":"https:\/\/recherche.uqac.ca\/r2eau\/wp-json\/wp\/v2\/pages\/34\/revisions\/326"}],"wp:attachment":[{"href":"https:\/\/recherche.uqac.ca\/r2eau\/wp-json\/wp\/v2\/media?parent=34"}],"curies":[{"name":"wp","href":"https:\/\/api.w.org\/{rel}","templated":true}]}}