{"id":340,"date":"2023-06-25T17:39:08","date_gmt":"2023-06-25T16:39:08","guid":{"rendered":"https:\/\/recherche.uqac.ca\/r2eau\/?page_id=340"},"modified":"2023-06-25T17:47:00","modified_gmt":"2023-06-25T16:47:00","slug":"personnel","status":"publish","type":"page","link":"https:\/\/recherche.uqac.ca\/r2eau\/personnel\/","title":{"rendered":"Personnel"},"content":{"rendered":"<p>Aucun personnel n&#8217;est \u00e0 la charge financi\u00e8re de l&#8217;Unit\u00e9 de Recherche.<br \/>\nAutrement, le personnel inclus:<br \/>\n&#8211; 1 coordonnateur<br \/>\n&#8211; des membres \u00e9tudiant.e.s<br \/>\n&#8211; des membres professeur.e.s actifs et \u00e0 la retraite<br \/>\n&#8211; professionnel.le.s et technicien.ne.s impliqu\u00e9.e.s dans certains projets \u00e9tudiants.<\/p>\n","protected":false},"excerpt":{"rendered":"<p>Aucun personnel n&#8217;est \u00e0 la charge financi\u00e8re de l&#8217;Unit\u00e9 de Recherche. Autrement, le personnel inclus: &#8211; 1 coordonnateur &#8211; des membres \u00e9tudiant.e.s &#8211; des membres professeur.e.s actifs et \u00e0 la retraite &#8211; professionnel.le.s et technicien.ne.s impliqu\u00e9.e.s dans certains projets \u00e9tudiants.<\/p>\n","protected":false},"author":23,"featured_media":0,"parent":0,"menu_order":0,"comment_status":"closed","ping_status":"closed","template":"","meta":{"footnotes":""},"_links":{"self":[{"href":"https:\/\/recherche.uqac.ca\/r2eau\/wp-json\/wp\/v2\/pages\/340"}],"collection":[{"href":"https:\/\/recherche.uqac.ca\/r2eau\/wp-json\/wp\/v2\/pages"}],"about":[{"href":"https:\/\/recherche.uqac.ca\/r2eau\/wp-json\/wp\/v2\/types\/page"}],"author":[{"embeddable":true,"href":"https:\/\/recherche.uqac.ca\/r2eau\/wp-json\/wp\/v2\/users\/23"}],"replies":[{"embeddable":true,"href":"https:\/\/recherche.uqac.ca\/r2eau\/wp-json\/wp\/v2\/comments?post=340"}],"version-history":[{"count":1,"href":"https:\/\/recherche.uqac.ca\/r2eau\/wp-json\/wp\/v2\/pages\/340\/revisions"}],"predecessor-version":[{"id":341,"href":"https:\/\/recherche.uqac.ca\/r2eau\/wp-json\/wp\/v2\/pages\/340\/revisions\/341"}],"wp:attachment":[{"href":"https:\/\/recherche.uqac.ca\/r2eau\/wp-json\/wp\/v2\/media?parent=340"}],"curies":[{"name":"wp","href":"https:\/\/api.w.org\/{rel}","templated":true}]}}