{"id":343,"date":"2023-06-25T17:50:50","date_gmt":"2023-06-25T16:50:50","guid":{"rendered":"https:\/\/recherche.uqac.ca\/r2eau\/?page_id=343"},"modified":"2023-06-25T17:50:50","modified_gmt":"2023-06-25T16:50:50","slug":"perspectives","status":"publish","type":"page","link":"https:\/\/recherche.uqac.ca\/r2eau\/perspectives\/","title":{"rendered":"Perspectives"},"content":{"rendered":"<p>Dans l&#8217;avenir, le groupe de recherche R2Eau vise \u00e0:<\/p>\n<p>&#8211; Maintenir ses activit\u00e9s, \u00e0 savoir 1) la tenue de pr\u00e9sentations par les \u00e9tudiant.e.s gradu\u00e9.e.s \u00e0 raison d&#8217;un minimum d&#8217;une fois par session, et 2) le soutien \u00e0 la publication et la diffusion des connaissances scientifiques produites par les membres du groupe de recherche;<\/p>\n<p>&#8211; Int\u00e9grer certain.e.s \u00e9tudiant.e.s du 1er cycle au groupe de recherche. Les professeur.e.s membres du regroupement encadrent r\u00e9guli\u00e8rement des \u00e9tudiant.e.s dans le cadre de leur projet de fin d&#8217;\u00e9tudes (projets d&#8217;envergure d&#8217;une dur\u00e9e d&#8217;environ 1 an dont une composante recherche est pr\u00e9pond\u00e9rante). Ces \u00e9tudiant.e.s doivent \u00eatre int\u00e9gr\u00e9.e.s au groupe de recherche pour 2 raisons principales: 1) prendre la mesure des implications personnelles qu&#8217;exigent un projet de recherche de qualit\u00e9 et 2) encourager ces \u00e9tudiant.e.s \u00e0 faire un passage aux cycles sup\u00e9rieurs. Les \u00e9tudiant.e.s du 1er cycle pourraient pr\u00e9senter devant le groupe au m\u00eame titre les membres gradu\u00e9s.<\/p>\n<p>&#8211; Int\u00e9grer des stagiaires (courte dur\u00e9e) des cycles sup\u00e9rieurs. Les professeur.e.s membres du regroupement encadrent r\u00e9guli\u00e8rement des \u00e9tudiant.e.s en cours s\u00e9jour (4 \u00e0 6 mois) dans le cadre de stage de recherche. Cette int\u00e9gration favoriserait notamment une meilleure inclusion des stagiaires au sein de leur \u00e9quipe de recherche respective, ainsi qu&#8217;avec des personnes externes \u00e0 leur \u00e9quipe de recherche. Les stagiaires gradu\u00e9s pourraient pr\u00e9senter devant le groupe au m\u00eame titre les membres gradu\u00e9s.<\/p>\n<p>&#8211; Am\u00e9liorer la visibilit\u00e9 du groupe de recherche par le biais d&#8217;un mini-colloque bi-annuel d&#8217;une journ\u00e9e, tenu \u00e0 l&#8217;UQAC, \u00e0 l&#8217;occasion duquel les travaux de recherche des \u00e9tudiants seraient mis de l&#8217;avant sous la forme d&#8217;affiches et de pr\u00e9sentations orales.<\/p>\n<p>&#8211; Soutenir la tenue d&#8217;activit\u00e9s sortant du cadre acad\u00e9mique, notamment l&#8217;\u00e9t\u00e9, entre autre pour maintenir une bonne inclusion des \u00e9tudiant.e.s internationaux et leur faire d\u00e9couvrir certains attraits de la r\u00e9gion.<\/p>\n","protected":false},"excerpt":{"rendered":"<p>Dans l&#8217;avenir, le groupe de recherche R2Eau vise \u00e0: &#8211; Maintenir ses activit\u00e9s, \u00e0 savoir 1) la tenue de pr\u00e9sentations par les \u00e9tudiant.e.s gradu\u00e9.e.s \u00e0 raison d&#8217;un minimum d&#8217;une fois par session, et 2) le soutien \u00e0 la publication et la diffusion des connaissances scientifiques produites par les membres du groupe de recherche; &#8211; Int\u00e9grer &hellip; <a href=\"https:\/\/recherche.uqac.ca\/r2eau\/perspectives\/\" class=\"more-link\">Continue reading <span class=\"screen-reader-text\">Perspectives<\/span> <span class=\"meta-nav\">&rarr;<\/span><\/a><\/p>\n","protected":false},"author":23,"featured_media":0,"parent":0,"menu_order":0,"comment_status":"closed","ping_status":"closed","template":"","meta":{"footnotes":""},"_links":{"self":[{"href":"https:\/\/recherche.uqac.ca\/r2eau\/wp-json\/wp\/v2\/pages\/343"}],"collection":[{"href":"https:\/\/recherche.uqac.ca\/r2eau\/wp-json\/wp\/v2\/pages"}],"about":[{"href":"https:\/\/recherche.uqac.ca\/r2eau\/wp-json\/wp\/v2\/types\/page"}],"author":[{"embeddable":true,"href":"https:\/\/recherche.uqac.ca\/r2eau\/wp-json\/wp\/v2\/users\/23"}],"replies":[{"embeddable":true,"href":"https:\/\/recherche.uqac.ca\/r2eau\/wp-json\/wp\/v2\/comments?post=343"}],"version-history":[{"count":1,"href":"https:\/\/recherche.uqac.ca\/r2eau\/wp-json\/wp\/v2\/pages\/343\/revisions"}],"predecessor-version":[{"id":344,"href":"https:\/\/recherche.uqac.ca\/r2eau\/wp-json\/wp\/v2\/pages\/343\/revisions\/344"}],"wp:attachment":[{"href":"https:\/\/recherche.uqac.ca\/r2eau\/wp-json\/wp\/v2\/media?parent=343"}],"curies":[{"name":"wp","href":"https:\/\/api.w.org\/{rel}","templated":true}]}}