{"id":381,"date":"2025-02-28T17:40:42","date_gmt":"2025-02-28T16:40:42","guid":{"rendered":"https:\/\/recherche.uqac.ca\/r2eau\/?page_id=381"},"modified":"2025-02-28T21:28:31","modified_gmt":"2025-02-28T20:28:31","slug":"alain-rouleau","status":"publish","type":"page","link":"https:\/\/recherche.uqac.ca\/r2eau\/alain-rouleau\/","title":{"rendered":"Alain Rouleau"},"content":{"rendered":"<table style=\"width: 1109px;height: 215px\">\n<tbody>\n<tr>\n<td>\n<h1 style=\"color: #24890d;font-family: verdana;text-align: center\">Alain Rouleau<\/h1>\n<p style=\"text-align: center\"><a href=\"https:\/\/recherche.uqac.ca\/r2eau\/wp-content\/uploads\/sites\/11\/2025\/02\/Alain-Rouleau.jpg.png\"><img loading=\"lazy\" decoding=\"async\" class=\"alignnone size-full wp-image-382\" src=\"https:\/\/recherche.uqac.ca\/r2eau\/wp-content\/uploads\/sites\/11\/2025\/02\/Alain-Rouleau.jpg.png\" alt=\"\" width=\"426\" height=\"477\" srcset=\"https:\/\/recherche.uqac.ca\/r2eau\/wp-content\/uploads\/sites\/11\/2025\/02\/Alain-Rouleau.jpg.png 426w, https:\/\/recherche.uqac.ca\/r2eau\/wp-content\/uploads\/sites\/11\/2025\/02\/Alain-Rouleau.jpg-268x300.png 268w\" sizes=\"(max-width: 426px) 100vw, 426px\" \/><\/a><\/p>\n<h5 style=\"text-align: center\">Professeur \u00e9m\u00e9rite &#8211; retrait\u00e9, Universit\u00e9 du Qu\u00e9bec \u00e0 Chicoutimi<\/h5>\n<h5 style=\"text-align: left\"><span style=\"color: #008000\">Sujets de recherche int\u00e9ress\u00e9s : <\/span>Hydrog\u00e9ologie, fracturation des roches<\/h5>\n<h5><span style=\"color: #008000\">Informations de contact: <\/span><span style=\"color: #0000ff\"><a style=\"color: #0000ff\" href=\"arouleau@uqac.ca\" target=\"_blank\" rel=\"noopener\">arouleau@uqac.ca<\/a><\/span><\/h5>\n<h6 style=\"text-align: justify\"><span style=\"color: #008000\"><strong>Biographie :<\/strong><\/span> Le professeur Alain Rouleau a obtenu un baccalaur\u00e9at g\u00e9nie g\u00e9ologique et une ma\u00eetrise en g\u00e9ologie structurale en 1975 \u00e0 l\u2019Universit\u00e9 Laval, \u00e0 Qu\u00e9bec. Il a \u00e9t\u00e9 consultant en g\u00e9ologie pendant quelques ann\u00e9es, notamment sur des probl\u00e9matiques d\u2019alimentation en eau souterraine en Afrique sub-saharienne. Il a ensuite compl\u00e9t\u00e9 un doctorat en hydrog\u00e9ologie \u00e0 l\u2019Universit\u00e9 de Waterloo en 1984. Sa th\u00e8se a port\u00e9 sur la caract\u00e9risation des fractures et la mod\u00e9lisation de l\u2019\u00e9coulement des eaux souterraines vers un tunnel excav\u00e9 en massif rocheux fractur\u00e9. Apr\u00e8s deux ans de recherche \u00e0 Environnement Canada, il a joint l\u2019Universit\u00e9 du Qu\u00e9bec \u00e0 Chicoutimi (UQAC) en 1986 comme professeur, o\u00f9 il a enseign\u00e9, servi les communaut\u00e9s et men\u00e9 de nombreux projets de recherches, dont plusieurs ont impliqu\u00e9 des travaux sur le terrain sur quatre continents. En tant que professeur \u00e9m\u00e9rite \u00e0 l\u2019UQAC depuis 2016, il poursuit ses recherches sur l\u2019hydrog\u00e9ologie et la caract\u00e9risation des syst\u00e8mes de fractures dans les roches. Ses int\u00e9r\u00eats actuels incluent des initiatives pour rendre les connaissances hydrog\u00e9ologiques disponibles et utilis\u00e9es efficacement dans des probl\u00e8mes environnementaux et de gestion du territoire.<\/h6>\n<\/td>\n<\/tr>\n<\/tbody>\n<\/table>\n","protected":false},"excerpt":{"rendered":"<p>Alain Rouleau Professeur \u00e9m\u00e9rite &#8211; retrait\u00e9, Universit\u00e9 du Qu\u00e9bec \u00e0 Chicoutimi Sujets de recherche int\u00e9ress\u00e9s : Hydrog\u00e9ologie, fracturation des roches Informations de contact: arouleau@uqac.ca Biographie : Le professeur Alain Rouleau a obtenu un baccalaur\u00e9at g\u00e9nie g\u00e9ologique et une ma\u00eetrise en g\u00e9ologie structurale en 1975 \u00e0 l\u2019Universit\u00e9 Laval, \u00e0 Qu\u00e9bec. Il a \u00e9t\u00e9 consultant en g\u00e9ologie &hellip; <a href=\"https:\/\/recherche.uqac.ca\/r2eau\/alain-rouleau\/\" class=\"more-link\">Continue reading <span class=\"screen-reader-text\">Alain Rouleau<\/span> <span class=\"meta-nav\">&rarr;<\/span><\/a><\/p>\n","protected":false},"author":39,"featured_media":0,"parent":0,"menu_order":0,"comment_status":"closed","ping_status":"closed","template":"","meta":{"footnotes":""},"_links":{"self":[{"href":"https:\/\/recherche.uqac.ca\/r2eau\/wp-json\/wp\/v2\/pages\/381"}],"collection":[{"href":"https:\/\/recherche.uqac.ca\/r2eau\/wp-json\/wp\/v2\/pages"}],"about":[{"href":"https:\/\/recherche.uqac.ca\/r2eau\/wp-json\/wp\/v2\/types\/page"}],"author":[{"embeddable":true,"href":"https:\/\/recherche.uqac.ca\/r2eau\/wp-json\/wp\/v2\/users\/39"}],"replies":[{"embeddable":true,"href":"https:\/\/recherche.uqac.ca\/r2eau\/wp-json\/wp\/v2\/comments?post=381"}],"version-history":[{"count":5,"href":"https:\/\/recherche.uqac.ca\/r2eau\/wp-json\/wp\/v2\/pages\/381\/revisions"}],"predecessor-version":[{"id":387,"href":"https:\/\/recherche.uqac.ca\/r2eau\/wp-json\/wp\/v2\/pages\/381\/revisions\/387"}],"wp:attachment":[{"href":"https:\/\/recherche.uqac.ca\/r2eau\/wp-json\/wp\/v2\/media?parent=381"}],"curies":[{"name":"wp","href":"https:\/\/api.w.org\/{rel}","templated":true}]}}