{"id":389,"date":"2025-02-28T19:58:14","date_gmt":"2025-02-28T18:58:14","guid":{"rendered":"https:\/\/recherche.uqac.ca\/r2eau\/?page_id=389"},"modified":"2025-02-28T20:02:49","modified_gmt":"2025-02-28T19:02:49","slug":"asaduzzaman-asaduzzaman","status":"publish","type":"page","link":"https:\/\/recherche.uqac.ca\/r2eau\/asaduzzaman-asaduzzaman\/","title":{"rendered":"Asaduzzaman Asaduzzaman"},"content":{"rendered":"<table style=\"width: 1109px;height: 215px\">\n<tbody>\n<tr>\n<td>\n<h1 style=\"color: #24890d;font-family: verdana;text-align: center\">Asaduzzaman Asaduzzaman<\/h1>\n<p style=\"text-align: center\"><a href=\"https:\/\/recherche.uqac.ca\/r2eau\/wp-content\/uploads\/sites\/11\/2025\/02\/Asaduzzaman-scaled.jpg\"><img loading=\"lazy\" decoding=\"async\" class=\"alignnone wp-image-390 size-large\" src=\"https:\/\/recherche.uqac.ca\/r2eau\/wp-content\/uploads\/sites\/11\/2025\/02\/Asaduzzaman-scaled-e1740768782579-776x1024.jpg\" alt=\"\" width=\"474\" height=\"625\" srcset=\"https:\/\/recherche.uqac.ca\/r2eau\/wp-content\/uploads\/sites\/11\/2025\/02\/Asaduzzaman-scaled-e1740768782579-776x1024.jpg 776w, https:\/\/recherche.uqac.ca\/r2eau\/wp-content\/uploads\/sites\/11\/2025\/02\/Asaduzzaman-scaled-e1740768782579-227x300.jpg 227w, https:\/\/recherche.uqac.ca\/r2eau\/wp-content\/uploads\/sites\/11\/2025\/02\/Asaduzzaman-scaled-e1740768782579-768x1013.jpg 768w, https:\/\/recherche.uqac.ca\/r2eau\/wp-content\/uploads\/sites\/11\/2025\/02\/Asaduzzaman-scaled-e1740768782579-1164x1536.jpg 1164w, https:\/\/recherche.uqac.ca\/r2eau\/wp-content\/uploads\/sites\/11\/2025\/02\/Asaduzzaman-scaled-e1740768782579.jpg 1484w\" sizes=\"(max-width: 474px) 100vw, 474px\" \/><\/a><\/p>\n<h5 style=\"text-align: center\">Development of a limit equilibrium software for the prediction of landslide hazards in eastern Canadian sensitive clay<\/h5>\n<h5 style=\"text-align: left\"><span style=\"color: #008000\"><strong>Direction :<\/strong><\/span> Dr. Ali Saeidi<\/h5>\n<h5 style=\"text-align: left\"><span style=\"color: #008000\"><strong>Co-direction : <\/strong><\/span>Dr. Sina Javankhoshdel; (Adjunct Professor, York University) (Geomechanics Product Manager, Rocscience Inc.)<\/h5>\n<h5 style=\"text-align: left\"><span style=\"color: #008000\">R\u00f4le :<\/span> Doctorant<\/h5>\n<h5><span style=\"color: #008000\">Informations de contact: <\/span><span style=\"color: #0000ff\"><a style=\"color: #0000ff\" href=\"aasaduzzam@etu.uqac.ca\" target=\"_blank\" rel=\"noopener\">aasaduzzam@etu.uqac.ca<\/a><\/span><\/h5>\n<h6 style=\"text-align: justify\"><span style=\"color: #008000\"><strong>Informations de la recherche :<\/strong><\/span> Asaduzzaman a obtenu mon B.Sc. en g\u00e9nie civil et mon M.Sc. en g\u00e9nie structural \u00e0 l&#8217;Universit\u00e9 du g\u00e9nie et de la technologie du Bangladesh (BUET). Ses recherches de M.Sc. se sont concentr\u00e9es sur le d\u00e9veloppement d&#8217;un syst\u00e8me de surveillance de l&#8217;\u00e9tat des chauss\u00e9es bas\u00e9 sur les vibrations, utilisant la dynamique des v\u00e9hicules et des smartphones. Actuellement, il poursuit son doctorat sous la direction du Dr Ali Saeidi \u00e0 l&#8217;UQAC. Sa recherche se concentre sur la pr\u00e9vision des risques de glissements de terrain dans les argiles sensibles de l&#8217;est du Canada par l&#8217;application des m\u00e9thodes d&#8217;analyse d&#8217;\u00e9quilibre limite. Les glissements de terrain dans les argiles sensibles repr\u00e9sentent un ph\u00e9nom\u00e8ne complexe en raison de leur comportement de ramollissement sous contrainte et posent des risques importants pour les infrastructures et la s\u00e9curit\u00e9 humaine. Malgr\u00e9 des d\u00e9cennies de recherches, pr\u00e9dire avec pr\u00e9cision le comportement de rupture et de post-rupture des pentes d&#8217;argiles sensibles reste un d\u00e9fi. Les m\u00e9thodes d&#8217;\u00e9quilibre limite (LEMs) sont des outils largement utilis\u00e9s et polyvalents pour l&#8217;analyse de la stabilit\u00e9. Cependant, leur forme actuelle est limit\u00e9e \u00e0 la pr\u00e9diction des ruptures initiales et ne peut pas prendre en compte le comportement post-rupture dans les argiles sensibles. Sa recherche se concentrera sur la formulation de cadres appropri\u00e9s adapt\u00e9s \u00e0 des applications g\u00e9n\u00e9ralis\u00e9es pour pr\u00e9dire les types de rupture et \u00e9valuer la distance de r\u00e9trogression et la longueur de propagation \u00e0 l&#8217;aide les m\u00e9thodes d&#8217;\u00e9quilibre limite.<\/h6>\n<\/td>\n<\/tr>\n<\/tbody>\n<\/table>\n","protected":false},"excerpt":{"rendered":"<p>Asaduzzaman Asaduzzaman Development of a limit equilibrium software for the prediction of landslide hazards in eastern Canadian sensitive clay Direction : Dr. Ali Saeidi Co-direction : Dr. Sina Javankhoshdel; (Adjunct Professor, York University) (Geomechanics Product Manager, Rocscience Inc.) R\u00f4le : Doctorant Informations de contact: aasaduzzam@etu.uqac.ca Informations de la recherche : Asaduzzaman a obtenu mon B.Sc. &hellip; <a href=\"https:\/\/recherche.uqac.ca\/r2eau\/asaduzzaman-asaduzzaman\/\" class=\"more-link\">Continue reading <span class=\"screen-reader-text\">Asaduzzaman Asaduzzaman<\/span> <span class=\"meta-nav\">&rarr;<\/span><\/a><\/p>\n","protected":false},"author":39,"featured_media":0,"parent":0,"menu_order":0,"comment_status":"closed","ping_status":"closed","template":"","meta":{"footnotes":""},"_links":{"self":[{"href":"https:\/\/recherche.uqac.ca\/r2eau\/wp-json\/wp\/v2\/pages\/389"}],"collection":[{"href":"https:\/\/recherche.uqac.ca\/r2eau\/wp-json\/wp\/v2\/pages"}],"about":[{"href":"https:\/\/recherche.uqac.ca\/r2eau\/wp-json\/wp\/v2\/types\/page"}],"author":[{"embeddable":true,"href":"https:\/\/recherche.uqac.ca\/r2eau\/wp-json\/wp\/v2\/users\/39"}],"replies":[{"embeddable":true,"href":"https:\/\/recherche.uqac.ca\/r2eau\/wp-json\/wp\/v2\/comments?post=389"}],"version-history":[{"count":2,"href":"https:\/\/recherche.uqac.ca\/r2eau\/wp-json\/wp\/v2\/pages\/389\/revisions"}],"predecessor-version":[{"id":393,"href":"https:\/\/recherche.uqac.ca\/r2eau\/wp-json\/wp\/v2\/pages\/389\/revisions\/393"}],"wp:attachment":[{"href":"https:\/\/recherche.uqac.ca\/r2eau\/wp-json\/wp\/v2\/media?parent=389"}],"curies":[{"name":"wp","href":"https:\/\/api.w.org\/{rel}","templated":true}]}}