{"id":399,"date":"2025-02-28T20:44:12","date_gmt":"2025-02-28T19:44:12","guid":{"rendered":"https:\/\/recherche.uqac.ca\/r2eau\/?page_id=399"},"modified":"2025-02-28T20:44:12","modified_gmt":"2025-02-28T19:44:12","slug":"pierre-cousineau","status":"publish","type":"page","link":"https:\/\/recherche.uqac.ca\/r2eau\/pierre-cousineau\/","title":{"rendered":"Pierre Cousineau"},"content":{"rendered":"<table style=\"width: 1109px;height: 215px\">\n<tbody>\n<tr>\n<td>\n<h1 style=\"color: #24890d;font-family: verdana;text-align: center\">Pierre Cousineau<\/h1>\n<p style=\"text-align: center\"><a href=\"https:\/\/recherche.uqac.ca\/r2eau\/wp-content\/uploads\/sites\/11\/2025\/02\/Pierre-Cousineau.jpg\"><img loading=\"lazy\" decoding=\"async\" class=\"alignnone size-large wp-image-400\" src=\"https:\/\/recherche.uqac.ca\/r2eau\/wp-content\/uploads\/sites\/11\/2025\/02\/Pierre-Cousineau-810x1024.jpg\" alt=\"\" width=\"474\" height=\"599\" srcset=\"https:\/\/recherche.uqac.ca\/r2eau\/wp-content\/uploads\/sites\/11\/2025\/02\/Pierre-Cousineau-810x1024.jpg 810w, https:\/\/recherche.uqac.ca\/r2eau\/wp-content\/uploads\/sites\/11\/2025\/02\/Pierre-Cousineau-237x300.jpg 237w, https:\/\/recherche.uqac.ca\/r2eau\/wp-content\/uploads\/sites\/11\/2025\/02\/Pierre-Cousineau-768x971.jpg 768w, https:\/\/recherche.uqac.ca\/r2eau\/wp-content\/uploads\/sites\/11\/2025\/02\/Pierre-Cousineau-1214x1536.jpg 1214w, https:\/\/recherche.uqac.ca\/r2eau\/wp-content\/uploads\/sites\/11\/2025\/02\/Pierre-Cousineau-1619x2048.jpg 1619w, https:\/\/recherche.uqac.ca\/r2eau\/wp-content\/uploads\/sites\/11\/2025\/02\/Pierre-Cousineau.jpg 1726w\" sizes=\"(max-width: 474px) 100vw, 474px\" \/><\/a><\/p>\n<h5 style=\"text-align: center\">Professeur \u00e9m\u00e9rite &#8211; retrait\u00e9, Universit\u00e9 du Qu\u00e9bec \u00e0 Chicoutimi<\/h5>\n<h5 style=\"text-align: left\"><span style=\"color: #008000\">Sujets de recherche int\u00e9ress\u00e9s : S\u00e9dimentologie, G\u00e9ologie du Quaternaire<\/span><\/h5>\n<h5><span style=\"color: #008000\">Informations de contact: <\/span><span style=\"color: #0000ff\"><a style=\"color: #0000ff\" href=\"pcousine@uqac.ca\" target=\"_blank\" rel=\"noopener\">pcousine@uqac.ca<\/a><\/span><\/h5>\n<h6 style=\"text-align: justify\"><span style=\"color: #008000\"><strong>Biographie :<\/strong><\/span><\/h6>\n<h6 style=\"text-align: justify\">Professeur \u2013 chercheur au D\u00e9partement des sciences appliqu\u00e9es et au Centre d\u2019\u00e9tudes sur les ressources min\u00e9rales de l\u2019UQAC de 1986 \u00e0 2018. Directeur de programmes d\u2019enseignement de premier, deuxi\u00e8me et troisi\u00e8me cycle de m\u00eame que directeur du d\u00e9partement des DSA \u00e0 diverses reprises. Professeur associ\u00e9 au DSA depuis 2018. Il a donn\u00e9 des cours dans les programmes de premier, deuxi\u00e8me et troisi\u00e8me cycle en Sciences de la Terre, dont S\u00e9dimentologie, Volcanologie, Stratigraphie \/ \u00c9volution des syst\u00e8mes terrestres, g\u00e9omorphologie et g\u00e9ologie appliqu\u00e9es, g\u00e9ologie dynamique. Les projets de recherche ont \u00e9t\u00e9 ax\u00e9s surtout sur la s\u00e9dimentologie et la g\u00e9ochimie des volcanoclastites et des silicoclastites (arch\u00e9ennes, appalachiennes et quaternaires) de m\u00eame que sur l\u2019analyse structurale de la r\u00e9gion des Appalaches du Qu\u00e9bec. Les projets plus r\u00e9cents ont \u00e9t\u00e9 fait en collaboration avec des chercheurs en hydrog\u00e9ologie et en g\u00e9ologie du Quaternaire.<\/h6>\n<\/td>\n<\/tr>\n<\/tbody>\n<\/table>\n","protected":false},"excerpt":{"rendered":"<p>Pierre Cousineau Professeur \u00e9m\u00e9rite &#8211; retrait\u00e9, Universit\u00e9 du Qu\u00e9bec \u00e0 Chicoutimi Sujets de recherche int\u00e9ress\u00e9s : S\u00e9dimentologie, G\u00e9ologie du Quaternaire Informations de contact: pcousine@uqac.ca Biographie : Professeur \u2013 chercheur au D\u00e9partement des sciences appliqu\u00e9es et au Centre d\u2019\u00e9tudes sur les ressources min\u00e9rales de l\u2019UQAC de 1986 \u00e0 2018. Directeur de programmes d\u2019enseignement de premier, deuxi\u00e8me &hellip; <a href=\"https:\/\/recherche.uqac.ca\/r2eau\/pierre-cousineau\/\" class=\"more-link\">Continue reading <span class=\"screen-reader-text\">Pierre Cousineau<\/span> <span class=\"meta-nav\">&rarr;<\/span><\/a><\/p>\n","protected":false},"author":39,"featured_media":0,"parent":0,"menu_order":0,"comment_status":"closed","ping_status":"closed","template":"","meta":{"footnotes":""},"_links":{"self":[{"href":"https:\/\/recherche.uqac.ca\/r2eau\/wp-json\/wp\/v2\/pages\/399"}],"collection":[{"href":"https:\/\/recherche.uqac.ca\/r2eau\/wp-json\/wp\/v2\/pages"}],"about":[{"href":"https:\/\/recherche.uqac.ca\/r2eau\/wp-json\/wp\/v2\/types\/page"}],"author":[{"embeddable":true,"href":"https:\/\/recherche.uqac.ca\/r2eau\/wp-json\/wp\/v2\/users\/39"}],"replies":[{"embeddable":true,"href":"https:\/\/recherche.uqac.ca\/r2eau\/wp-json\/wp\/v2\/comments?post=399"}],"version-history":[{"count":1,"href":"https:\/\/recherche.uqac.ca\/r2eau\/wp-json\/wp\/v2\/pages\/399\/revisions"}],"predecessor-version":[{"id":401,"href":"https:\/\/recherche.uqac.ca\/r2eau\/wp-json\/wp\/v2\/pages\/399\/revisions\/401"}],"wp:attachment":[{"href":"https:\/\/recherche.uqac.ca\/r2eau\/wp-json\/wp\/v2\/media?parent=399"}],"curies":[{"name":"wp","href":"https:\/\/api.w.org\/{rel}","templated":true}]}}